{"id":1665,"date":"2015-12-23T18:46:48","date_gmt":"2015-12-23T17:46:48","guid":{"rendered":"https:\/\/tyvijiqi.cyon.site\/?page_id=1665"},"modified":"2025-03-10T17:17:21","modified_gmt":"2025-03-10T16:17:21","slug":"1-kapitel-2","status":"publish","type":"page","link":"https:\/\/www.anikodrozdy.ch\/index.php\/joshua\/1-kapitel-2\/","title":{"rendered":"1.Kapitel &#8211; R\u00f6mer, Israeliten, Essener"},"content":{"rendered":"<h3><em><span style=\"color: #000080;\">Aus dem Buch: Joshua Immanuel der Christus: Sein Leben auf Erden und seine Lehre.\u00a0<\/span><span style=\"color: #000080;\">Dr. Stylianos Atteshlis \u2013\u00a0<\/span><span style=\"color: #000080;\">Herausgeber: The Stoa Series P.O.Box 8347, 2020 Nicosia &#8211; ISBN 9963-8162-3-1<\/span><\/em><\/h3>\n<h3><span style=\"color: #000080;\"><a href=\"https:\/\/www.anikodrozdy.ch\/wp-content\/uploads\/2018\/09\/images.jpg\"><img loading=\"lazy\" class=\"wp-image-19352 alignleft\" src=\"https:\/\/www.anikodrozdy.ch\/wp-content\/uploads\/2018\/09\/images.jpg\" alt=\"\" width=\"67\" height=\"89\" \/><\/a><\/span><\/h3>\n<h3 style=\"text-align: center;\"><span style=\"color: #000080;\">Dr. Stylianos Atteshlis ist bekannt unter den Namen Daskalos. Auf dieser Website: Des Mystikers Sicht.<\/span><\/h3>\n<h3 style=\"text-align: center;\"><strong><span style=\"color: #000080;\">Die R\u00f6mer, die Israeliten, die Essener, die Griechen, die Beduinen.<\/span><\/strong><\/h3>\n<p><span style=\"color: #000080;\"><em>Wohl hab\u2019 ich selber gesagt, dass ihr G\u00f6tter seid und S\u00f6hne des H\u00f6chsten allesamt\u2026\u00a0<\/em><\/span><span style=\"color: #000080;\">(<em>Psalm 82:6)<\/em><\/span><\/p>\n<p><span style=\"color: #000080;\"><strong>Die R\u00f6mer<\/strong><\/span><\/p>\n<p><span style=\"color: #000080;\">1. Die R\u00f6mer waren die Eroberer, die Pal\u00e4stina eingenommen hatten und besetzt hielten. Pal\u00e4stina und fast alle L\u00e4nder im Mittleren Osten waren unter r\u00f6mischer Herrschaft. Die R\u00f6mer waren Heiden; sie verehrten die griechischen G\u00f6tter des Olymps, gaben ihnen jedoch lateinische Namen. Sie sprachen lateinisch und griechisch.<\/span><\/p>\n<p><span style=\"color: #000080;\">2. Unter den vor zweitausend Jahren in Pal\u00e4stina lebenden R\u00f6mer waren: der Statthalter und seine Familie; Offiziere und Angestellte der r\u00f6mischen Regierung und ihre Familien; Soldaten, Lanzentr\u00e4ger, Bogensch\u00fctzen, Schwerttr\u00e4ger und ihre Familien; r\u00f6mische Kaufleute sowie eine Anzahl von R\u00f6mern, die sich aus verschiedenen Gr\u00fcnden in Pal\u00e4stina niedergelassen hatten.<\/span><\/p>\n<p><span style=\"color: #000080;\">3. C\u00e4sar anerkannte den israelitischen K\u00f6nig, der allerdings seiner Befehlsmacht und Oberherrschaft unterstellt war, sowie den israelitischen Sanhedrin, die h\u00f6chste israelitische religi\u00f6se Beh\u00f6rde. Der h\u00f6chstrangige Hohepriester hielt den Vorsitz und bestimmte die Mitglieder des ausf\u00fchrenden Organs des Sanhedrin, das aus Pharis\u00e4ern, Schriftgelehrten und andern prominenten Pers\u00f6nlichkeiten zusammengestellt war.<\/span><\/p>\n<p><span style=\"color: #000080;\">4. Obwohl die R\u00f6mer das Mosaische Gesetz barbarisch, grauenvoll und unmenschlich fanden, erm\u00e4chtigten sie den Sanhedrin, dieses Gesetz auf nichtr\u00f6mische B\u00fcrger, sowohl Israeliten als auch Essener, anzuwenden. Viele Israeliten und Essener wurden durch den Sanhedrin grausam hingerichtet, Brutale Steinigungen und Kreuzigungen waren keine Ausnahmen.<\/span><\/p>\n<p><span style=\"color: #000080;\">5. Im Auftrage C\u00e4sars bot der r\u00f6mische Statthalter mit listiger Absicht den Israeliten und den Essenern das r\u00f6mische B\u00fcrgerrecht an. Als r\u00f6mische B\u00fcrger w\u00e4ren sie der Herrschaft des irrsinnigen K\u00f6nigs der Israeliten, Herodes, und des Sanhedrin nicht mehr unterstellt gewesen. Einige wohlhabende Israeliten nahmen dieses Angebot an.<\/span><\/p>\n<p><span style=\"color: #000080;\"><strong>Die Israeliten<\/strong><\/span><\/p>\n<p><span style=\"color: #000080;\">6. Die Israeliten waren Mehrheit der Bev\u00f6lkerung. Sie waren verschiedene Volksgruppen, wie Jud\u00e4er, Galil\u00e4er, Samaritaner und andere. Sehr oft waren sie sich feindlich gesinnt. Die Israeliten sprachen hebr\u00e4isch und aram\u00e4isch und einige griechisch. Sie glaubten an den Gott des Moses, den Einen Gott der Himmel und der Erde. Ihr Gott aber war grausam und eifers\u00fcchtig, ein Gott, der die Missetat der V\u00e4ter heimsucht bis ins dritte und vierte Glied.<\/span><\/p>\n<p><span style=\"color: #000080;\">7. Ihr Gott war ein Gott der Rache mit vielen menschlichen Schw\u00e4chen. Die Israeliten harrten schon lange auf den Messias \u2013 den Sohn Gottes \u2013 den Erl\u00f6ser der Welt und den Befreier Pal\u00e4stinas.<\/span><\/p>\n<p><span style=\"color: #000080;\"><strong>Die Essener<\/strong><\/span><\/p>\n<p><span style=\"color: #000080;\">8. Die Essener in Pal\u00e4stina waren Griechisch-Israeliten und wurden manchmal Nazarener genannt. Ihre Muttersprachen waren Griechisch und Aram\u00e4isch. Wie ihre israelitischen Br\u00fcder erwarteten auch die Essener das Kommen des Messias. Sie glaubten aber, dass er in Pal\u00e4stina in eine Essener Gemeinschaft geboren w\u00fcrde.<\/span><\/p>\n<p><span style=\"color: #000080;\">9. Sie waren ein friedliebendes Volk. Sie glaubten an den Einen Gott, Geist, Gott der Himmel und der Erde, Gott des immer w\u00e4hrenden Lebens und der Liebe, an den allgegenw\u00e4rtigen, allwissenden und allm\u00e4chtigen Gott. Im Geist und in den Herzen der Essener lebte dieser Gott, Geist, Vater aller Menschen, Gott der Liebe und der Barmherzigkeit, den sie ATON-AI nannten. Zwei Jahrhunderte nach dem Auszug der \u00e4gyptisch-israelitischen Sklaven unter der F\u00fchrung von Moses aus \u00c4gypten, hat der Pharao Amenophis IV. als Ankh-en-Aton den Kult der falschen G\u00f6tter verurteilt und die Verehrung des Einen Gottes, Geist, in \u00c4gypten eingef\u00fchrt. Dieser Gott war der gleiche Gott, den die Essener anbeteten.*<\/span><\/p>\n<p><span style=\"color: #000080;\">10. Die gr\u00f6\u00dften Essener Gemeinden waren in \u00c4gypten, haupts\u00e4chlich in Annu (Heliopolis) und in Iskenderia (Alexandrien). Es gab noch weitere Gemeinden im Mittleren Osten, in Pal\u00e4stina, in Syrien und in Zypern. Die meisten Essener in Pal\u00e4stina weigerten sich, das B\u00fcrgerrecht der heidnischen R\u00f6mer anzunehmen und sich dadurch ganz von den Israeliten zu trennen. Somit blieben sie unter dem entsetzlichen Joch des Herodes und des Sanhedrin.<\/span><\/p>\n<p><span style=\"color: #000080;\">11. Der Sanhedrin betrachtete die Essener als H\u00e4retiker, war jedoch vorsichtig; er hat es nie offen ausgesprochen, da die meisten Schriftgelehrten und einige Pharis\u00e4er mit Essenern verwandt waren. Anderseits lie\u00df der Sanhedrin aber keine Gelegenheit ungenutzt, um die Essener der Verletzung des Mosaischen Gesetzes zu bezichtigen.<\/span><\/p>\n<p><span style=\"color: #000080;\"><strong>Die Griechen<\/strong><\/span><\/p>\n<p><span style=\"color: #000080;\">12. Die Griechen Pal\u00e4stinas waren r\u00f6mische B\u00fcrger, heidnische Verehrer der G\u00f6tter und G\u00f6ttinnen des Olymps. Sie waren Gelehrte, K\u00fcnstler, Lehrer, Philosophen, Schriftsteller und Kaufleute. Sie sprachen griechisch und lateinisch; nur wenige sprachen aram\u00e4isch.<\/span><\/p>\n<p><span style=\"color: #000080;\"><strong>Die Beduinen<\/strong><\/span><\/p>\n<p><span style=\"color: #000080;\">13. Die Beduinen Pal\u00e4stinas waren Nomaden arabischer Abstammung. Die meisten verehrten den Einen Gott der Himmel und der Erde, den Gott ihres Vaters Ibrahim (Abraham), den sie \u201eAllah\u201c nannten. Einige beteten auch das Feuer und die Sterne an. Die Beduinen waren gr\u00f6\u00dftenteils Pferdez\u00fcchter. Ihre Sprachen waren Arabisch und Aram\u00e4isch. Einige wenige reiche Beduinen sprachen auch flie\u00dfend griechisch und lateinisch.<\/span><br \/>\n<span style=\"color: #000080;\"> *) Waren die Essener demzufolge Nachkommen der \u00e4gyptisch-israelitischen Sklaven, die in \u00c4gypten geblieben waren und den Einen Gott, Geist, ATON anbeteten, den Ankh-en-Aton eingef\u00fchrt hat? <\/span><br \/>\n<span style=\"color: #000080;\"> Kann das nur ein Zufall sein?<\/span><\/p>\n<p><span style=\"color: #008000;\"><a style=\"color: #008000;\" href=\"https:\/\/www.anikodrozdy.ch\/index.php\/joshua-kapitel\/2-kapitel\/\">2. Kapitel &#8211; Die Essener Familie<\/a><\/span><\/p>\n","protected":false},"excerpt":{"rendered":"<p>Aus dem Buch: Joshua Immanuel der Christus: Sein Leben auf Erden und seine Lehre.\u00a0Dr. Stylianos Atteshlis \u2013\u00a0Herausgeber: The Stoa Series P.O.Box 8347, 2020 Nicosia &#8211; ISBN 9963-8162-3-1 Dr. Stylianos Atteshlis ist bekannt unter den Namen Daskalos. Auf dieser Website: Des &hellip; <a href=\"https:\/\/www.anikodrozdy.ch\/index.php\/joshua\/1-kapitel-2\/\">Weiterlesen <span class=\"meta-nav\">&rarr;<\/span><\/a><\/p>\n","protected":false},"author":1,"featured_media":0,"parent":8665,"menu_order":3,"comment_status":"closed","ping_status":"closed","template":"onecolumn-page.php","meta":[],"_links":{"self":[{"href":"https:\/\/www.anikodrozdy.ch\/index.php\/wp-json\/wp\/v2\/pages\/1665"}],"collection":[{"href":"https:\/\/www.anikodrozdy.ch\/index.php\/wp-json\/wp\/v2\/pages"}],"about":[{"href":"https:\/\/www.anikodrozdy.ch\/index.php\/wp-json\/wp\/v2\/types\/page"}],"author":[{"embeddable":true,"href":"https:\/\/www.anikodrozdy.ch\/index.php\/wp-json\/wp\/v2\/users\/1"}],"replies":[{"embeddable":true,"href":"https:\/\/www.anikodrozdy.ch\/index.php\/wp-json\/wp\/v2\/comments?post=1665"}],"version-history":[{"count":29,"href":"https:\/\/www.anikodrozdy.ch\/index.php\/wp-json\/wp\/v2\/pages\/1665\/revisions"}],"predecessor-version":[{"id":32996,"href":"https:\/\/www.anikodrozdy.ch\/index.php\/wp-json\/wp\/v2\/pages\/1665\/revisions\/32996"}],"up":[{"embeddable":true,"href":"https:\/\/www.anikodrozdy.ch\/index.php\/wp-json\/wp\/v2\/pages\/8665"}],"wp:attachment":[{"href":"https:\/\/www.anikodrozdy.ch\/index.php\/wp-json\/wp\/v2\/media?parent=1665"}],"curies":[{"name":"wp","href":"https:\/\/api.w.org\/{rel}","templated":true}]}}