{"id":1689,"date":"2015-12-23T21:12:53","date_gmt":"2015-12-23T20:12:53","guid":{"rendered":"https:\/\/tyvijiqi.cyon.site\/?page_id=1689"},"modified":"2025-03-10T17:16:04","modified_gmt":"2025-03-10T16:16:04","slug":"vorwort-die-natur-der-wahrheit-2","status":"publish","type":"page","link":"https:\/\/www.anikodrozdy.ch\/index.php\/joshua\/vorwort-die-natur-der-wahrheit-2\/","title":{"rendered":".. Vorwort"},"content":{"rendered":"<p><em>\u00a0<span style=\"color: #000080;\">Aus dem Buch: Joshua Immanuel der Christus: Sein Leben auf Erden und seine Lehre<\/span><\/em><br \/>\n<em> <span style=\"color: #000080;\"> Dr. Stylianos Atteshlis \u2013 bekannt als Daskalos<\/span><\/em><br \/>\n<em> <span style=\"color: #000080;\"> Herausgeber: The Stoa Series P.O.Box 8347, 2020 Nicosia \u2013 ISBN 9963-8162-3-1<\/span><\/em><\/p>\n<h3><span style=\"color: #000080;\"><a href=\"https:\/\/www.anikodrozdy.ch\/wp-content\/uploads\/2018\/09\/images.jpg\"><img loading=\"lazy\" class=\"wp-image-19352 alignleft\" src=\"https:\/\/www.anikodrozdy.ch\/wp-content\/uploads\/2018\/09\/images.jpg\" alt=\"\" width=\"76\" height=\"100\" \/><\/a><\/span><\/h3>\n<p><em><span style=\"color: #000080;\">Dr. Stylianos Atteshlis ist bekannt unter den Namen Daskalos. Auf dieser Website: Des Mystikers Sicht.<\/span><\/em><\/p>\n<h2><span style=\"color: #000080;\"><strong>Die Natur der Wahrheit<\/strong><\/span><\/h2>\n<p><span style=\"color: #000080;\">Ich bin der Weg, die Wahrheit und das Leben. (Johannes 14:6)<\/span><\/p>\n<p><span style=\"color: #000080;\">1. W\u00e4hrend der vergangenen zweitausend Jahre sind m\u00fcndlich und schriftlich viele Geschichten \u00fcber den Gott-Menschen Joshua Immanuel den Christus erz\u00e4hlt worden. sie beschreiben sein Leben, seine Absichten und seine Lehre. Die meisten dieser Geschichten sind durch das menschliche Verst\u00e4ndnis gef\u00e4rbt.<\/span><\/p>\n<p><span style=\"color: #000080;\">2. Schriftsteller, die \u00fcber das Leben und die Lehre einer Person zu schreiben versuchen, stellen die Wahrheit oft falsch dar. Manchmal sind die Verzerrungen unabsichtlich, doch oft sind sie wohl \u00fcberlegt. Was auch immer die Gr\u00fcnde f\u00fcr die Verzerrung der wirklichen Begebenheiten und des wahren Charakters einer Person sind, allzu oft wird dem Leser eine Ungeheuerlichkeit zugemutet, die den voreingenommenen Gef\u00fchlen des Autors und seiner ungez\u00fcgelten Einbildung entspricht. Oft vertraut der Autor auf blo\u00dfes H\u00f6rensagen und auf Ger\u00fcchte und vermittelt dem Leser falsche Eindr\u00fccke. Viele Informationsquellen sind unzuverl\u00e4ssig, so dass ein Phantasiebild als Tatsache dargestellt wird.<\/span><\/p>\n<p><span style=\"color: #000080;\">3. Es mag den Eindruck entstehen, ein Autor k\u00f6nne die Wahrheit verdrehen; die wirkliche Wahrheit kann jedoch nie verzerrt werden, denn die wirkliche Wahrheit bleibt unversehrt im universalen Geist-Mind: im kosmischen Bewusstsein oder kosmischen Ged\u00e4chtnis unseres Planeten.<\/span><\/p>\n<p><span style=\"color: #000080;\">4. Es gibt nur zwei vertrauensw\u00fcrdige Informationsquellen \u00fcber den Gott-Menschen Joshua Immanuel den Christus.<\/span><\/p>\n<p><span style=\"color: #000080;\">5. Die eine ist das Evangelium nach Matth\u00e4us, Markus, Lukas und Johannes. Die andere ist das kosmische Bewusstsein unseres Planeten.<\/span><\/p>\n<p><span style=\"color: #000080;\">6. Das Evangelium nach Johannes und das Evangelium nach Lukas wurden auf Altgriechisch geschrieben, w\u00e4hrend das Evangelium nach Matth\u00e4us und das Evangelium nach Markus teilweise auf Altgriechisch und teilweise auf Aram\u00e4isch geschrieben wurden. Das Evangelium nach Johannes, der ein Vetter des Gott-Menschen Joshua Immanuel des Christus war, enth\u00e4lt die volle Wahrheit \u00fcber den Gott-Menschen.<\/span><\/p>\n<p><span style=\"color: #000080;\">7. Was sich auch immer auf dem Planeten ereignet hat, im Leben eines Wurmes, einer Pflanze oder eines anderen Ph\u00e4nomens des Lebens \u2013 wie unbedeutend es auch sein mag -, ist \u00e4u\u00dferst genau und permanent im kosmischen Bewusstsein des Geist-Mind aufgezeichnet, wo es jederzeit erreichbar ist.<\/span><\/p>\n<p><span style=\"color: #000080;\">8. Wenn wir unser Selbst-Bewusstsein auf die h\u00f6heren Ebenen des kosmischen Bewusstseins unseres Planeten erheben, sei es durch \u201eEinstimmen\u201c unseres Selbst auf die Zeit und den Raum, wo jemand gelebt hat, oder durch \u201eEins Werden\u201c mit dem Gegenstand unserer Forschung (eine noch h\u00f6here Ebene des Selbst Bewusstseins), k\u00f6nnen wir im ewigen Jetzt dem lebenden Elemental einer historischen Person begegnen. Nur dann k\u00f6nnen wir die wirklichen Ereignisse sehen und erfahren, das ganze Leben einer Person, die wir kennen lernen m\u00f6chten.<\/span><\/p>\n<p><span style=\"color: #000080;\">9. In den h\u00f6heren Ebenen des kosmischen Bewusstseins, in den f\u00fcnf- und sechsdimensionalen Welten, wo alle Welten, wo alle der anderen Dimensionen ebenfalls zu finden sind, k\u00f6nnen wir alles erfahren, was in der dreidimensionalen, grobstofflichen Welt geschehen ist. Was sich in der Vergangenheit ereignet hat, kann dreidimensional wiedererlebt werden.<\/span><\/p>\n<p><span style=\"color: #008000;\"><a style=\"color: #008000;\" href=\"https:\/\/www.anikodrozdy.ch\/index.php\/joshua-kapitel\/1-kapitel-2\/\">1. Kapitel &#8211; R\u00f6mer, Israeliten, Essener<\/a><\/span><\/p>\n","protected":false},"excerpt":{"rendered":"<p>\u00a0Aus dem Buch: Joshua Immanuel der Christus: Sein Leben auf Erden und seine Lehre Dr. Stylianos Atteshlis \u2013 bekannt als Daskalos Herausgeber: The Stoa Series P.O.Box 8347, 2020 Nicosia \u2013 ISBN 9963-8162-3-1 Dr. Stylianos Atteshlis ist bekannt unter den Namen &hellip; <a href=\"https:\/\/www.anikodrozdy.ch\/index.php\/joshua\/vorwort-die-natur-der-wahrheit-2\/\">Weiterlesen <span class=\"meta-nav\">&rarr;<\/span><\/a><\/p>\n","protected":false},"author":1,"featured_media":0,"parent":8665,"menu_order":1,"comment_status":"closed","ping_status":"closed","template":"onecolumn-page.php","meta":[],"_links":{"self":[{"href":"https:\/\/www.anikodrozdy.ch\/index.php\/wp-json\/wp\/v2\/pages\/1689"}],"collection":[{"href":"https:\/\/www.anikodrozdy.ch\/index.php\/wp-json\/wp\/v2\/pages"}],"about":[{"href":"https:\/\/www.anikodrozdy.ch\/index.php\/wp-json\/wp\/v2\/types\/page"}],"author":[{"embeddable":true,"href":"https:\/\/www.anikodrozdy.ch\/index.php\/wp-json\/wp\/v2\/users\/1"}],"replies":[{"embeddable":true,"href":"https:\/\/www.anikodrozdy.ch\/index.php\/wp-json\/wp\/v2\/comments?post=1689"}],"version-history":[{"count":37,"href":"https:\/\/www.anikodrozdy.ch\/index.php\/wp-json\/wp\/v2\/pages\/1689\/revisions"}],"predecessor-version":[{"id":32997,"href":"https:\/\/www.anikodrozdy.ch\/index.php\/wp-json\/wp\/v2\/pages\/1689\/revisions\/32997"}],"up":[{"embeddable":true,"href":"https:\/\/www.anikodrozdy.ch\/index.php\/wp-json\/wp\/v2\/pages\/8665"}],"wp:attachment":[{"href":"https:\/\/www.anikodrozdy.ch\/index.php\/wp-json\/wp\/v2\/media?parent=1689"}],"curies":[{"name":"wp","href":"https:\/\/api.w.org\/{rel}","templated":true}]}}