{"id":1698,"date":"2015-12-23T21:42:33","date_gmt":"2015-12-23T20:42:33","guid":{"rendered":"https:\/\/tyvijiqi.cyon.site\/?page_id=1698"},"modified":"2025-03-10T17:17:46","modified_gmt":"2025-03-10T16:17:46","slug":"2-kapitel","status":"publish","type":"page","link":"https:\/\/www.anikodrozdy.ch\/index.php\/joshua\/2-kapitel\/","title":{"rendered":"2. Kapitel &#8211; Die Essener Familie"},"content":{"rendered":"<p><span style=\"color: #000080;\">Aus dem Buch: Joshua Immanuel der Christus: Sein Leben auf Erden und seine Lehre<\/span><br \/>\n<span style=\"color: #000080;\"> Dr. Stylianos Atteshlis \u2013 bekannt als Daskalos<\/span><br \/>\n<span style=\"color: #000080;\"> Herausgeber: The Stoa Series P.O.Box 8347, 2020 Nicosia &#8211; ISBN 9963-8162-3-1<\/span><\/p>\n<h2><\/h2>\n<h3><span style=\"color: #000080;\">Des Mystikers Sicht:\u00a0 <\/span><strong><span style=\"color: #000080;\">Die Essener Familie des Gott-Menschen Joshua Immanuel<\/span><\/strong><\/h3>\n<p><span style=\"color: #000080;\">Die heilige Familie, geehrt durch die Inkarnation und das Menschwerden des Logos-Gottes als Gott-Mensch Joshua. Geburt von Elisabeth. Unbefleckte Empf\u00e4ngnis Marias. Tempelweihe Marias als wei\u00dfe Taube der Der Himmel.<\/span><\/p>\n<p><span style=\"color: #000080;\">1. Yioakhim (Joachim), der rangh\u00f6chste Hohepriester der Essener, lebte mit seiner Frau Hannah vor zweitausend Jahren in einem kleinen Haus neben dem Essener Tempel in einer Gemeinde, die ausschlie\u00dflich von Essenern bewohnt war, ganz in der N\u00e4he von Yerushalayim (Jerusalem).<\/span><\/p>\n<p><span style=\"color: #000080;\">2. Hannah war die Schwester des Hohepriesters Shamaon (Simeon), eines gebildeten Schriftgelehrten, der nach Yioakhim der rangh\u00f6chste Hohepriester war. Er lebte im Tempelquartier, denn er hatte sich ganz Gott geweiht, und die Essener betrachteten ihn als einen Propheten.<\/span><\/p>\n<p><span style=\"color: #000080;\">3. Hannah und Yioakhim nannten ihre erste Tochter Elisabeth. Elisabeth heiratete Zakharias, einen Essener Priester. Trotz ihrer Unfruchtbarkeit gebar sie durch unbefleckte Empf\u00e4ngnis Yiohannan (Johannes) den T\u00e4ufer.<\/span><\/p>\n<p><span style=\"color: #000080;\">4. <em>Es lebte zur Zeit des j\u00fcdischen K\u00f6nigs Herodes ein Priester namens Zakharias aus der Priesterabteilung Abia; der hatte eine Frau aus der Zahl der T\u00f6chter Aarons, die Elisabeth hie\u00df. Sie waren beide gerecht vor Gott und wandelten in allen Geboten und Satzungen des Herrn ohne Tadel. Sie hatten jedoch kein Kind, weil der Elisabeth Mutterfreuden versagt waren, und beide standen schon im vorger\u00fcckten Alter. Da begab es sich einst, als er nach der Ordnung seiner Abteilung den Priesterdienst vor Gott zu verrichten hatte, dass er nach dem Brauch der Priesterschaft durch das Los dazu bestimmt wurde, in den Tempel des Herrn zu gehen und dort das Rauchopfer<\/em><\/span><br \/>\n<em><span style=\"color: #000080;\">darzubringen; w\u00e4hrend die ganze Volksmenge drau\u00dfen zur Stunde des Rauchopfers dem Gebet oblag.<\/span><\/em><\/p>\n<p><em><span style=\"color: #000080;\">5. Da erschien ihm ein Engel des Herrn, der stand auf der rechten Seite des Rauchopferaltars. Bei seinem Anblick erschrak Zakharias, und die Furcht befiel ihn; der Engel aber sagte zu ihm: \u201eF\u00fcrchte dich nicht, Zakharias, denn dein Gebet hat Erh\u00f6rung gefunden, und deine Frau Elisabeth wird dir Mutter eines Sohnes werden, dem du den Namen Yiohannan geben sollst. Du wirst Freude und Jubel dar\u00fcber empfinden, und viele werden sich \u00fcber seine Geburt freuen, denn er wird gro\u00df vor dem Herrn sein; Wein und berauschende Getr\u00e4nke wird er nicht genie\u00dfen und mit heiligem Geist wird er schon vor der Geburt erf\u00fcllt werden. Viele von den S\u00f6hnen Israels wird er zum Herrn, ihrem Gott, zur\u00fcckf\u00fchren; und er ist es, der vor ihm einhergehen wird im Geist und in der Kraft des Elia, um die Herzen der V\u00e4ter den Kindern wieder zuzuwenden und die Ungehorsamen zur Besinnung der gerechten, um dem Herrn ein wohlbereitetes Volk zu schaffen.\u201c<\/span><\/em><\/p>\n<p><em><span style=\"color: #000080;\">6. Da sagte Zakharias zu dem Engel: \u201eWie soll ich das f\u00fcr m\u00f6glich halten? Ich selbst bin ja ein alter Mann, und meine Frau ist auch schon betagt.\u201c Da antwortete ihm der Engel: \u201eIch bin Gabriel, der von Gottes Angesicht steht und bin gesandt, um zu dir zu reden und dir diese frohe Botschaft zu verk\u00fcnden. Doch nun vernimm: Du wirst stumm sein und nicht reden k\u00f6nnen bis zu dem Tage, an dem diese meine Verhei\u00dfung sich erf\u00fcllt, weil du meinen Worten nicht geglaubt hast, die zu ihrer Zeit in Erf\u00fcllung gehen werden.\u201c<\/span><\/em><\/p>\n<p><span style=\"color: #000080;\"><em>7. Das Volk wartete unterdessen auf Zakharias und wunderte sich dar\u00fcber, dass er solange im Tempel verweilte. Als er endlich heraustrat, konnte er nicht zu ihnen reden; da merkten sie, dass er eine Erscheinung im Tempel gesehen hatte; und er seinerseits suchte sich ihnen durch Kopfnicken verst\u00e4ndlich zu machen, blieb aber stumm. Als dann die Tage seines Priesterdienstes zu Ende waren, kehrte er heim in sein Haus. Nach diesen Tagen aber wurde seine Frau Elisabeth guter Hoffnung; sie hielt sich f\u00fcnf Monate lang in tiefer<\/em> <em>Zur\u00fcckgezogenheit und dachte: \u201eSo hat der Herr an mir getan in der Zeit, die er dazu ersehen hat, meine Schmach bei den Menschen von mir hinweg zunehmen.\u00a0\u00a0\u00a0\u00a0\u00a0 (Lukas 1:5-25)<\/em><\/span><\/p>\n<p><span style=\"color: #000080;\">8. Einige Jahre nach der Geburt von Elisabeth gebar Hannah, Yioakhims Frau, eine zweite Tochter, Myriam Shalome. Myriam Shalome wurde die Frau des Essener Fischers Shabbatai (Zebed\u00e4us) und gebar Yiacoub (Apostel Jakobus).* Myriam Shalome gebar durch unbefleckte Empf\u00e4ngnis Yiohannan (Johannes) den Evangelisten.<\/span><\/p>\n<p><span style=\"color: #000080;\">9. Zwei Jahre nach der Geburt von Myriam Shalome verstarb der Hohepriester Yioakhim in Frieden. Ein Jahr sp\u00e4ter wurde die schon ziemlich betagte Hannah wiederum schwanger \u2013 durch unbefleckte Empf\u00e4ngnis. Verwundert und voller Ehrfurcht offenbarte sie ihre mysteri\u00f6se Schwangerschaft ihrem Bruder, dem Hohepriester Shamaon. Er sagte ihr, er h\u00e4tte dies erwartet, denn der Erzengel Gabriel hatte ihm offenbart, dass Hannah durch unbefleckte Empf\u00e4ngnis schwanger w\u00fcrde und eine Tochter geb\u00e4ren werde. Das Kind soll den Essener Ritualen entsprechend Gott geweiht werden als wei\u00dfe Taube der Himmel. Sie werde im Tempel erzogen und sp\u00e4ter durch unbefleckte Empf\u00e4ngnis den Messias, den Sohn Gottes, geb\u00e4ren. Dabei werde die Jungfrau eine Jungfrau bleiben und die Prophezeiung Jesajas erf\u00fcllen. Gabriel versprach Shamaon, er werde nicht sterben bevor er den Sohn seiner Nichte, den Messias, in seinen Armen gehalten habe und seine Beschneidung den Ritualen der Essener entsprechend vorgenommen habe.<\/span><\/p>\n<p><span style=\"color: #000080;\">10<em>. Darum wird euch der Herr selbst ein Zeichen geben: Siehe eine Jungfrau ist schwanger und wird einen Sohn geb\u00e4ren, dem sie den Namen Immanuel geben wird. (Jesaia 7\/:14)<\/em><\/span><\/p>\n<p><span style=\"color: #000080;\">11. Und so geschah es, dass Hannah durch unbefleckte Empf\u00e4ngnis Maria gebar. Als Maria drei Jahre alt war, bedeckte Hannah den Kopf ihres Kindes mit einem wei\u00dfen Tuch und kleidete sie in Wei\u00df gem\u00e4\u00df den Ritualen der Essener. Sie brachte Maria in den Essener Tempel und \u00fcberlie\u00df sie der treuen F\u00fcrsorge ihres Onkels, des Hohepriesters Shamaon. Als Wei\u00dfe Taube der Himmel war sie Gott geweiht. Es war Marias Aufgabe, im Tempelkomplex zu leben und sich dem Gebet, dem Dienst und der F\u00fcrsorge f\u00fcr Kranke und Alte zu widmen.<\/span><\/p>\n<p><span style=\"color: #000080;\">12. Der sehr betagte Shamaon er\u00f6ffnete den Essener \u00c4ltesten die kommende Geburt des Messias und das Versprechen des Erzengels Gabriel, dass er nicht sterbe, ehe er den Messias in seinen Armen gehalten habe.<\/span><\/p>\n<p><span style=\"color: #000080;\">13. Maria war sechs Jahre alt, als ihre Mutter Hannah in Frieden starb. F\u00fcnfzehn Jahre waren verflossen, seit Elisabeth den Essener Priester Zakharias geheiratet und Myriam Shalome sich mit Shabbatai verm\u00e4hlt hatte.<\/span><\/p>\n<p><span style=\"color: #000080;\">14. Als Maria dreizehn war, wurde sie durch den Onkel eines verwitweten Esseners Tischler namens Yioussouf nach den Essener Ritualen einer Wei\u00dfen Taube einer Wei\u00dfen Heirat anvertraut. Yioussouf hatte vier S\u00f6hne und zwei T\u00f6chter. Drei seiner S\u00f6hne, Yiossaphat, Simon und Judas, waren schon verheiratet. Der j\u00fcngste Sohn Yiacoub, der sechs Jahre j\u00fcnger als Maria war, lebte bei seinem Vater und seinen Schwestern Tamar und Esther.<\/span><\/p>\n<p><span style=\"color: #000080;\">15. Nach den Regeln einer Wei\u00dfen Heirat war es Yioussoufs Aufgabe, Maria zu besch\u00fctzen und sie wie eine Tochter zu behandeln. Sie war dazu bestimmt, eine Gott geweihte Jungfrau zu bleiben. Er bot ihr ein gro\u00dfes, helles Zimmer in seinem Hause an, wo sich die Wei\u00dfe Taube der Himmel ihren Altar und eine Gebetsst\u00e4tte einrichten konnte. Maria sorgte mit Tamar und Esther zusammen f\u00fcr Yioussouf und Yiacoub.<\/span><\/p>\n<p><span style=\"color: #000080;\">*Yiacoub wurde der erste christliche Erzbischof von Yerushalayim und Pal\u00e4stina und war nach Stephanos der zweite christliche M\u00e4rtyrer. Er wurde im Auftrag des Sanhedrins ermordet.<\/span><\/p>\n<p><span style=\"color: #008000;\"><a style=\"color: #008000;\" href=\"https:\/\/www.anikodrozdy.ch\/index.php\/joshua-kapitel\/1844-2\/\">Die drei K\u00f6nige<\/a><\/span><\/p>\n","protected":false},"excerpt":{"rendered":"<p>Aus dem Buch: Joshua Immanuel der Christus: Sein Leben auf Erden und seine Lehre Dr. Stylianos Atteshlis \u2013 bekannt als Daskalos Herausgeber: The Stoa Series P.O.Box 8347, 2020 Nicosia &#8211; ISBN 9963-8162-3-1 Des Mystikers Sicht:\u00a0 Die Essener Familie des Gott-Menschen &hellip; <a href=\"https:\/\/www.anikodrozdy.ch\/index.php\/joshua\/2-kapitel\/\">Weiterlesen <span class=\"meta-nav\">&rarr;<\/span><\/a><\/p>\n","protected":false},"author":1,"featured_media":0,"parent":8665,"menu_order":4,"comment_status":"closed","ping_status":"closed","template":"onecolumn-page.php","meta":[],"_links":{"self":[{"href":"https:\/\/www.anikodrozdy.ch\/index.php\/wp-json\/wp\/v2\/pages\/1698"}],"collection":[{"href":"https:\/\/www.anikodrozdy.ch\/index.php\/wp-json\/wp\/v2\/pages"}],"about":[{"href":"https:\/\/www.anikodrozdy.ch\/index.php\/wp-json\/wp\/v2\/types\/page"}],"author":[{"embeddable":true,"href":"https:\/\/www.anikodrozdy.ch\/index.php\/wp-json\/wp\/v2\/users\/1"}],"replies":[{"embeddable":true,"href":"https:\/\/www.anikodrozdy.ch\/index.php\/wp-json\/wp\/v2\/comments?post=1698"}],"version-history":[{"count":29,"href":"https:\/\/www.anikodrozdy.ch\/index.php\/wp-json\/wp\/v2\/pages\/1698\/revisions"}],"predecessor-version":[{"id":18935,"href":"https:\/\/www.anikodrozdy.ch\/index.php\/wp-json\/wp\/v2\/pages\/1698\/revisions\/18935"}],"up":[{"embeddable":true,"href":"https:\/\/www.anikodrozdy.ch\/index.php\/wp-json\/wp\/v2\/pages\/8665"}],"wp:attachment":[{"href":"https:\/\/www.anikodrozdy.ch\/index.php\/wp-json\/wp\/v2\/media?parent=1698"}],"curies":[{"name":"wp","href":"https:\/\/api.w.org\/{rel}","templated":true}]}}