{"id":1844,"date":"2015-12-26T08:15:32","date_gmt":"2015-12-26T07:15:32","guid":{"rendered":"https:\/\/tyvijiqi.cyon.site\/?page_id=1844"},"modified":"2025-03-10T17:28:09","modified_gmt":"2025-03-10T16:28:09","slug":"1844-2","status":"publish","type":"page","link":"https:\/\/www.anikodrozdy.ch\/index.php\/joshua\/1844-2\/","title":{"rendered":"Die drei K\u00f6nige"},"content":{"rendered":"<h2><\/h2>\n<h2><\/h2>\n<h3><span style=\"color: #000080;\">Des Mystikers Sicht: <strong>Die drei K\u00f6nige<\/strong><\/span><\/h3>\n<p><span style=\"color: #000080;\">Buddha soll zu seinem Sch\u00fcler Ananda gesagt haben, in f\u00fcnfhundert Jahren werde Gott selbst auf Erden inkarnieren. Er machte deutlich, dass er sich nicht durch einen gew\u00f6hnlichen Menschen bezog, der durch Inkarnationen zur Vollendung gelangen sollte, sondern dass Gott sich selbst direkt inkarnieren werde.<\/span><br \/>\n<span style=\"color: #000080;\">Vor der Geburt von Joshua, den wir als Jesus kennen, verfolgten einige weise M\u00e4nner im Osten, die von der Prophezeiung des Buddha wussten, hellsichtig die Geburt der Jungfrau Maria und warteten auf die Inkarnation des Logos* als Ausdrucksform Gottes.<\/span><\/p>\n<p><span style=\"color: #000080;\">Einer dieser weisen M\u00e4nner war der Maharadscha Ram, der mit seinem Freund und Berater Chekitana errechnet hatte, wann und wo sie in Pal\u00e4stina sein m\u00fcssten, um dem inkarnierten Gott zu huldigen.<\/span><br \/>\n<span style=\"color: #000080;\">Ram \u00fcbertrug die Regierungsgesch\u00e4fte auf seine Mutter und seinen Bruder und brach in Begleitung von Chekitana nach Pal\u00e4stina auf.<\/span><\/p>\n<p><span style=\"color: #000080;\">Ihr Weg f\u00fchrte sie durch Armenien, das in jenen Tagen in zwei Reiche geteilt war und von zwei Br\u00fcdern, Gaspar und Dirkan, regiert wurde, die im Streit miteinander lagen. Dank Ramas Vermittlung s\u00f6hnte sich Gaspar mit Dirkan aus, und so wurde dieser K\u00f6nig \u00fcber ganz Armenien. Dann schloss Gaspar sich Ram und Chekitana auf ihrer Pilgerreise an.<\/span><\/p>\n<p><span style=\"color: #000080;\">W\u00e4hrend sie so nach S\u00fcden zogen, begegneten sie dem Astrologen Baal-das Aussar (Diener Gottes), der ihnen Gesellschaft leisten wollte; sie akzeptierten ihn als Begleiter.<\/span><br \/>\n<span style=\"color: #000080;\">Zur vorbestimmten Zeit erreichten sie Pal\u00e4stina, und obwohl sie sich der Absichten von Herodes bewusst waren, da sie seine Gedanken lesen konnten und deshalb keiner Information von ihm bedurften, bestand Baal-das-Aaussar darauf, ihn zu besuchen. Ram und Gaspar stimmten zu in der Hoffnung, ihr Besuch k\u00f6nnte seine Pl\u00e4ne vielleicht \u00e4ndern.<\/span><\/p>\n<p><strong><span style=\"color: #000080;\">Die K\u00f6nige besuchen das Christuskind: 3. Kapitel 18-25 \u00a0 \u00a0 \u00a0 \u00a0 \u00a0 \u00a0 \u00a0 \u00a0 \u00a0 \u00a0 \u00a0 \u00a0 \u00a0 \u00a0 \u00a0<\/span><\/strong>\u00a0 \u00a0 \u00a0 \u00a0 \u00a0 \u00a0 \u00a0 <span style=\"color: #008000;\">\u00a0<a style=\"color: #008000;\" href=\"https:\/\/www.anikodrozdy.ch\/index.php\/joshua-kapitel\/3-kapitel-christi-geburt-2\/\">3. Kapitel &#8211; Christi Geburt<\/a><\/span><strong><span style=\"color: #000080;\"><br \/>\n<\/span><\/strong><\/p>\n<p><span style=\"color: #000080;\">*<strong>\u00a0Logos<\/strong>: Der Teil des Absoluten, der die Existenz von Selbstbewusstheit und freiem Willen erm\u00f6glicht. Als ewige Wesen besitzen die Menschen sowohl den heilig-geistigen als auch den Logos-Aspekt des Absoluten. Je weiter sich der Mensch geistig entwickelt, desto mehr tritt der Logos-Aspekt in ihm in den Vordergrund.<\/span><\/p>\n<p>&nbsp;<\/p>\n<p><span style=\"color: #000080;\"><em>Aus dem Buch: Die Esoterische Lehren &#8211; Ein christlicher Weg zum Verst\u00e4ndnis der Wahrheit &#8211; Dr. Stylianos Atteshlis &#8211; ISBN 978-9963-8162-8-6<\/em><\/span><\/p>\n","protected":false},"excerpt":{"rendered":"<p>Des Mystikers Sicht: Die drei K\u00f6nige Buddha soll zu seinem Sch\u00fcler Ananda gesagt haben, in f\u00fcnfhundert Jahren werde Gott selbst auf Erden inkarnieren. Er machte deutlich, dass er sich nicht durch einen gew\u00f6hnlichen Menschen bezog, der durch Inkarnationen zur Vollendung &hellip; <a href=\"https:\/\/www.anikodrozdy.ch\/index.php\/joshua\/1844-2\/\">Weiterlesen <span class=\"meta-nav\">&rarr;<\/span><\/a><\/p>\n","protected":false},"author":1,"featured_media":0,"parent":8665,"menu_order":40,"comment_status":"closed","ping_status":"closed","template":"onecolumn-page.php","meta":[],"_links":{"self":[{"href":"https:\/\/www.anikodrozdy.ch\/index.php\/wp-json\/wp\/v2\/pages\/1844"}],"collection":[{"href":"https:\/\/www.anikodrozdy.ch\/index.php\/wp-json\/wp\/v2\/pages"}],"about":[{"href":"https:\/\/www.anikodrozdy.ch\/index.php\/wp-json\/wp\/v2\/types\/page"}],"author":[{"embeddable":true,"href":"https:\/\/www.anikodrozdy.ch\/index.php\/wp-json\/wp\/v2\/users\/1"}],"replies":[{"embeddable":true,"href":"https:\/\/www.anikodrozdy.ch\/index.php\/wp-json\/wp\/v2\/comments?post=1844"}],"version-history":[{"count":18,"href":"https:\/\/www.anikodrozdy.ch\/index.php\/wp-json\/wp\/v2\/pages\/1844\/revisions"}],"predecessor-version":[{"id":14847,"href":"https:\/\/www.anikodrozdy.ch\/index.php\/wp-json\/wp\/v2\/pages\/1844\/revisions\/14847"}],"up":[{"embeddable":true,"href":"https:\/\/www.anikodrozdy.ch\/index.php\/wp-json\/wp\/v2\/pages\/8665"}],"wp:attachment":[{"href":"https:\/\/www.anikodrozdy.ch\/index.php\/wp-json\/wp\/v2\/media?parent=1844"}],"curies":[{"name":"wp","href":"https:\/\/api.w.org\/{rel}","templated":true}]}}