{"id":238,"date":"2015-11-25T23:40:36","date_gmt":"2015-11-25T22:40:36","guid":{"rendered":"https:\/\/tyvijiqi.cyon.site\/?page_id=238"},"modified":"2025-12-20T06:51:42","modified_gmt":"2025-12-20T05:51:42","slug":"aktuell","status":"publish","type":"page","link":"https:\/\/www.anikodrozdy.ch\/index.php\/aktuell\/","title":{"rendered":"Jugendprojekt"},"content":{"rendered":"<h2><\/h2>\n<h2 style=\"text-align: center;\"><span style=\"color: #000080;\"><strong>Handeln statt Resignieren!<\/strong><\/span><\/h2>\n<p style=\"text-align: center;\"><span style=\"color: #000080;\">Ein Jugendprojekt von Aniko Drozdy<\/span><\/p>\n<p style=\"text-align: center;\"><span style=\"color: #000080;\">FRAGEN an DAS LEBEN<\/span><\/p>\n<p style=\"text-align: center;\"><span style=\"color: #000080;\"><strong>Diskussion und Gespr\u00e4chsrunde <\/strong><\/span><span style=\"color: #000080;\"><strong>f\u00fcr Kinder, Jugendliche und junge Erwachsene<\/strong><\/span><\/p>\n<p style=\"text-align: center;\"><a href=\"https:\/\/www.anikodrozdy.ch\/wp-content\/uploads\/2018\/05\/tiger-2430625__340.jpg\"><img loading=\"lazy\" class=\"wp-image-17863 aligncenter\" src=\"https:\/\/www.anikodrozdy.ch\/wp-content\/uploads\/2018\/05\/tiger-2430625__340-300x268.jpg\" alt=\"\" width=\"195\" height=\"174\" srcset=\"https:\/\/www.anikodrozdy.ch\/wp-content\/uploads\/2018\/05\/tiger-2430625__340-300x268.jpg 300w, https:\/\/www.anikodrozdy.ch\/wp-content\/uploads\/2018\/05\/tiger-2430625__340.jpg 381w\" sizes=\"(max-width: 195px) 100vw, 195px\" \/><\/a><\/p>\n<p style=\"text-align: center;\"><span style=\"color: #008000;\"><strong>\u201eDurch das gesprochene Wort fallen mehr Schlachtopfer als durch das Schwert.\u201c\u00a0 <\/strong><em>Leonardo da Vinci<\/em><\/span><\/p>\n<p><span style=\"color: #333399;\"><strong>Ziel<\/strong><\/span><\/p>\n<p><span style=\"color: #000080;\">\u00b7\u00a0\u00a0\u00a0\u00a0\u00a0\u00a0 Eine Gespr\u00e4chsplattform anzubieten<\/span><\/p>\n<p><span style=\"color: #000080;\">\u00b7\u00a0\u00a0\u00a0\u00a0\u00a0\u00a0 M\u00f6glichkeiten f\u00fcr Diskussionen zu geben<\/span><\/p>\n<p><span style=\"color: #000080;\">\u00b7\u00a0\u00a0\u00a0\u00a0\u00a0\u00a0 Offene Ohren zu haben<\/span><\/p>\n<p><span style=\"color: #000080;\">\u00b7\u00a0\u00a0\u00a0\u00a0\u00a0\u00a0 Antworten zu suchen und zu finden<\/span><\/p>\n<p><span style=\"color: #000080;\">\u00b7\u00a0\u00a0\u00a0\u00a0\u00a0\u00a0 Den Jungen Impulse und Werkzeuge mit auf den Weg geben, welche sie bef\u00e4higen, ihr Leben selbstbewusst und selbstverantwortlich in die Hand zunehmen, um die Sch\u00f6nheiten des Lebens zu entdecken und das Leben mit Begeisterung, FREUDE und MUT zu leben!<\/span><\/p>\n<p><span style=\"color: #000080;\">Eine innere Not und Leere ist heute bei Jugendlichen sichtbar, die alarmierend sind. Unzufriedenheit und Orientierungslosigkeit zeigen sich und das dringende Bed\u00fcrfnis, einmal den \u201eChropf leeren\u201c zu d\u00fcrfen und Antworten auf die vielen Fragen zu bekommen ist\u00a0 angesagt.<\/span><\/p>\n<p><span style=\"color: #000080;\">F\u00fcr die jungen Menschen ist es dringend Not-wendig eine solche Plattform \u2013 unabh\u00e4ngig von staatlichen Institutionen und kirchlichen Dogmen zu schaffen. \u2013 und mir ist es seit vielen Jahren ein Herzensanliegen.<\/span><\/p>\n<p><span style=\"color: #000080;\">Als Lehrerin, Therapeutin und Coach erlebte ich t\u00e4glich ganz nah, was Hoffnungslosigkeit, Vereinsamung und Verzweiflung f\u00fcr die Menschen bedeutet und welche schlimmen Folgen daraus entstehen k\u00f6nnen wie Aggressionen, Vandalismus, Sucht und Gewalt.<\/span><\/p>\n<h3><span style=\"color: #000080;\"><span style=\"color: #ff0000;\"><strong><span style=\"color: #ff0000;\">Junge Menschen d\u00fcrfen<\/span>\u00a0<\/strong><\/span>\u00a0\u00a0\u00a0\u00a0\u00a0\u00a0\u00a0\u00a0\u00a0\u00a0\u00a0 <\/span><\/h3>\n<p><span style=\"color: #000080;\">Geh\u00f6r finden<\/span><\/p>\n<p><span style=\"color: #000080;\">Frust \u00e4ussern<\/span><\/p>\n<p><span style=\"color: #000080;\">ins Gespr\u00e4ch kommen<\/span><\/p>\n<p><span style=\"color: #000080;\">Sinnfragen stellen<\/span><\/p>\n<h3><strong><span style=\"color: #ff0000;\">Junge Menschen wollen ernst genommen werden<\/span><\/strong><\/h3>\n<h3><span style=\"color: #000080;\">Vertrauen finden<\/span><\/h3>\n<h3><span style=\"color: #000080;\">Pers\u00f6nlichkeit entfalten<\/span><\/h3>\n<h3><span style=\"color: #000080;\">St\u00e4rken entwickeln<\/span><\/h3>\n<h3><span style=\"color: #000080;\"><strong><span style=\"color: #ff0000;\">Junge Menschen sollen\u00a0\u00a0\u00a0<\/span>\u00a0\u00a0\u00a0\u00a0\u00a0\u00a0\u00a0\u00a0\u00a0 <\/strong><\/span><\/h3>\n<p><span style=\"color: #000080;\">ihren Platz im Leben finden<\/span><\/p>\n<p><span style=\"color: #000080;\">mit Aggressionen gut umgehen k\u00f6nnen<\/span><\/p>\n<p><span style=\"color: #000080;\">Beziehungskisten managen<\/span><\/p>\n<p><strong><span style=\"color: #000080;\">Selbst\u00e4ndig denkende Menschen werden<\/span><\/strong><\/p>\n<h3><span style=\"color: #000080;\"><strong><span style=\"color: #ff0000;\">Junge Menschen brauchen\u00a0\u00a0\u00a0\u00a0<\/span>\u00a0\u00a0\u00a0<\/strong><\/span><\/h3>\n<p><span style=\"color: #000080;\"> ECHO und Resonanz im Alltag<\/span><\/p>\n<p><span style=\"color: #000080;\">emotionale Anteilnahme<\/span><\/p>\n<p><span style=\"color: #000080;\">Liebe, Verl\u00e4sslichkeit und N\u00e4he &#8211; <\/span><span style=\"color: #000080;\">Solidarit\u00e4t und Mitgef\u00fchl<\/span><\/p>\n<h3><span style=\"color: #ff0000;\"><strong>M\u00f6gliche Themen<\/strong><\/span><\/h3>\n<ul>\n<li><span style=\"color: #000080;\">Null Bock auf nichts<\/span><\/li>\n<li><span style=\"color: #000080;\">Heute schon gelebt?<\/span><\/li>\n<li><span style=\"color: #000080;\">No Future<\/span><\/li>\n<li><span style=\"color: #000080;\">Wohin mit dem Frust?<\/span><\/li>\n<li><span style=\"color: #000080;\">Schul- und \u2013 Sinn des Lebens&#8230;<\/span><\/li>\n<li><span style=\"color: #000080;\">What Next?<\/span><\/li>\n<li><span style=\"color: #000080;\">Wozu Ordnung halten?<\/span><\/li>\n<li><span style=\"color: #000080;\">Zukunftssorgen und \u00c4ngste<\/span><\/li>\n<li><span style=\"color: #000080;\">\u201eFamilienbande\u201c ?<\/span><\/li>\n<li><span style=\"color: #000080;\">Liebe und Sexualit\u00e4t &#8211; Homosexualit\u00e4t &#8211; Transgender&#8230;<\/span><\/li>\n<li><span style=\"color: #000080;\">Krisen bestehen<\/span><\/li>\n<li><span style=\"color: #000080;\">Lebensplanung<\/span><\/li>\n<li><span style=\"color: #000080;\">Entfaltungsm\u00f6glichkeiten<\/span><\/li>\n<li><span style=\"color: #000080;\">Wozu Drogen?<\/span><\/li>\n<li><span style=\"color: #000080;\">Sucht \u2013 Sehnsucht<\/span><\/li>\n<li><span style=\"color: #000080;\">R\u00fccksicht nehmen \u2013 Einsicht haben<\/span><\/li>\n<li><span style=\"color: #000080;\">\u201eMulti-Kulti\u201c und Glaubensfragen<\/span><\/li>\n<li><span style=\"color: #000080;\">Abtanzen bis<\/span>\n<div class=\"xdj266r x14z9mp xat24cr x1lziwak x1vvkbs x126k92a\">\n<div dir=\"auto\"><\/div>\n<div dir=\"auto\"><span style=\"color: #000080;\"><strong>&#8222;Geh sorgsam mit Dir um, Dich kann\u2019s nur ein Mal geben und auch nur kurz.<\/strong><\/span><\/div>\n<div dir=\"auto\"><span style=\"color: #000080;\"><strong>Man darf dich nicht verbrauchen wie einen Rohstoff.<\/strong><\/span><\/div>\n<div dir=\"auto\"><\/div>\n<div dir=\"auto\"><span style=\"color: #000080;\"><strong>Du bist kein Produkt. Entzieh dich der Statistik. <\/strong><\/span><\/div>\n<div dir=\"auto\"><span style=\"color: #000080;\"><strong>Du bist wichtig. Bewahre Dich. Weiche der H\u00e4rte aus.<\/strong><\/span><\/div>\n<div dir=\"auto\"><\/div>\n<div dir=\"auto\"><span style=\"color: #000080;\"><strong>Verweigere Dich den \u00dcberfl\u00fcssigkeiten. Gib Acht auf Dich. <\/strong><\/span><\/div>\n<div dir=\"auto\"><span style=\"color: #000080;\"><strong>Dich gibt es nur ein Mal.&#8220; <\/strong><\/span><span style=\"color: #333399;\"><em>Heinz Kahlau, Mahnung an C.<\/em><\/span><\/div>\n<\/div>\n<\/li>\n<\/ul>\n<p><span style=\"color: #000080;\"><strong>Lernt der junge Mensch in der Schule wie er\u00a0 den Alltag meistern kann?<\/strong><\/span><\/p>\n<h3><strong><span style=\"color: #ff0000;\">Die Zukunft gemeinsam zum Guten gestalten, kann man nur mit Kopf, Herz und Hand.<\/span><\/strong><\/h3>\n<p><span style=\"color: #000080;\">Die beste BIO-pille heisst: Mit dem Herzen Denken!<\/span><\/p>\n<p><span style=\"color: #000080;\">Wenn wir\u00a0 gemeinsam eine gute Zukunft wollen, brauchen wir Menschen mit guten Charaktereigenschaften d.h. mit Herzensbildung. IQ. EQ, SQ und HQ<\/span><\/p>\n","protected":false},"excerpt":{"rendered":"<p>Handeln statt Resignieren! Ein Jugendprojekt von Aniko Drozdy FRAGEN an DAS LEBEN Diskussion und Gespr\u00e4chsrunde f\u00fcr Kinder, Jugendliche und junge Erwachsene \u201eDurch das gesprochene Wort fallen mehr Schlachtopfer als durch das Schwert.\u201c\u00a0 Leonardo da Vinci Ziel \u00b7\u00a0\u00a0\u00a0\u00a0\u00a0\u00a0 Eine Gespr\u00e4chsplattform anzubieten &hellip; <a href=\"https:\/\/www.anikodrozdy.ch\/index.php\/aktuell\/\">Weiterlesen <span class=\"meta-nav\">&rarr;<\/span><\/a><\/p>\n","protected":false},"author":1,"featured_media":0,"parent":0,"menu_order":0,"comment_status":"closed","ping_status":"closed","template":"onecolumn-page.php","meta":[],"_links":{"self":[{"href":"https:\/\/www.anikodrozdy.ch\/index.php\/wp-json\/wp\/v2\/pages\/238"}],"collection":[{"href":"https:\/\/www.anikodrozdy.ch\/index.php\/wp-json\/wp\/v2\/pages"}],"about":[{"href":"https:\/\/www.anikodrozdy.ch\/index.php\/wp-json\/wp\/v2\/types\/page"}],"author":[{"embeddable":true,"href":"https:\/\/www.anikodrozdy.ch\/index.php\/wp-json\/wp\/v2\/users\/1"}],"replies":[{"embeddable":true,"href":"https:\/\/www.anikodrozdy.ch\/index.php\/wp-json\/wp\/v2\/comments?post=238"}],"version-history":[{"count":172,"href":"https:\/\/www.anikodrozdy.ch\/index.php\/wp-json\/wp\/v2\/pages\/238\/revisions"}],"predecessor-version":[{"id":34446,"href":"https:\/\/www.anikodrozdy.ch\/index.php\/wp-json\/wp\/v2\/pages\/238\/revisions\/34446"}],"wp:attachment":[{"href":"https:\/\/www.anikodrozdy.ch\/index.php\/wp-json\/wp\/v2\/media?parent=238"}],"curies":[{"name":"wp","href":"https:\/\/api.w.org\/{rel}","templated":true}]}}