{"id":2398,"date":"2016-01-13T09:29:40","date_gmt":"2016-01-13T08:29:40","guid":{"rendered":"https:\/\/tyvijiqi.cyon.site\/?page_id=2398"},"modified":"2017-11-30T05:58:18","modified_gmt":"2017-11-30T04:58:18","slug":"universale-liebe","status":"publish","type":"page","link":"https:\/\/www.anikodrozdy.ch\/index.php\/verschiedenes\/universale-liebe\/","title":{"rendered":"Universale Liebe"},"content":{"rendered":"<p>&nbsp;<\/p>\n<p><span style=\"color: #008000;\"><a style=\"color: #008000;\" href=\"https:\/\/www.anikodrozdy.ch\/?s=liebe\">Liebe<\/a>\u00a0\u00a0 <a style=\"color: #008000;\" href=\"https:\/\/www.anikodrozdy.ch\/\">Startseite: Weisheiten f\u00fcr jeden Tag<\/a><\/span><\/p>\n<p><strong><span style=\"color: #000080;\">F\u00fcnfte Essener Schriftrolle \u2013 <\/span><\/strong><span style=\"color: #000080;\">\u00fcbersetzt aus dem Aram\u00e4ischen<\/span><\/p>\n<p><span style=\"color: #000080;\">In dieser Welt dienen alle Menschen einem von zwei Herren. Mit jedem Gedanken und mit jeder tat dienen wir entweder der Liebe oder der Furcht.<\/span><br \/>\n<span style=\"color: #000080;\">Wenn ich mich ohne Furcht meinen Mitmenschen verbunden f\u00fchle, diene ich der Liebe.<\/span><\/p>\n<p><span style=\"color: #000080;\">Man hat mich gelehrt, mich zu behaupten und stets wachsam zu sein, damit mich niemand verletze oder betr\u00fcge. Jetzt weiss ich, dass niemals irgendjemand versuchen wird, mich zu verletzen oder unfreundlich zu behandeln, &#8211; es sei denn, er f\u00fchlt sich ungeliebt.<\/span><\/p>\n<p><span style=\"color: #000080;\">Ich will mich vor dem Ungeliebten nicht mehr f\u00fcrchten, wenn er sich unfreundlich zeigt. Ich werde es dem Unkraut der Rache nicht mehr erlauben, im Garten meines Herzens Wurzeln zu schlagen.<\/span><\/p>\n<p><span style=\"color: #000080;\">Mitgef\u00fchl wird meine Antwort denen gegen\u00fcber sein, die mir schaden wollen, weil sie sich von Furcht und Lieblosigkeit leiten lassen.<\/span><\/p>\n<p><span style=\"color: #000080;\">Liebe ist st\u00e4rker als Furcht und kann mich weise machen. Jedes Mal, wenn ich versucht bin zur\u00fcckzuschlagen, wird mir die Liebe einen besseren Weg zeigen.<\/span><br \/>\n<span style=\"color: #000080;\">Verletzungen und Schmerz sind kurzlebig \u2013 von Dauer aber sind W\u00fcrde, Selbstwertgef\u00fchl und Genugtuung dar\u00fcber, st\u00e4rker zu sein als \u00dcbelwollende.<\/span><\/p>\n<p><span style=\"color: #000080;\">Was f\u00fcr jeden Menschen lebensnotwendig ist, besitze ich in F\u00fclle: Liebe und Anteilnahmen. Liebe fliesst als Lebensblut durch meine Adern und zeigt mir den Weg zu Geist und Wahrheit. <\/span><br \/>\n<span style=\"color: #000080;\">Liebe als einziger Lebensquell hat mich geboren.<\/span><\/p>\n<p><span style=\"color: #000080;\">Wenn ich meine Mitmenschen ohne Vorbehalte so annehmen wie sie sind und ihnen meine Zuneigung nicht verweigere, strahle ich Liebe aus und gebe ihnen ein Gef\u00fchl der Geborgenheit. Damit f\u00f6rdere ich das Beste von ihnen.<\/span><\/p>\n<p><span style=\"color: #000080;\">Von heute an will ich allen, die in mein Leben treten, auf diese Weise begegnen \u2013 auch wenn sie lieblos handeln.<\/span><br \/>\n<span style=\"color: #000080;\">Selbst die Grausamen und die Zerst\u00f6rerischen schliesse ich von meiner Liebe nicht aus. Zwar werde ich niemals Taten billigen, die anderen Schmerz und Leiden zuf\u00fcgen. Doch werde ich f\u00fcr die Verursacher, als auch f\u00fcr die Betroffenen Mitleid und Liebe f\u00fchlen.<\/span><\/p>\n<p><span style=\"color: #000080;\">In jedem von Gott geschaffenen Lebewesen steckt etwas, das zu lieben gilt und das Liebe braucht.<\/span><\/p>\n<p><span style=\"color: #000080;\">Ich anerkenne dieses heute und spende Liebe.<\/span><br \/>\n<span style=\"color: #000080;\">Wohl die schlimmsten Verbrechen ist Mord. Wenn ich aber einem M\u00f6rder meine Liebe versage, habe ich das gleiche Verbrechen begangen! Den ich habe ihm die Quelle des Lebens vorenthalten und ihr in meinen Gedanken zum Toten gemacht!<\/span><\/p>\n<p><span style=\"color: #000080;\">Die Menschheit w\u00fcnscht sich manche Gaben, die ich unter Umst\u00e4nden gew\u00e4hren kann. Mit der richtigen Einstellung habe ich die Gabe des Heilens. Wenn ich richtig zu f\u00fchren verstehe, kann ich Vorhersage machen. Wenn ich lerne, kann ich die Gabe des Lehrens mit anderen teile. Wenn ich stark bin, kann ich anderen den Weg zeigen. Mit der Gabe des Geistes kann ich anderen Kraft und Zuversicht vermitteln.<\/span><\/p>\n<p><span style=\"color: #000080;\">Immer kann ich Mut wecken und Hilfe gew\u00e4hren. Der Gaben sind viele, doch die gr\u00f6sste ist die Liebe!<\/span><\/p>\n<p><span style=\"color: #000080;\">Ich habe mir immer Geistesgaben gew\u00fcnscht. Stets sehnte ich mich danach, helfen und dienen zu k\u00f6nnen. Sei es als Heiler, Prophet, F\u00fchrer oder Weiser. Die gr\u00f6sste Gabe besitze ich jedoch schon heute: die Gabe der grenzenlosen, bedingungslosen Liebe.<\/span><\/p>\n<p><span style=\"color: #000080;\">Ich kann Liebe geben und empfangen und will beides heute und immer tun. Ich liebe was ich bin, im Erfolg und wenn ich strauchle. Die Quelle meines Lebens und mein Selbst lieben mich vorbehaltlos und immerdar. Und ebenso gebe ich bedingungslose Liebe, die auch wenn die anderen meine Erwartungen nicht erf\u00fcllen.<\/span><\/p>\n<p><span style=\"color: #000080;\">Meine Liebe w\u00e4chst, je mehr ich davon austeile und ist unersch\u00f6pflich. <\/span><br \/>\n<span style=\"color: #000080;\">So wie ich Liebe gebe, empfange ich Liebe. Andere verleihen meinem Leben F\u00fclle. Niemand kann mein Feind sein. Ich lasse es nicht zu. Ich habe die Wahl, jemandem als Feind zu betrachten oder nicht und ich m\u00f6chte in meinem Leben keinen haben.<\/span><\/p>\n<p><span style=\"color: #000080;\">Ich will diejenigen, die meine Feinde sein k\u00f6nnten, lieben und sie werden zu meinen Freunden. Ich werde sogar lieben wer mir keine Gegenliebe zeigt und ihm vergeben.<\/span><\/p>\n<p><span style=\"color: #000080;\">Heute verpflichte ich mich zur bedingungslosen Liebe und bitte um Hilfe.<\/span><\/p>\n<p><span style=\"color: #000080;\">Ich bitte die Quelle aller Liebe, mir die Kraft, den Willen und die F\u00e4higkeit zu verleihen, meine Verpflichtung wahr zu machen.<\/span><\/p>\n<p><em><span style=\"color: #000080;\">(Joshua Immanuel der Christus war ein Essener und er lehrte bei den Essenern.)<\/span><\/em><\/p>\n","protected":false},"excerpt":{"rendered":"<p>&nbsp; Liebe\u00a0\u00a0 Startseite: Weisheiten f\u00fcr jeden Tag F\u00fcnfte Essener Schriftrolle \u2013 \u00fcbersetzt aus dem Aram\u00e4ischen In dieser Welt dienen alle Menschen einem von zwei Herren. Mit jedem Gedanken und mit jeder tat dienen wir entweder der Liebe oder der Furcht. &hellip; <a href=\"https:\/\/www.anikodrozdy.ch\/index.php\/verschiedenes\/universale-liebe\/\">Weiterlesen <span class=\"meta-nav\">&rarr;<\/span><\/a><\/p>\n","protected":false},"author":1,"featured_media":0,"parent":1799,"menu_order":0,"comment_status":"closed","ping_status":"closed","template":"onecolumn-page.php","meta":[],"_links":{"self":[{"href":"https:\/\/www.anikodrozdy.ch\/index.php\/wp-json\/wp\/v2\/pages\/2398"}],"collection":[{"href":"https:\/\/www.anikodrozdy.ch\/index.php\/wp-json\/wp\/v2\/pages"}],"about":[{"href":"https:\/\/www.anikodrozdy.ch\/index.php\/wp-json\/wp\/v2\/types\/page"}],"author":[{"embeddable":true,"href":"https:\/\/www.anikodrozdy.ch\/index.php\/wp-json\/wp\/v2\/users\/1"}],"replies":[{"embeddable":true,"href":"https:\/\/www.anikodrozdy.ch\/index.php\/wp-json\/wp\/v2\/comments?post=2398"}],"version-history":[{"count":11,"href":"https:\/\/www.anikodrozdy.ch\/index.php\/wp-json\/wp\/v2\/pages\/2398\/revisions"}],"predecessor-version":[{"id":15280,"href":"https:\/\/www.anikodrozdy.ch\/index.php\/wp-json\/wp\/v2\/pages\/2398\/revisions\/15280"}],"up":[{"embeddable":true,"href":"https:\/\/www.anikodrozdy.ch\/index.php\/wp-json\/wp\/v2\/pages\/1799"}],"wp:attachment":[{"href":"https:\/\/www.anikodrozdy.ch\/index.php\/wp-json\/wp\/v2\/media?parent=2398"}],"curies":[{"name":"wp","href":"https:\/\/api.w.org\/{rel}","templated":true}]}}