{"id":29013,"date":"2022-05-27T22:59:42","date_gmt":"2022-05-27T20:59:42","guid":{"rendered":"https:\/\/www.anikodrozdy.ch\/?page_id=29013"},"modified":"2025-03-10T17:22:02","modified_gmt":"2025-03-10T16:22:02","slug":"27-kapitel-der-gott-mensch-zeigt-den-weg","status":"publish","type":"page","link":"https:\/\/www.anikodrozdy.ch\/index.php\/joshua\/27-kapitel-der-gott-mensch-zeigt-den-weg\/","title":{"rendered":"27. Kapitel: Der Gott-Mensch zeigt den Weg"},"content":{"rendered":"<p><span style=\"color: #000080;\"><em>\u201eDa sagte Thomas zu ihm:\u201c Herr wir wissen nicht, wohin du gehst: wie sollten wir da den Weg kennen?\u201c Joshua sagte zu ihm: \u201eIch bin der Weg und die Wahrheit und das Leben.\u201c \u00a0\u00a0\u00a0\u00a0\u00a0\u00a0\u00a0\u00a0\u00a0\u00a0\u00a0\u00a0\u00a0\u00a0\u00a0\u00a0\u00a0\u00a0\u00a0\u00a0\u00a0\u00a0\u00a0\u00a0(Johannes 14:5-6) <\/em><\/span><\/p>\n<p><span style=\"color: #000080;\">Als Joshua an einem Morgen fr\u00fch in den Tempel ging, fand er Is-shaak, der beim Weihrauchgef\u00e4ss die Psalmen des Propheten-K\u00f6nigs David aufsagte. Simon kniete weinend vor dem Allerheiligsten. Seine Stirne ber\u00fchrte den Boden. Sein Bruder Manasseh stand neben ihm.<\/span><\/p>\n<p><span style=\"color: #000080;\">Joshua ber\u00fchrte mit seiner rechten Hand den Kopf des Jungen und half ihm aufzustehen. Joshua wusste, was im Kopf des Novizen vorging, und sagte zu ihm: <strong>\u201eGeliebter, das ist Gottes Wille. F\u00fcr diese Stunde bin ich in die Welt gekommen. Ich werde es dir sp\u00e4ter erkl\u00e4ren.\u201c<\/strong><\/span><\/p>\n<p><span style=\"color: #000080;\">Ohne den Vorhang zu ber\u00fchren, ging Joshua durch ihn hindurch ins Allerheiligste und betete stille zu seinem himmlischen Vater. Rayis Rabbi Samuel kam mit zwei Essener Rabbis. Gemeinsam mit Joshua zelebrierten sie den Morgengottesdienst zu Ehren Alahas. Dann bat Joshua die anwesenden Apostel, in einer Stunde in der Synagoge zusammenzukommen. An diesem Morgen versammelten sich in der Synagoge die Apostel, die in K\u2019far Nahum anwesenden Heiler-J\u00fcnger und einige Israeliten, die der Gott-Mensch geheilt hatte.<\/span><\/p>\n<p><span style=\"color: #000080;\">Nach dem Gebet der Lobpreisung Alahas lehrte sie Joshua auf Griechisch und Aram\u00e4isch: <strong>\u201eGeliebte, euer Leben als Menschen in einem grobstofflichen K\u00f6rper w\u00e4hrt nur ein paar Jahre. Der K\u00f6rper ver\u00e4ndert sich stetig und fr\u00fcher oder sp\u00e4ter stirbt er, doch der Mensch, das Ebenbild Alahas, euer Ego-Selbst, das ihr wahrhaftig seid, die Geist-Seele, die latent in eurer Wesenheit vorhanden ist, ist unsterblich. Ein Teil eures Geist-Seelen-Ego-Selbst in seiner unverg\u00e4nglichen<\/strong> <strong>menschlichen Form aus Geist ist latent sogar in eurem grobstofflichen K\u00f6rper.<\/strong><\/span><\/p>\n<p><span style=\"color: #000080;\"><strong>Euer grobstofflicher K\u00f6rper und eure anderen K\u00f6rper, die eure Br\u00fcder, die heiligen Erzengel f\u00fcr euch erschaffen haben und erhalten, sind vom menschlichen Standpunkt aus gesehen perfekt, jedoch befristet und verg\u00e4nglich.<\/strong><\/span><\/p>\n<p><span style=\"color: #000080;\"><strong>Wenn ein Mensch im grobstofflichen K\u00f6rper und gleichzeitig in den K\u00f6rpern der Emotionen und Gedanken lebt, wird ein kleines egoistisches Zeit-und-Ort-gebundenes Selbst erschaffen. Sein Benehmen und seine Ausdrucksweise k\u00f6nnen gut oder schlecht sein, je nach den Umst\u00e4nden und Einfl\u00fcssen der grobstofflichen Welt der Existenz.<\/strong><\/span><\/p>\n<p><span style=\"color: #000080;\"><strong>(Seite 161)<\/strong><strong>Obwohl das Zeit-und-Ort-gebundene Selbst auf Grund seiner Lebensweise als gut oder schlecht beurteilt werden kann, bleibt seine Natur als<\/strong> <strong>Teil des Geist-Seelen-Ego-Selbst immer rein und unsterblich. Diese Lehre habe ich euch mit dem Gleichnis vom verlorenen Sohn erteilt.<\/strong><\/span><\/p>\n<p><span style=\"color: #000080;\"><strong>Um nach Hause zur\u00fcckzukehren, d\u00fcrft ihr dem kleinen egoistischen Selbst nicht erlauben, schlechten Gebrauch von Geist-\u00dcbersubstanz zu machen. Erschafft keine schlechten Elementale, keine <em>in-ihrer-Natur<\/em>&#8211;<em>menschlichen D\u00e4monen.<\/em> Ihr m\u00fcsst von der Geist-\u00dcbersubstanz, die euch der himmlische Vater, Alaha, gro\u00dfz\u00fcgig schenkt, durch richtiges und vern\u00fcnftiges Denken guten Gebrauch machen, also gute Elementale erschaffen, <em>in-ihrer-Natur-menschliche-Engel.\u201c<\/em><\/strong><\/span><\/p>\n<p><span style=\"color: #000080;\"><em>Dann sagte Joshua zu seinen J\u00fcngern: \u201eWill jemand mein Nachfolger sein, so verleugne er sich selbst und nehme sein Kreuz auf sich, dann kann er mir nachfolgen.<\/em><\/span><\/p>\n<p><span style=\"color: #000080;\"><em>Denn wer sein Leben retten will, der wird es verlieren; wer aber sein Leben meinetwillen verliert, der wird es finden. Denn was k\u00f6nnte es einem Menschen helfen, wenn er die ganze Welt gew\u00f6nne, aber seine Seele einb\u00fcsste? Oder was k\u00f6nnte ein Mensch als Gegenwert f\u00fcr seine Seele geben?\u201c (Matth\u00e4us 16:24-26)<\/em><\/span><\/p>\n<p><span style=\"color: #000080;\"><strong>\u201eAuch wenn ihr heute euren jetzigen Lebensstil liebt, werdet ihr ihn fr\u00fcher oder sp\u00e4ter &lt;verlieren&gt;.<\/strong><\/span><\/p>\n<p><span style=\"color: #000080;\"><strong>Alles ver\u00e4ndert sich im Leben eures <\/strong><strong>kleinen egoistischen Zeit-und-Ort- gebundenen Selbst \u2013 eure Interessen, Begierden, Absichten und Gedanken. <\/strong><\/span><\/p>\n<p><span style=\"color: #000080;\"><strong>Wenn ihr eurem kleinen Selbst die Lebensweise, die ihr jetzt f\u00fchrt, versagt, indem ihr meinen Lehren folgt \u2013 unkontrollierte Begierden, Schw\u00e4chen, schlechte Gef\u00fchle und Gedanken aufgebt \u2013 werdet ihr das kleine Selbst kreuzigen und im Laufe der Zeit diese Lebensweise &lt;verlieren&gt;.<\/strong><\/span><\/p>\n<p><span style=\"color: #000080;\"><strong>Aber euer kleines Selbst ist nicht euer wahres, unsterbliches und immer w\u00e4hrendes Geist-Seelen-Ego-Selbst, und wenn ihr das kleine Selbst kreuzigt, wird es nicht wirklich sterben, sondern es wird als ein Geist-Seelen-Ego-Selbst, m\u00e4chtig und unsterblich, auferstehen. In eurem wahren Selbst werdet ihr die Wahrheit und das immer w\u00e4hrende Leben finden.<\/strong><\/span><\/p>\n<p><span style=\"color: #000080;\"><strong>Morgen werde ich nach Yerushalayim reisen. Ich werde Yiohannan, die beiden Yiacoubs und Simon mit mir nehmen. Noch zweimal werden wir in Yerushalayim besuchen und wieder nach K\u2019far Nahum zur\u00fcckkehren. Beim dritten Mal werden alle meine Apostel, meine Mutter, meine Tante Myriam Shalome und Maria Magdalena mich zum Fest begleiten, doch werden sie ohne mich zur\u00fcckkehren. Sp\u00e4ter werde ich im Geiste kommen.\u201c<\/strong><\/span><\/p>\n<p><span style=\"color: #000080;\"><em>Von da an begann Joshua seine Apostel darauf hinzuweisen, dass er nach Yerushalayim gehen und von den israelitischen \u00c4ltesten und Rayis Rabbis und Schriftgelehrten vieles leiden m\u00fcsse, und dass er get\u00f6tet und am dritten Tage auferweckt werde. (Matth\u00e4us 16:21)<\/em><\/span><\/p>\n<p><span style=\"color: #000080;\">Josua sagte<strong>: \u201eGeliebte, bleibt ruhig. Es ist der Wille unseres himmlischen<\/strong> <strong> F\u00fcr diese Stunde bin ich in die Welt gekommen. Erinnert euch, ihr seid nicht eure grobstofflichen K\u00f6rper. Jeder von euch, als menschliches Ego-Selbst, ist Teil seines Geist-Seelen-Ego-Selbst. Wie oft habe ich euch dies gelehrt? Jetzt ist die Zeit gekommen, es euch und allen Menschen zu beweisen.\u201c<\/strong><\/span><\/p>\n<p><span style=\"color: #000080;\">(Seite 162) Alle Anwesenden waren von Joshuas Worten und seiner Prophezeiung, dass der Sanhedrin ihn t\u00f6ten werde, tief ber\u00fchrt. Sie konnten ihren Kummer nicht verbergen.<\/span><\/p>\n<p><span style=\"color: #000080;\">\u00a0<strong>\u201eIhr d\u00fcrft nicht trauern\u201c,<\/strong> sagte der\u00a0 Gott-Mensch. <strong>\u201eObwohl mein K\u00f6rper, blutunterlaufen und verletzt, am Kreuz sterben wird, werde ich ihn am\u00a0 dritten Tag heilen. Nur die Wundmale der N\u00e4gel an meinen H\u00e4nden und F\u00fcssen und die Wunde an meiner\u00a0 Seite, die der Speer des r\u00f6mischen Soldaten mir zuf\u00fcgen wird, werden zu sehen sein, damit ihr mich erkennen\u00a0 k\u00f6nnt.\u201c<\/strong><\/span><\/p>\n<p><span style=\"color: #000080;\">Joshua bat sie, sich am Nachmittag wieder zu versammeln, und beendete diesen schmerzlichen Vortrag. Als die anderen gegangen waren, sagte der schwer erregte Petros: \u201eMalpana, (Lehrer) ich bin nicht einverstanden mit dir, dass du dich dem Sanhedrin ergeben musst. Wir k\u00f6nnen nach Tyrus oder nach Sidon entkommen. Warum m\u00fcssen wir nach Yerushalayim gehen?\u201c L\u00e4chelnd antwortete Joshua:<\/span><\/p>\n<p><span style=\"color: #000080;\">\u00a0\u00a0\u00a0\u00a0\u00a0\u00a0 <strong>\u201eTritt hinter mich, Versucher! Du bist f\u00fcr mich ein \u00c4rgernis, denn deine Gedanken sind nicht auf Gott, sondern auf die Menschen gerichtet.\u201c<\/strong> (<em>Matth\u00e4us 16:23)<\/em><\/span><\/p>\n<p><span style=\"color: #000080;\">Als Joshua die Synagoge verlie\u00df, sah er Simon alleine im Hof, untr\u00f6stlich weinend. Joshua ging zum Jungen, umarmte und k\u00fcsste ihn und sagte: <strong>\u201eMein geliebter Simon, du bist der J\u00fcngste meiner Apostel. Ich bitte dich, das was ich dich gelehrt habe zu verstehen und diesen Kummer aus deinem Herzen zu verbannen. Der Wille Alahas muss geschehen.\u201c<\/strong><\/span><\/p>\n<p><span style=\"color: #000080;\">Simon der Kanaaniter konnte seine Tr\u00e4nen nicht unter Kontrolle halten. <strong>\u201eH\u00f6re mir zu, Simon\u201c, <\/strong>sagte Joshua.<strong> \u201eHeute in vier Monaten wirst du meinen K\u00f6rper ans Kreuz geschlagen sehen. Drei Tage sp\u00e4ter wirst du mich wieder in meinem K\u00f6rper auferstanden sehen, und zwar hier, in diesem Hof, wo wir jetzt stehen. Ich werde dich umarmen und k\u00fcssen, so wie ich es jetzt tue, und niemand und nichts wird deine Freude und dein Vertrauen in mich von dir nehmen k\u00f6nnen.<\/strong><\/span><\/p>\n<p><span style=\"color: #000080;\"><strong>Du, Simon, wirst meine Versammlung in der Neuen Gemeinschaft zur Verehrung Alahas in Ph\u00f6nizien f\u00fchren und w\u00e4hrend vieler Jahre wirst du mir dort dienen. Du wirst mich immer bei dir f\u00fchlen. Komm, Kind, l\u00e4chle jetzt.\u201c<\/strong> Und Simon l\u00e4chelte durch seine Tr\u00e4nen und schaute in die Augen seines geliebten Joshuas.<\/span><\/p>\n<p><span style=\"color: #000080;\">An diesem Nachmittag, in der Synagoge, sprach Joshua sein Gebet der Lobpreisung auf Aram\u00e4isch und betonte ganz besonders:<\/span><\/p>\n<p><span style=\"color: #000080;\"><strong>\u00a0\u201eHimmlischer Vater, dein Wille geschieht im Himmel und auf Erden.<\/strong><\/span><\/p>\n<p><span style=\"color: #000080;\"><strong>\u00a0\u201eGeliebte\u201c, <\/strong>sagte Joshua zu denen, die dort versammelt waren,<strong> \u201edie\u00a0 \u00a0 \u00a0 \u00a0 \u00a0 Schaffensfreude unseres himmlischen Vaters Sich in Sich selbst zu\u00a0 manifestieren, bewirkt das Ausstr\u00f6men von Geist-\u00dcbersubstanz\u00a0 aus Alaha und aus Seinen heiligen Erzengeln in Seinem g\u00f6ttlichen Eins- Sein, die \u00fcberall in Alahas Allgegenwart ist. Alaha und die heiligen Erzengel benutzen Geist-\u00dcbersubstanz, um die Universen, die Welten der Existenz, und alles in ihnen zu erschaffen.<\/strong><\/span><\/p>\n<p><span style=\"color: #000080;\"><strong>So werden auch die menschlichen K\u00f6rper, der grobstoffliche mit seinem \u00e4therischen Doppel, die psychischen und noetischen mit ihren \u00e4therischen Doppeln, von Alaha und seinen heiligen Erzengeln aus Geist-\u00dcbersubstanz erschaffen.<\/strong><\/span><\/p>\n<p><span style=\"color: #000080;\"><strong>Alaha ist die allwissende, allm\u00e4chtige und allgegenw\u00e4rtige Geist-Seinsheit.<\/strong><\/span><\/p>\n<p><span style=\"color: #000080;\"><strong>\u00a0\u00a0\u00a0\u00a0\u00a0\u00a0 Alaha ist das Leben.<\/strong><\/span><\/p>\n<p><span style=\"color: #000080;\"><strong>\u00a0\u00a0\u00a0\u00a0\u00a0\u00a0 Alaha ist das Licht.<\/strong><\/span><\/p>\n<p><span style=\"color: #000080;\"><strong>\u00a0\u00a0\u00a0\u00a0\u00a0\u00a0 Alaha ist die Liebe.<\/strong><\/span><\/p>\n<p><span style=\"color: #000080;\"><strong>Die heiligen Erzengel in Alahas Eins-Sein schwingen zusammen mit Alahas Schaffensfreude und erschaffen allezeit mit Geist-\u00dcbersubstanz. Der Mensch \u2013 Bild und Ebenbild Alahas und der heiligen Br\u00fcder, der Erzengel-Sch\u00f6pfer \u2013 kann ebenfalls Geist-\u00dcbersubstanz zum Erschaffen gebrauchen. Was erschafft der Mensch?<\/strong><\/span><\/p>\n<p><span style=\"color: #000080;\"><strong>Der Mensch gebraucht Geist-Mind unterbewusst und erschafft Elementale, lebende Geistformen, engelhafte oder d\u00e4monische in ihrer Natur, die seine Zeit-und-Ort-gebundene Pers\u00f6nlichkeit gestalten.<\/strong><\/span><\/p>\n<p><span style=\"color: #000080;\">(Seite 163)<strong> In der Welten der Existenz ist der Mensch dual: das wahre Selbst und das kleine Selbst. Dualit\u00e4t ist das Gesetz aller Welten der Existenz. Ein Teil des wahren Geist-Seelen-Ego-Selbst des Menschen gibt dem kleinen Selbst Leben, bleibt aber unauff\u00e4llig latent in ihm, w\u00e4hrend das kleine Selbst sich stetig ver\u00e4ndert in seinem Benehmen, seinem Charakter und Lebensweise.<\/strong><\/span><\/p>\n<p><span style=\"color: #000080;\"><strong>Wenn ein Mensch erwacht und sein kleines Selbst in sein wahres Selbst, sein Geist-Seelen-Ego umwandelt, wird er selbst-bewusst, m\u00e4chtig und weise. Dann wird Geist-Mind in allen seinen Existenzformen direkt aus seinem wahren Ego-Geist-Seelen-Selbst ausstr\u00f6men. Der verlorene Sohn kommt nach Hause.<\/strong><\/span><\/p>\n<p><span style=\"color: #000080;\"><strong>Ihr meine Heiler-J\u00fcnger, m\u00fcsst die Geist-Substanz-Energie in den \u00e4therischen Doppeln eurer grobstofflichen K\u00f6rper gebrauchen und sie in eurem Unterleib speichern. Aus den B\u00e4uchen jener, die meinen Lehren folgen, werden Str\u00f6me von Geist-Mind-Energie als lebendiges Wasser flie\u00dfen. Wenn ihr heilen wollt, Geliebte, dann macht t\u00e4glich die speziellen \u00dcbungen, die ich euch gelehrt habe.<\/strong><\/span><\/p>\n<p><span style=\"color: #000080;\"><strong>Ihr d\u00fcrft die kostbare Geist-Lebenskraft nicht verschwenden durch gedankenloses und leichtsinniges Leben. Ihr m\u00fcsst alle eure Emotionen, Gef\u00fchle und Gedanken immer pr\u00fcfen und unter eurer Kontrolle haben.<\/strong><\/span><\/p>\n<p><span style=\"color: #000080;\"><strong>Werdet Meister \u00fcber Geist-Mind, kontrolliert Geist-Mind-Lebensenergie und werdet Meister im Visualisieren.<\/strong> <strong>Erschafft in eurem Geist pr\u00e4zise Bilder, genau in Form, Gr\u00f6\u00dfe und Farbe, so dass es euch m\u00f6glich sein wird, diese sp\u00e4ter mit Geist-Lebenskraft zu materialisieren.<\/strong><\/span><\/p>\n<p><span style=\"color: #000080;\"><strong>Ich h\u00e4tte euch noch soviel mehr zu lehren, aber ihr seid noch nicht in der Lage, es zu verstehen. \u00dcbt und wenn ihr ernsthaft, diszipliniert und achtsam seid, werdet ihr den Weg ins Licht finden. Ich habe euch die Schl\u00fcssel gegeben. Jetzt m\u00fcsst ihr sie gebrauchen. In zehn Tagen werden wir uns hier wieder treffen. Morgen werde ich nach Yerushalayim gehen. Alaha sei mit euch.\u201c<\/strong><\/span><\/p>\n","protected":false},"excerpt":{"rendered":"<p>\u201eDa sagte Thomas zu ihm:\u201c Herr wir wissen nicht, wohin du gehst: wie sollten wir da den Weg kennen?\u201c Joshua sagte zu ihm: \u201eIch bin der Weg und die Wahrheit und das Leben.\u201c \u00a0\u00a0\u00a0\u00a0\u00a0\u00a0\u00a0\u00a0\u00a0\u00a0\u00a0\u00a0\u00a0\u00a0\u00a0\u00a0\u00a0\u00a0\u00a0\u00a0\u00a0\u00a0\u00a0\u00a0(Johannes 14:5-6) Als Joshua an einem Morgen &hellip; <a href=\"https:\/\/www.anikodrozdy.ch\/index.php\/joshua\/27-kapitel-der-gott-mensch-zeigt-den-weg\/\">Weiterlesen <span class=\"meta-nav\">&rarr;<\/span><\/a><\/p>\n","protected":false},"author":1,"featured_media":0,"parent":8665,"menu_order":29,"comment_status":"closed","ping_status":"closed","template":"","meta":[],"_links":{"self":[{"href":"https:\/\/www.anikodrozdy.ch\/index.php\/wp-json\/wp\/v2\/pages\/29013"}],"collection":[{"href":"https:\/\/www.anikodrozdy.ch\/index.php\/wp-json\/wp\/v2\/pages"}],"about":[{"href":"https:\/\/www.anikodrozdy.ch\/index.php\/wp-json\/wp\/v2\/types\/page"}],"author":[{"embeddable":true,"href":"https:\/\/www.anikodrozdy.ch\/index.php\/wp-json\/wp\/v2\/users\/1"}],"replies":[{"embeddable":true,"href":"https:\/\/www.anikodrozdy.ch\/index.php\/wp-json\/wp\/v2\/comments?post=29013"}],"version-history":[{"count":5,"href":"https:\/\/www.anikodrozdy.ch\/index.php\/wp-json\/wp\/v2\/pages\/29013\/revisions"}],"predecessor-version":[{"id":29123,"href":"https:\/\/www.anikodrozdy.ch\/index.php\/wp-json\/wp\/v2\/pages\/29013\/revisions\/29123"}],"up":[{"embeddable":true,"href":"https:\/\/www.anikodrozdy.ch\/index.php\/wp-json\/wp\/v2\/pages\/8665"}],"wp:attachment":[{"href":"https:\/\/www.anikodrozdy.ch\/index.php\/wp-json\/wp\/v2\/media?parent=29013"}],"curies":[{"name":"wp","href":"https:\/\/api.w.org\/{rel}","templated":true}]}}