{"id":2922,"date":"2016-01-31T22:38:09","date_gmt":"2016-01-31T21:38:09","guid":{"rendered":"https:\/\/tyvijiqi.cyon.site\/?page_id=2922"},"modified":"2024-12-09T09:07:47","modified_gmt":"2024-12-09T08:07:47","slug":"dieses-buch-ist-im-vatikan","status":"publish","type":"page","link":"https:\/\/www.anikodrozdy.ch\/index.php\/joshua-kapitel\/dieses-buch-ist-im-vatikan\/","title":{"rendered":"&#8220; Joshua &#8220;  ist im Vatikan"},"content":{"rendered":"<p><a href=\"https:\/\/www.anikodrozdy.ch\/wp-content\/uploads\/2016\/01\/Scan0001.jpg\"><img loading=\"lazy\" class=\" wp-image-2783 alignleft\" src=\"https:\/\/www.anikodrozdy.ch\/wp-content\/uploads\/2016\/01\/Scan0001-292x300.jpg\" alt=\"Scan0001\" width=\"389\" height=\"400\" srcset=\"https:\/\/www.anikodrozdy.ch\/wp-content\/uploads\/2016\/01\/Scan0001-292x300.jpg 292w, https:\/\/www.anikodrozdy.ch\/wp-content\/uploads\/2016\/01\/Scan0001-996x1024.jpg 996w, https:\/\/www.anikodrozdy.ch\/wp-content\/uploads\/2016\/01\/Scan0001.jpg 1700w\" sizes=\"(max-width: 389px) 100vw, 389px\" \/><\/a><span style=\"color: #000080;\">Ein Freund von mir, der bekannt ist f\u00fcr die feinsten Spiessbraten im Lande, wurde von einem Schweizergardisten angefragt, ob er bereit w\u00e4re, am Nationalfeiertag, dem 1. August 2005 die Schweizergarde im Vatikan mit einem Spiessbraten zu verw\u00f6hnen, anstelle der allj\u00e4hrlichen Bratw\u00fcrste.<\/span><\/p>\n<p><span style=\"color: #000080;\">Mit der Bedingung, dass er sein Schweizerfleisch mitnehmen k\u00f6nne, sagte Georg mit Freuden zu. So einfach war es nicht mit all den Bewilligungen\u2026 f\u00fcr den Fleischtransport.<\/span><\/p>\n<p><span style=\"color: #000080;\">Mit der Absicht das Buch \u201eJoshua Immanuel der Christus\u201c Herrn Ratzinger zu \u00fcbergeben und mich einmal im Vatikan als Clown Logo zu am\u00fcsieren, erhielt ich zu meiner Freude die Erlaubnis, samt Clown Koffer mitzureisen.<\/span><\/p>\n<p><span style=\"color: #000080;\">So reisten wir 2005 nach Rom: Der Jodler Klub Edelweiss, Alphornbl\u00e4ser, Fahnenschwinger und nat\u00fcrlich mit dem besonderen Schweizerfleisch von Georg.<\/span><br \/>\n<span style=\"color: #000080;\">Im Vatikan erfreute uns ein spezielles Programm. Die Jodler Messe wurde aufgef\u00fchrt \u2013 herzber\u00fchrend &#8211; wieviel Heimweh sie bei den Schweizergardisten wohl ausl\u00f6ste?<\/span><\/p>\n<p><a href=\"https:\/\/www.anikodrozdy.ch\/wp-content\/uploads\/2016\/01\/Scan00041.jpg\"><img loading=\"lazy\" class=\"wp-image-2855 alignleft\" src=\"https:\/\/www.anikodrozdy.ch\/wp-content\/uploads\/2016\/01\/Scan00041-300x224.jpg\" alt=\"Scan0004\" width=\"256\" height=\"191\" srcset=\"https:\/\/www.anikodrozdy.ch\/wp-content\/uploads\/2016\/01\/Scan00041-300x224.jpg 300w, https:\/\/www.anikodrozdy.ch\/wp-content\/uploads\/2016\/01\/Scan00041-1024x765.jpg 1024w\" sizes=\"(max-width: 256px) 100vw, 256px\" \/><\/a><span style=\"color: #000080;\">In der Bibliothek der Gardisten durfte ich mich als Clown umziehen \u2013 welche Ehre!<\/span><\/p>\n<p><span style=\"color: #000080;\">Ich am\u00fcsierte mich mit den Kindern, servierte und bediente hie und da auch Hochw\u00fcrden\u2026Papst Benedikt war leider nicht bei seinen irdischen Besch\u00fctzern.<\/span><\/p>\n<p><a href=\"https:\/\/www.anikodrozdy.ch\/wp-content\/uploads\/2016\/01\/P4110055-e1454090465304.jpg\"><img loading=\"lazy\" class=\"wp-image-2864 alignright\" src=\"https:\/\/www.anikodrozdy.ch\/wp-content\/uploads\/2016\/01\/P4110055-e1454090465304-206x300.jpg\" alt=\"P4110055\" width=\"112\" height=\"163\" srcset=\"https:\/\/www.anikodrozdy.ch\/wp-content\/uploads\/2016\/01\/P4110055-e1454090465304-206x300.jpg 206w, https:\/\/www.anikodrozdy.ch\/wp-content\/uploads\/2016\/01\/P4110055-e1454090465304.jpg 312w\" sizes=\"(max-width: 112px) 100vw, 112px\" \/><\/a><\/p>\n<p><span style=\"color: #000080;\">Nach all dem Schabernack meinten die Kinder: Logo komm morgen wieder, bleib im Vatikan!<\/span><\/p>\n<p><span style=\"color: #000080;\">Als Clown Logo hier bleiben? Keine schlechte Idee, als Hofnarr ?<\/span><\/p>\n<p><a href=\"https:\/\/www.anikodrozdy.ch\/wp-content\/uploads\/2016\/02\/Vatikan-070.jpg\"><img loading=\"lazy\" class=\"wp-image-3640 alignleft\" src=\"https:\/\/www.anikodrozdy.ch\/wp-content\/uploads\/2016\/02\/Vatikan-070-125x300.jpg\" alt=\"Vatikan 070\" width=\"114\" height=\"273\" srcset=\"https:\/\/www.anikodrozdy.ch\/wp-content\/uploads\/2016\/02\/Vatikan-070-125x300.jpg 125w, https:\/\/www.anikodrozdy.ch\/wp-content\/uploads\/2016\/02\/Vatikan-070-427x1024.jpg 427w, https:\/\/www.anikodrozdy.ch\/wp-content\/uploads\/2016\/02\/Vatikan-070.jpg 670w\" sizes=\"(max-width: 114px) 100vw, 114px\" \/><\/a><\/p>\n<p><span style=\"color: #000080;\">Mit dem Organisator unserer Vatikanreise, einem ehemaligen Gardisten, \u00fcberreichte ich in Castel Gandolfo, der Sommerresidenz des Papstes, das Buch, \u201eJoshua Immanuel der Christus: Sein Leben auf Erden und seine Lehre\u201c mit einem Schreiben. Ein Schweizer Gardist an der Pforte der Residenz nahm das Buch in Empfang und versicherte uns, es anderntags zu \u00fcbergeben.<\/span><\/p>\n<p>&nbsp;<\/p>\n<p>&nbsp;<\/p>\n<p><span style=\"color: #000080;\">Was schrieb ich dem Papst? (hier einige Ausz\u00fcge)<\/span><br \/>\n<span style=\"color: #000080;\">Die Anrede bereitete mir M\u00fche, so entschloss ich mich zu folgendem:<\/span><\/p>\n<p><span style=\"color: #000080;\">Sehr geehrter Herr Ratzinger, <\/span><\/p>\n<p><span style=\"color: #000080;\">es entspricht nicht meinem Inneren, Sie, sehr geehrter Herr Ratzinger, mit \u201eHeiliger Vater\u201c anzusprechen. Heilig ist f\u00fcr mich Gott der Sch\u00f6pfer. Als Ebenbild Gottes sind alle Menschen in ihrem wahren Wesen heilig. Titel sind von dieser Welt und trennen uns vom Wesentlichen \u2013 der Begegnung von Seele zu Seele. Wir sind eine Menschheitsfamilie \u2013 Schwestern und Br\u00fcder &#8211; so verstehe ich das Christentum.<\/span><\/p>\n<p><span style=\"color: #000080;\">Ich bat ihn, da er jetzt noch mehr Einfluss h\u00e4tte und Diener Gottes sei, unzeitgem\u00e4sse und unn\u00f6tige Dinge, wie sich \u201eheiliger Vater\u201c nennen zulassen oder den Ring zu k\u00fcssen abzuschaffen. <\/span><br \/>\n&#8222;<span style=\"color: #000080;\">W\u00e4re es nicht im Sinne des Gottmenschen, Jesus Christus, das riesige Verm\u00f6gen der Kirche in Projekte zu investieren, um in armen L\u00e4ndern den Menschen Bildung und ein menschenw\u00fcrdiges Leben zu erm\u00f6glichen? Nat\u00fcrlich bin ich dankbar und weiss, dass die Kirche sehr viel Gutes tut, aber hat dieser Prunk nicht ausgedient? K\u00f6nnen Sie dies als Papst verantworten? frage ich mich.&#8220;<\/span><\/p>\n<p><span style=\"color: #000080;\">Und dann erz\u00e4hlte ich von dem bescheidensten Menschen, dem ich begegnen durfte, n\u00e4mlich Daskalos. Was bislang keinem Theologen gelungen war, mir auf die zentralen Fragen des Lebens, die mich mein Leben lang besch\u00e4ftigt hatten, befriedigende Antworten zu erhalten, erhielt ich durch diesen christlichen Mystiker, Dr. Stylianos Atteshlis\u00a0\u00a0\u00a0\u00a0\u00a0\u00a0\u00a0\u00a0 (1912 \u2013 1995), der in Zypern gelebt hat.<\/span><\/p>\n<p><span style=\"color: #000080;\">\u201eUnd so wie ich Sie kenne, sehr geehrter Herr Ratzinger, k\u00f6nnte ich mir vorstellen, dass es Sie auch als Wissenschaftler interessieren k\u00f6nnte, deshalb schenke ich Ihnen von Herzen gerne ein Exemplar dieser wertvollen Schrift&#8230;&#8220;<br \/>\n<\/span><\/p>\n<p><span style=\"color: #000080;\">Des \u00d6fteren wurde ich gefragt ob Papst Benedikt das Buch wohl gelesen habe? <\/span><br \/>\n<span style=\"color: #000080;\">Wenn er die Worte Joshuas verinnerlicht hat, kann er nicht mehr das Amt des Papstes in dieser Weise ausf\u00fchren.<br \/>\n<\/span><\/p>\n<p style=\"text-align: center;\"><a href=\"https:\/\/www.anikodrozdy.ch\/wp-content\/uploads\/2016\/01\/Scan00081.jpg\"><img loading=\"lazy\" class=\"alignnone size-medium wp-image-2862\" src=\"https:\/\/www.anikodrozdy.ch\/wp-content\/uploads\/2016\/01\/Scan00081-300x138.jpg\" alt=\"Scan0008\" width=\"300\" height=\"138\" srcset=\"https:\/\/www.anikodrozdy.ch\/wp-content\/uploads\/2016\/01\/Scan00081-300x138.jpg 300w, https:\/\/www.anikodrozdy.ch\/wp-content\/uploads\/2016\/01\/Scan00081.jpg 1021w\" sizes=\"(max-width: 300px) 100vw, 300px\" \/><\/a><\/p>\n<p><span style=\"color: #008000;\"><a style=\"color: #008000;\" href=\"https:\/\/www.anikodrozdy.ch\/index.php\/joshua-kapitel\/daskalos\/\" target=\"_blank\" rel=\"noopener\">Der Mystiker Daskalos<\/a>\u00a0\u00a0\u00a0\u00a0 <a style=\"color: #008000;\" href=\"https:\/\/www.anikodrozdy.ch\/\">Startseite: Weisheiten f\u00fcr jeden <span style=\"color: #008000;\">Tag<\/span><\/a>\u00a0\u00a0\u00a0\u00a0 <a style=\"color: #008000;\" href=\"https:\/\/www.anikodrozdy.ch\/index.php\/ueber-m\/\">\u00dcber mich<\/a><\/span><\/p>\n<p><span style=\"color: #000080;\"><strong>Joshua Immanuel der Christus<\/strong><\/span><span style=\"color: #000080;\"> &#8211; <strong>Sein Leben auf Erden und seine Lehre<\/strong><\/span><br \/>\n<span style=\"color: #000080;\"> Dr. Stylianos Atteshlis &#8211; bekannt als Daskalos<\/span><br \/>\n<span style=\"color: #000080;\"> Herausgeber: The Stoa Series P.O.Box 8347, 2020 Nicosia<\/span><span style=\"color: #000080;\"> ISBN 9963-8162-3-1<\/span><\/p>\n","protected":false},"excerpt":{"rendered":"<p>Ein Freund von mir, der bekannt ist f\u00fcr die feinsten Spiessbraten im Lande, wurde von einem Schweizergardisten angefragt, ob er bereit w\u00e4re, am Nationalfeiertag, dem 1. August 2005 die Schweizergarde im Vatikan mit einem Spiessbraten zu verw\u00f6hnen, anstelle der allj\u00e4hrlichen &hellip; <a href=\"https:\/\/www.anikodrozdy.ch\/index.php\/joshua-kapitel\/dieses-buch-ist-im-vatikan\/\">Weiterlesen <span class=\"meta-nav\">&rarr;<\/span><\/a><\/p>\n","protected":false},"author":1,"featured_media":0,"parent":6254,"menu_order":0,"comment_status":"closed","ping_status":"closed","template":"onecolumn-page.php","meta":[],"_links":{"self":[{"href":"https:\/\/www.anikodrozdy.ch\/index.php\/wp-json\/wp\/v2\/pages\/2922"}],"collection":[{"href":"https:\/\/www.anikodrozdy.ch\/index.php\/wp-json\/wp\/v2\/pages"}],"about":[{"href":"https:\/\/www.anikodrozdy.ch\/index.php\/wp-json\/wp\/v2\/types\/page"}],"author":[{"embeddable":true,"href":"https:\/\/www.anikodrozdy.ch\/index.php\/wp-json\/wp\/v2\/users\/1"}],"replies":[{"embeddable":true,"href":"https:\/\/www.anikodrozdy.ch\/index.php\/wp-json\/wp\/v2\/comments?post=2922"}],"version-history":[{"count":28,"href":"https:\/\/www.anikodrozdy.ch\/index.php\/wp-json\/wp\/v2\/pages\/2922\/revisions"}],"predecessor-version":[{"id":32622,"href":"https:\/\/www.anikodrozdy.ch\/index.php\/wp-json\/wp\/v2\/pages\/2922\/revisions\/32622"}],"up":[{"embeddable":true,"href":"https:\/\/www.anikodrozdy.ch\/index.php\/wp-json\/wp\/v2\/pages\/6254"}],"wp:attachment":[{"href":"https:\/\/www.anikodrozdy.ch\/index.php\/wp-json\/wp\/v2\/media?parent=2922"}],"curies":[{"name":"wp","href":"https:\/\/api.w.org\/{rel}","templated":true}]}}