{"id":31019,"date":"2023-08-19T22:42:42","date_gmt":"2023-08-19T20:42:42","guid":{"rendered":"https:\/\/www.anikodrozdy.ch\/?page_id=31019"},"modified":"2023-08-19T22:42:42","modified_gmt":"2023-08-19T20:42:42","slug":"die-kirche-der-liebe","status":"publish","type":"page","link":"https:\/\/www.anikodrozdy.ch\/index.php\/die-kirche-der-liebe\/","title":{"rendered":"Die Kirche der Liebe"},"content":{"rendered":"<p><span style=\"color: #000080;\"><strong>Dies ist die Prophezeiung der Katharer von 1244<\/strong>, die besagt, dass am Ende des 20. Jahrhunderts die \u2018<strong>Kirche der Liebe\u2019<\/strong> verk\u00fcndet w\u00fcrde, um in unseren Herzen zu leben.<\/span><\/p>\n<p><span style=\"color: #000080;\">Sie hat keine feste Form, sondern besteht nur im Einvernehmen der Menschen untereinander. Sie hat keine Mitgliedschaft au\u00dfer denjenigen, die sich ihr zugeh\u00f6rig f\u00fchlen.<\/span><\/p>\n<p><span style=\"color: #000080;\">Sie kennt keine Konkurrenz, denn sie wetteifert nicht. Sie hat keinen Ehrgeiz, denn sie w\u00fcnscht nur zu dienen. Sie zieht keine Landesgrenzen, denn das entbehrt der Liebe. Sie stellt sich nicht selbst dar, denn sie sucht alle Gruppen und Religionen zu bereichern.<\/span><\/p>\n<p><span style=\"color: #000080;\">Sie erkennt alle gro\u00dfen Lehrer aller Zeiten an, welche die Wahrheit der Liebe gelebt haben. Ihre Mitglieder \u00fcben die Wahrheit der Liebe mit ihrem ganzen Sein aus. Sie schlie\u00dft keine Lebensweise oder Nationalit\u00e4t aus.<\/span><\/p>\n<p><span style=\"color: #000080;\">Alle die dazugeh\u00f6ren, wissen es. Sie trachtet nicht, andere zu belehren; sie trachtet nur zu sein und durch ihr Sein zu bereichern. Sie lebt in der Erkenntnis, dass die ganze Erde ein lebendes Wesen ist, von dem wir ein Teil sind.<\/span><\/p>\n<p><span style=\"color: #000080;\">Sie wei\u00df, dass die Zeit der letzten Umwandlung gekommen ist; fort von der Ichhaftigkeit &#8211; aus freiem Willen zur\u00fcck in die Einheit. Sie verk\u00fcndet sich nicht mit lauter Stimme, sondern wirkt nur durch die sanfte Art der Liebe.<\/span><\/p>\n<p><span style=\"color: #000080;\">Sie verneigt sich vor allen, die den Weg der Liebe gebahnt haben und daf\u00fcr ihr Leben gaben. Sie l\u00e4sst in ihren Reihen keine Rangfolge oder starren Aufbau zu, denn keiner ist gr\u00f6\u00dfer als der andere.<\/span><\/p>\n<p><span style=\"color: #000080;\">Sie verspricht keinen Lohn, weder in diesem noch in jenem Leben, nur Freunde des Seins in Liebe. Ihre Mitglieder werden einander an ihren Handlungen erkennen, an ihrem Sein, an ihren Augen und an keiner \u00e4u\u00dferen Geste als der geschwisterlichen Umarmung. Ihre Mitglieder werden weder Furcht noch Scham kennen und ihr Zeugnis wird immer g\u00fcltig sein, in guten wie in schlechten Zeiten.<\/span><\/p>\n<p><span style=\"color: #000080;\">Die Kirche der Liebe hat kein Geheimnis, kein Mysterium und keine Einweihung, au\u00dfer dem tiefen Wissen um die Macht der Liebe und darum, dass die Welt sich \u00e4ndern wird, wenn wir Menschen dies wollen, aber nur indem zuerst wir selbst uns \u00e4ndern.<\/span><\/p>\n<p><span style=\"color: #000080;\">Alle, die sich dazugeh\u00f6rig f\u00fchlen, geh\u00f6ren dazu. Sie geh\u00f6ren zur Kirche der Liebe.\u00a0 \u00a0 \u00a0 \u00a0 \u00a0 \u00a0 \u00a0 \u00a0 \u00a0 \u00a0 \u00a0 \u00a0 \u00a0\u00a0<\/span><\/p>\n","protected":false},"excerpt":{"rendered":"<p>Dies ist die Prophezeiung der Katharer von 1244, die besagt, dass am Ende des 20. Jahrhunderts die \u2018Kirche der Liebe\u2019 verk\u00fcndet w\u00fcrde, um in unseren Herzen zu leben. Sie hat keine feste Form, sondern besteht nur im Einvernehmen der Menschen &hellip; <a href=\"https:\/\/www.anikodrozdy.ch\/index.php\/die-kirche-der-liebe\/\">Weiterlesen <span class=\"meta-nav\">&rarr;<\/span><\/a><\/p>\n","protected":false},"author":1,"featured_media":0,"parent":0,"menu_order":0,"comment_status":"closed","ping_status":"closed","template":"","meta":[],"_links":{"self":[{"href":"https:\/\/www.anikodrozdy.ch\/index.php\/wp-json\/wp\/v2\/pages\/31019"}],"collection":[{"href":"https:\/\/www.anikodrozdy.ch\/index.php\/wp-json\/wp\/v2\/pages"}],"about":[{"href":"https:\/\/www.anikodrozdy.ch\/index.php\/wp-json\/wp\/v2\/types\/page"}],"author":[{"embeddable":true,"href":"https:\/\/www.anikodrozdy.ch\/index.php\/wp-json\/wp\/v2\/users\/1"}],"replies":[{"embeddable":true,"href":"https:\/\/www.anikodrozdy.ch\/index.php\/wp-json\/wp\/v2\/comments?post=31019"}],"version-history":[{"count":1,"href":"https:\/\/www.anikodrozdy.ch\/index.php\/wp-json\/wp\/v2\/pages\/31019\/revisions"}],"predecessor-version":[{"id":31020,"href":"https:\/\/www.anikodrozdy.ch\/index.php\/wp-json\/wp\/v2\/pages\/31019\/revisions\/31020"}],"wp:attachment":[{"href":"https:\/\/www.anikodrozdy.ch\/index.php\/wp-json\/wp\/v2\/media?parent=31019"}],"curies":[{"name":"wp","href":"https:\/\/api.w.org\/{rel}","templated":true}]}}