{"id":32960,"date":"2025-03-10T16:05:40","date_gmt":"2025-03-10T15:05:40","guid":{"rendered":"https:\/\/www.anikodrozdy.ch\/?page_id=32960"},"modified":"2025-12-05T09:47:05","modified_gmt":"2025-12-05T08:47:05","slug":"buch","status":"publish","type":"page","link":"https:\/\/www.anikodrozdy.ch\/index.php\/buch\/","title":{"rendered":"Mein Buch: Ajandek"},"content":{"rendered":"<h1><\/h1>\n<h1 style=\"text-align: center;\"><span style=\"color: #ff0000;\"><strong>Ajandek &#8211; Das Geschenk<\/strong><\/span><\/h1>\n<p style=\"text-align: center;\"><strong><span style=\"color: #000080;\">Meine Sehnsucht nach Liebe, Wahrheit und Gerechtigkeit<\/span><\/strong><\/p>\n<h5 style=\"text-align: center;\"><span style=\"color: #000080;\">i<\/span><span style=\"color: #000080;\">st im August von Goethe Literaturverlag der Frankfurter Verlagsgruppe\u00a0 erschienen und umfasst 426 Seiten\u00a0 \u00a0&#8211;\u00a0 \u00a0<\/span><span style=\"color: #000080;\">ISBN ist: 978-3-8372-2856-4\u00a0 \u00a0<\/span><\/h5>\n<h3 style=\"text-align: center;\"><strong><span style=\"color: #ff0000;\"><a style=\"color: #ff0000;\" href=\"https:\/\/www.anikodrozdy.ch\/index.php\/buch\/lesungen\/\">L e s u n g e n<\/a><\/span><\/strong><\/h3>\n<p><span style=\"color: #333399;\"><strong>\u00a0 \u00a0 \u00a0 \u00a0 \u00a0 <span style=\"color: #000080;\">\u00a0 Ein Weg der Befreiung \u2013 in Liebe zum Leben \u2013 den Frieden Leben!<\/span><\/strong><\/span><\/p>\n<p style=\"text-align: center;\"><span style=\"color: #000080;\">Sie war heimatlos \u2013 Chefbeamtin \u2013 Einsiedlerin \u2013 Clown \u2013 Therapeutin \u2013 Konvertierung zum Katholizismus \u2013 Atheistin \u2013 Begegnung mit dem christlichen Mystiker Dr. Stylianos Atteshlis bekannt als Daskalos<\/span><\/p>\n<blockquote><p><span style=\"color: #000080;\"><img loading=\"lazy\" class=\"alignright\" src=\"https:\/\/www.anikodrozdy.ch\/wp-content\/uploads\/2025\/03\/Foto-Aniko-fuer-Website-Maerz-2025_6-150x150.png\" width=\"143\" height=\"143\" \/><em>Aniko Drozdy beschreibt ihren inneren Entwicklungsweg in einer ber\u00fchrenden Lebensgeschichte, die 1943 in Budapest begann, als sie zwischen Sirenengeheul das Licht der Welt erblickte. Das vierj\u00e4hrige Kind reiste mit dem Roten Kreuz in die Schweiz, wo es eine neue Heimat finden musste. Weit weg von der Familie wird Hajna, Aniko, Ajandek, so heisst das Kind, von schweizerischen Pflegeeltern f\u00fcrsorglich aufgenommen. In ihrer Hypersensibilit\u00e4t prallte die Aussenwelt \u00fcber Jahre auf ihre Innenwelt. Im jungen Menschen brodelte und k\u00e4mpfte es, dazu kam ihr Gef\u00fchl im falschen K\u00f6rper geboren worden zu sein und eine \u00e4usserst schwierige Einb\u00fcrgerung. Dies und mehr brachte Aniko immer wieder an existenzielle Grenzerlebnisse, doch ihr eigener Kompass liess sie ihren Weg finden.\u00a0<\/em><\/span><\/p>\n<p><span style=\"color: #000080;\"><em><strong><a href=\"https:\/\/www.anikodrozdy.ch\/wp-content\/uploads\/2018\/09\/IMG-20180829-WA0007.jpg\"><img loading=\"lazy\" class=\" wp-image-19348 alignleft\" src=\"https:\/\/www.anikodrozdy.ch\/wp-content\/uploads\/2018\/09\/IMG-20180829-WA0007-150x150.jpg\" alt=\"\" width=\"63\" height=\"63\" \/><\/a><\/strong>Ihre unentwegte Suche nach\u00a0der universellen Freiheit liess sie Atheistin werden,\u00a0bis sie durch ein starkes inneres Erlebnis die bedingungslose Liebe fand, darnach aus Beruf\u00a0und Gesellschaft ausstieg und Dr. Stylianos Atteshlis begegnete, dem christlichen Mystiker Daskalos.<\/em><\/span><\/p>\n<p><strong><span style=\"color: #000080;\"><a href=\"https:\/\/www.anikodrozdy.ch\/wp-content\/uploads\/2018\/09\/IMG-20180829-WA0007.jpg\"><img loading=\"lazy\" class=\"wp-image-19348 alignright\" src=\"https:\/\/www.anikodrozdy.ch\/wp-content\/uploads\/2018\/09\/IMG-20180829-WA0007-150x150.jpg\" alt=\"\" width=\"63\" height=\"63\" \/><\/a><\/span><\/strong><em><span style=\"color: #000080;\">Aniko ist es gegeben, ganz aus sich selbst heraus unabh\u00e4ngig einer Institution oder Konfession zu leben und zu wirken. Bemerkenswert sind auch ihre Erkenntnisse spiritueller Zusammenh\u00e4nge der verschiedenen sexuellen Orientierungen.<\/span><\/em><\/p>\n<p><em><strong><span style=\"color: #000080;\"><a href=\"https:\/\/www.anikodrozdy.ch\/wp-content\/uploads\/2018\/09\/IMG-20180829-WA0007.jpg\"><img loading=\"lazy\" class=\"wp-image-19348 alignleft\" src=\"https:\/\/www.anikodrozdy.ch\/wp-content\/uploads\/2018\/09\/IMG-20180829-WA0007-150x150.jpg\" alt=\"\" width=\"63\" height=\"63\" \/><\/a><\/span><\/strong><span style=\"color: #000080;\">Mit ihren Erfahrungen gibt sie Impulse, macht Mut zu unserer einmaligen Pers\u00f6nlichkeit JA zu sagen. Jeder Mensch ist einmalig und tr\u00e4gt im Herzen ein Geschenk f\u00fcr die Menschheitsfamilie mit.<\/span><\/em><\/p>\n<p><strong><span style=\"color: #000080;\"><a href=\"https:\/\/www.anikodrozdy.ch\/wp-content\/uploads\/2018\/09\/IMG-20180829-WA0007.jpg\"><img loading=\"lazy\" class=\"wp-image-19348 alignright\" src=\"https:\/\/www.anikodrozdy.ch\/wp-content\/uploads\/2018\/09\/IMG-20180829-WA0007-150x150.jpg\" alt=\"\" width=\"63\" height=\"63\" \/><\/a><\/span><\/strong><em><span style=\"color: #000080;\">Wir alle wollen Frieden und ihn auch drau\u00dfen in der Welt finden, irgendwann\u2026 Wir k\u00f6nnen heute schon beginnen, mit aller Kraft und Entschlossenheit den Frieden in uns zu finden und werden erkennen, dass die Quelle des Friedens unsere wahre Natur ist.<\/span><\/em><\/p>\n<p><span style=\"color: #333399;\"><span style=\"color: #993366;\"><strong><em>Leserinnenstimme:\u00a0 <\/em><\/strong><\/span><em>Von einer lieben Freundin bekam ich das Buch Ajandek von Aniko Drozdy geschenkt. Mit grosser Spannung, Neugierde und Freude las ich das Buch Ajandek. Der Titel ist gut gew\u00e4hlt, es war wirklich ein grosses GESCHENK f\u00fcr mich, diese spannende, unglaubliche Lebensgeschichte zu lesen, ehrlich, mutig, lebendig, klug und weise geschrieben.<\/em><\/span><\/p>\n<p><span style=\"color: #333399;\"><a style=\"color: #333399;\" href=\"https:\/\/www.anikodrozdy.ch\/wp-content\/uploads\/2022\/02\/image.png\"><img loading=\"lazy\" class=\"size-thumbnail wp-image-28293 alignleft\" src=\"https:\/\/www.anikodrozdy.ch\/wp-content\/uploads\/2022\/02\/image-150x150.png\" alt=\"\" width=\"150\" height=\"150\" \/><\/a><\/span><\/p>\n<p><span style=\"color: #333399;\"><em>Auch das letzte Kapitel \u00fcber das Gender-Thema hat mich tief ber\u00fchrt. Die Autorin geht ja immer bei allen Themen tiefer, zur\u00fcck bis zur Quelle, wo wir alle EINS sind. Dann ist man f\u00e4hig die Dinge mit Liebe zu betrachten und es gibt keine Verurteilung, keine Spaltung mehr. Immer hat sie hartn\u00e4ckig und mutig die Ratschl\u00e4ge und Vorstellungen der Erwachsenen hinterfragt, solange bis sie herausfand, was f\u00fcr sie stimmt und dies seit ihrer fr\u00fchesten Kindheit.<\/em><\/span><\/p>\n<p><span style=\"color: #333399;\"><em>Ein lesenswertes Buch mit vielen tiefen Gef\u00fchlen und starken Emotionen, da sp\u00fcrt man die ungarischen Wurzeln. R.R.<\/em><\/span><\/p>\n<h2 style=\"text-align: center;\"><span style=\"color: #ff0000;\"><strong><em>Vorwort<\/em><\/strong><\/span><\/h2>\n<p style=\"text-align: center;\"><span style=\"color: #000080;\"><em>\u00a0Michael Leibundgut<\/em><\/span><\/p>\n<p><span style=\"color: #000080;\"><em>Es ist mir eine gro\u00dfe Ehre und Freude, ein Vorwort zu diesem wundervollen Buch von Aniko Drozdy schreiben zu d\u00fcrfen. Obwohl ich Aniko erst vor nicht allzu langer Zeit kennengelernt habe, war es sofort klar, dass wir auf mehreren Ebenen Seelenverwandte sind. Ihre Pr\u00e4senz, die aufrichtige Tiefe ihrer Gedanken und das Leuchten ihrer Lebensweisheit zogen mich vom ersten Augenblick an in ihren Bann.<\/em><\/span><\/p>\n<p><span style=\"color: #000080;\"><em>Unsere Kultur neigt dazu, das Wissen und die Erfahrungen des Alters zu \u00fcbersehen, in der Hektik einer zunehmend schnellen und technologiegetriebenen Zeit. Doch Aniko ist eine lebendige Erinnerung daran, welch unsch\u00e4tzbaren Wert ein reich gelebtes Leben und die darin verborgenen Weisheiten f\u00fcr uns alle haben k\u00f6nnen. In ihrem Leben hat sie \u2013 sowohl innerlich als auch \u00e4u\u00dferlich \u2013 viele Welten durchquert und in all diesen Begegnungen mit den Herausforderungen und Freuden des Daseins hat sie eine zeitlose Frische bewahrt, die nur wenigen Menschen eigen ist. Besonders faszinieren mich Menschen, die sich im Alter durch ein authentisches Leuchten auszeichnen und uns zeigen, dass das Leben bis zur letzten Minute gelebt werden kann und auch gelebt werden sollte. Von ihnen kann man wahrlich etwas lernen \u2013 nicht nur \u00fcber das Altern, sondern \u00fcber das Leben an sich.<\/em><\/span><\/p>\n<p><span style=\"color: #000080;\"><em>In Ajandek l\u00e4dt uns Aniko ein, in ihre bewegte Lebensgeschichte einzutauchen. Schon bald wird klar, dass sie in vielerlei Hinsicht ihrer Zeit voraus war. Ihr Wunsch, bestimmten Konventionen nicht blind zu folgen, entsprang nicht einer Rebellion, sondern einem tiefen Bed\u00fcrfnis nach Gerechtigkeit und der \u00dcberzeugung, dass jedes Wesen den Raum verdient, sich in Liebe und Freiheit zu entfalten. Diese Sehnsucht nach innerer und \u00e4u\u00dferer Freiheit durchzieht ihr Leben wie ein roter Faden, und Aniko hat nie aufgegeben, f\u00fcr diese Art von Gerechtigkeit einzustehen. Es war dieser tiefe innere Drang, der sie bereits als junges M\u00e4dchen dazu bewegte, mutige Entscheidungen zu treffen.<\/em><\/span><\/p>\n<p><span style=\"color: #000080;\"><em>In der Schweiz fand sie anfangs weder die Freiheit noch die Leichtigkeit, die sie sich gew\u00fcnscht hatte. Sie f\u00fchlte sich zu sehr \u201egeerdet\u201c, fast gefangen in den engen Strukturen und Erwartungen, die man an sie stellte. Doch vielleicht war gerade diese Erdung \u2013 die zahlreichen T\u00e4tigkeiten, denen sie nachging und die unterschiedlichen Rollen, die sie \u00fcbernahm \u2013 die Basis daf\u00fcr, dass Aniko ihre wohl wichtigste Reise antreten konnte: die Reise des Bewusstseins, die sie sp\u00e4ter zusammen mit dem zypriotischen Mystiker Daskalos (Dr. Stylianos Atteshlis) antrat. Diese Reise erm\u00f6glichte es ihr, eine andere Dimension der Freiheit zu entdecken \u2013 eine Freiheit, die jenseits der physischen Welt liegt und einen Raum er\u00f6ffnet, in dem sie sich wahrhaftig erf\u00fcllt und in Einklang mit ihrem tiefsten Selbst f\u00fchlen konnte.<\/em><\/span><\/p>\n<p><span style=\"color: #000080;\"><em>Ajandek f\u00fchrt uns durch eine Vielzahl archetypischer menschlicher Erfahrungen: Migration, Verlust der Eltern, Fragen der sexuellen Identit\u00e4t, k\u00fcnstlerisches und spirituelles Wachstum. Es ist eine Geschichte, die viele der Herausforderungen und Freuden des 20. Jahrhunderts widerspiegelt und uns zeigt, wie es als Frau \u2013 endlich! \u2013 m\u00f6glich wurde, ein unabh\u00e4ngiges und selbstbestimmtes Leben zu f\u00fchren. Und welch ein Leben Aniko f\u00fchrte! Sie durchlief eine beachtliche Vielfalt an Berufen und Lebensstationen, von der B\u00e4uerinnen-Schule \u00fcber das Lehrerinnenseminar, die Schauspielschule, bis hin zur Arbeit in einer Spitalk\u00fcche in Australien. Sie konvertierte zum Katholizismus, wurde dann Atheistin, Chefbeamtin und schlie\u00dflich Einsiedlerin. Ihre Wege f\u00fchrten sie in ferne L\u00e4nder wie Indien, bis sie schlie\u00dflich auf der Insel Zypern bei Daskalos ankam \u2013 einem Ort, der in gewisser Weise die spirituelle Kr\u00f6nung ihrer Lebensreise darstellte.<\/em><\/span><\/p>\n<p><span style=\"color: #000080;\"><em>Anikos Leben ist ein Spiegelbild der universellen menschlichen Suche nach Sinn und Freiheit, ein Leben, das den Mut zum Anderssein, zur Authentizit\u00e4t und zur Selbstentfaltung verk\u00f6rpert. Dabei ist sie kein Charakter, der sich bequem an den R\u00e4ndern des Lebens aufh\u00e4lt. Sie hat sich voll und ganz dem Dasein verschrieben und es gewagt, sich immer wieder neu zu erfinden. Ihre Geschichte zeigt uns, dass es keine festen Definitionen oder Grenzen gibt, die uns wirklich einengen k\u00f6nnen, wenn wir den Mut haben, uns selbst treu zu bleiben und unserer inneren Stimme zu folgen. Ihr Leben ist ein Zeugnis f\u00fcr das Potenzial, das in jedem von uns liegt \u2013 ein Potenzial, das sich entfalten kann, wenn wir die Schranken der Konvention und der inneren \u00c4ngste durchbrechen.<\/em><\/span><\/p>\n<p><span style=\"color: #000080;\"><em>Im Kontakt mit Daskalos erkannte Aniko, dass die wahre Freiheit von innen kommt und dass jede \u00e4u\u00dfere Ver\u00e4nderung letztlich nur der Spiegel einer tiefen inneren Transformation ist.<\/em><\/span><\/p>\n<p><span style=\"color: #000080;\"><em>Daskalos, der sich stets als \u00e4lteren Bruder, nicht als Lehrer bezeichnete, inspirierte sie dazu die inneren Grenzen des physischen Daseins zu \u00fcberschreiten und zu erfahren, was es bedeutet, in einem Zustand des \u201ehimmlischen Bewusstseins\u201c zu leben. Diese Begegnung pr\u00e4gte sie tief und erm\u00f6glichte es ihr, eine Dimension des Seins zu erfahren, die sich jenseits von Ort und Zeit befindet \u2013 eine Dimension, die ihr schlie\u00dflich das Gef\u00fchl der Erf\u00fcllung und Freiheit schenkte, nach dem sie sich immer gesehnt hatte.<\/em><\/span><\/p>\n<p><span style=\"color: #000080;\"><em>Anikos Geschichte erinnert uns daran, dass das Leben kein statisches Gef\u00fcge ist, sondern ein st\u00e4ndig wachsender Prozess der Selbstfindung und Selbstentfaltung. Jeder Lebensabschnitt, jede Begegnung und jede Entscheidung ist ein Baustein auf diesem Weg. Mit Ajandek l\u00e4dt sie uns ein, diese Reise mit ihr zu teilen und einen Blick in das Herz und die Seele einer Frau zu werfen, die sich niemals mit den Erwartungen der Welt zufriedengegeben hat und deren unersch\u00fctterlicher Glaube an die Freiheit und W\u00fcrde jedes Menschen eine Inspiration f\u00fcr uns alle ist.<\/em><\/span><\/p>\n<p><span style=\"color: #000080;\"><em>Hier eine Leseprobe aus dem Buch: <\/em><a style=\"color: #000080;\" href=\"https:\/\/www.anikodrozdy.ch\/index.php\/ueber-m\/fluechtlinge-3\/\">Mein Vater der Fl\u00fcchtling <\/a><\/span><\/p>\n<p><span style=\"color: #000080;\">\u00a0<a style=\"color: #000080;\" href=\"https:\/\/www.anikodrozdy.ch\/index.php\/ueber-m\/erste-begegnung-mit-daskalos\/\">Erste Begegnung mit Daskalos<\/a><\/span><\/p><\/blockquote>\n","protected":false},"excerpt":{"rendered":"<p>Ajandek &#8211; Das Geschenk Meine Sehnsucht nach Liebe, Wahrheit und Gerechtigkeit ist im August von Goethe Literaturverlag der Frankfurter Verlagsgruppe\u00a0 erschienen und umfasst 426 Seiten\u00a0 \u00a0&#8211;\u00a0 \u00a0ISBN ist: 978-3-8372-2856-4\u00a0 \u00a0 L e s u n g e n \u00a0 \u00a0 &hellip; <a href=\"https:\/\/www.anikodrozdy.ch\/index.php\/buch\/\">Weiterlesen <span class=\"meta-nav\">&rarr;<\/span><\/a><\/p>\n","protected":false},"author":1,"featured_media":0,"parent":0,"menu_order":0,"comment_status":"closed","ping_status":"closed","template":"","meta":[],"_links":{"self":[{"href":"https:\/\/www.anikodrozdy.ch\/index.php\/wp-json\/wp\/v2\/pages\/32960"}],"collection":[{"href":"https:\/\/www.anikodrozdy.ch\/index.php\/wp-json\/wp\/v2\/pages"}],"about":[{"href":"https:\/\/www.anikodrozdy.ch\/index.php\/wp-json\/wp\/v2\/types\/page"}],"author":[{"embeddable":true,"href":"https:\/\/www.anikodrozdy.ch\/index.php\/wp-json\/wp\/v2\/users\/1"}],"replies":[{"embeddable":true,"href":"https:\/\/www.anikodrozdy.ch\/index.php\/wp-json\/wp\/v2\/comments?post=32960"}],"version-history":[{"count":153,"href":"https:\/\/www.anikodrozdy.ch\/index.php\/wp-json\/wp\/v2\/pages\/32960\/revisions"}],"predecessor-version":[{"id":34377,"href":"https:\/\/www.anikodrozdy.ch\/index.php\/wp-json\/wp\/v2\/pages\/32960\/revisions\/34377"}],"wp:attachment":[{"href":"https:\/\/www.anikodrozdy.ch\/index.php\/wp-json\/wp\/v2\/media?parent=32960"}],"curies":[{"name":"wp","href":"https:\/\/api.w.org\/{rel}","templated":true}]}}