{"id":33257,"date":"2025-04-13T08:53:59","date_gmt":"2025-04-13T06:53:59","guid":{"rendered":"https:\/\/www.anikodrozdy.ch\/?page_id=33257"},"modified":"2025-11-11T01:34:15","modified_gmt":"2025-11-11T00:34:15","slug":"lesungen","status":"publish","type":"page","link":"https:\/\/www.anikodrozdy.ch\/index.php\/buch\/lesungen\/","title":{"rendered":"Lesungen"},"content":{"rendered":"<p><span style=\"color: #000080;\">\u00dcber die Homepage www.anikodrozdy.ch werden fortlaufend Termine <\/span><br \/>\n<span style=\"color: #000080;\">f\u00fcr weitere Lesungen bekannt gegeben.<\/span><\/p>\n<p><span style=\"color: #000080;\"><strong><span style=\"color: #ff0000;\">Z\u00fcrich:<\/span> <\/strong>Donnerstag,\u00a0 8. Mai 2025 um 20h im Sternensaal<\/span><br \/>\n<span style=\"color: #000080;\">der Rudolf Steiner-Schule, Plattenstrasse 37, 8032 Z\u00fcrich\u00a0<\/span><\/p>\n<p><span style=\"color: #000080;\"><span style=\"color: #ff0000;\"><strong><span style=\"color: #ff0000;\">Basel:<\/span> <\/strong><\/span>Freitag, 16. Mai 2025 um 20h Pfeffingerstr. 34, 4053 Basel \u2013 Hinterhof, 1.OG\u00a0<\/span><\/p>\n<p><span style=\"color: #000080;\"><span style=\"color: #ff0000;\"><strong>Berlin:<\/strong><\/span> Donnerstag, 22. Mai 2025 um 19h in der SAAT Library, Triftstrasse 55 13353 Berlin<\/span><\/p>\n<p><span style=\"color: #000080;\"><span style=\"color: #ff0000;\"><strong>Berlin:<\/strong> <span style=\"color: #000080;\">Freitag, <\/span><\/span>23. Mai 2025 um 20h im Kunstsalon zur Edith<\/span><br \/>\n<span style=\"color: #000080;\">J\u00fclicherstrasse 30, 13357 Berlin \u2013 Ecke Bornholmerstrasse<\/span><\/p>\n<p><span style=\"color: #ff0000;\"><strong><span style=\"color: #ff0000;\">Winterthur: <\/span><\/strong><span style=\"color: #000080;\">Sonntag, 28. September &#8211;\u00a0<\/span><\/span><span style=\"color: #ff0000;\"><a style=\"color: #ff0000;\" href=\"https:\/\/www.anikodrozdy.ch\/wp-content\/uploads\/2025\/09\/Flyer-Aniko-28.9.-25-Druckversion-4.pdf\">Matinee mit Aniko Drozdy <\/a><\/span><\/p>\n<p><span style=\"color: #008000;\"><a href=\"https:\/\/www.anikodrozdy.ch\/wp-content\/uploads\/2018\/06\/team-386673__340-1.jpg\"><img loading=\"lazy\" class=\"alignnone wp-image-18269\" src=\"https:\/\/www.anikodrozdy.ch\/wp-content\/uploads\/2018\/06\/team-386673__340-1-150x150.jpg\" alt=\"\" width=\"110\" height=\"110\" \/> <\/a><\/span><\/p>\n<p><span style=\"color: #000080;\"><span style=\"color: #ff0000;\"><strong><span style=\"color: #ff0000;\">Angebote:<\/span>\u00a0 <\/strong><\/span><\/span><span style=\"color: #000080;\">Sehr gerne biete ich nebst den Lesungen auch Einzel- und Gruppengespr\u00e4che an, Gespr\u00e4che und Diskussionen mit Jugendlichen in Schulen und Vortr\u00e4ge. Einblick in die Themen des <strong>Jugendprojekts<\/strong> k\u00f6nnen Sie gerne meiner Website entnehmen. <a style=\"color: #000080;\" href=\"https:\/\/www.anikodrozdy.ch\/index.php\/aktuell\/\">Jugendprojekt<\/a><\/span><\/p>\n<p><a href=\"https:\/\/www.anikodrozdy.ch\/index.php\/buch\/\">Mein Buch<\/a><\/p>\n","protected":false},"excerpt":{"rendered":"<p>\u00dcber die Homepage www.anikodrozdy.ch werden fortlaufend Termine f\u00fcr weitere Lesungen bekannt gegeben. Z\u00fcrich: Donnerstag,\u00a0 8. Mai 2025 um 20h im Sternensaal der Rudolf Steiner-Schule, Plattenstrasse 37, 8032 Z\u00fcrich\u00a0 Basel: Freitag, 16. Mai 2025 um 20h Pfeffingerstr. 34, 4053 Basel \u2013 &hellip; <a href=\"https:\/\/www.anikodrozdy.ch\/index.php\/buch\/lesungen\/\">Weiterlesen <span class=\"meta-nav\">&rarr;<\/span><\/a><\/p>\n","protected":false},"author":1,"featured_media":0,"parent":32960,"menu_order":0,"comment_status":"closed","ping_status":"closed","template":"","meta":[],"_links":{"self":[{"href":"https:\/\/www.anikodrozdy.ch\/index.php\/wp-json\/wp\/v2\/pages\/33257"}],"collection":[{"href":"https:\/\/www.anikodrozdy.ch\/index.php\/wp-json\/wp\/v2\/pages"}],"about":[{"href":"https:\/\/www.anikodrozdy.ch\/index.php\/wp-json\/wp\/v2\/types\/page"}],"author":[{"embeddable":true,"href":"https:\/\/www.anikodrozdy.ch\/index.php\/wp-json\/wp\/v2\/users\/1"}],"replies":[{"embeddable":true,"href":"https:\/\/www.anikodrozdy.ch\/index.php\/wp-json\/wp\/v2\/comments?post=33257"}],"version-history":[{"count":39,"href":"https:\/\/www.anikodrozdy.ch\/index.php\/wp-json\/wp\/v2\/pages\/33257\/revisions"}],"predecessor-version":[{"id":33899,"href":"https:\/\/www.anikodrozdy.ch\/index.php\/wp-json\/wp\/v2\/pages\/33257\/revisions\/33899"}],"up":[{"embeddable":true,"href":"https:\/\/www.anikodrozdy.ch\/index.php\/wp-json\/wp\/v2\/pages\/32960"}],"wp:attachment":[{"href":"https:\/\/www.anikodrozdy.ch\/index.php\/wp-json\/wp\/v2\/media?parent=33257"}],"curies":[{"name":"wp","href":"https:\/\/api.w.org\/{rel}","templated":true}]}}