{"id":3350,"date":"2016-02-13T18:49:15","date_gmt":"2016-02-13T17:49:15","guid":{"rendered":"https:\/\/tyvijiqi.cyon.site\/?page_id=3350"},"modified":"2025-11-23T10:54:16","modified_gmt":"2025-11-23T09:54:16","slug":"links-2","status":"publish","type":"page","link":"https:\/\/www.anikodrozdy.ch\/index.php\/links-2\/","title":{"rendered":"Links"},"content":{"rendered":"<p><span style=\"color: #000080;\">Die hier angef\u00fchrten Links sind von engagierten Menschen mit besonderen Angeboten, die mich ber\u00fchrt <span style=\"color: #000080;\">haben. <\/span><\/span><\/p>\n<p><span style=\"color: #000080;\"><a style=\"color: #000080;\" href=\"https:\/\/www.persoenliche-kerze.ch\/\"><img loading=\"lazy\" class=\"alignleft\" src=\"https:\/\/image.jimcdn.com\/app\/cms\/image\/transf\/dimension=214x1024:format=jpg\/path\/s522ad0126d44ab6d\/image\/if26d7d2378005f12\/version\/1584023921\/image.jpg\" width=\"81\" height=\"111\" \/><\/a><\/span><\/p>\n<p>&nbsp;<\/p>\n<p><span style=\"color: #000080;\"><strong>Lebensbegleitung und Sterbebegleitung:<\/strong>\u00a0\u00a0<a style=\"color: #000080;\" title=\"www.alexander-schnarwiler.ch\" href=\"http:\/\/www.alexander-schnarwiler.ch\/\" target=\"_blank\" rel=\"noopener\">Alexander Schnarwiler\u00a0<\/a><\/span><\/p>\n<p>&nbsp;<\/p>\n<p><span style=\"color: #000080;\">Mein Fastenengel vom <img loading=\"lazy\" id=\"fastenwandern_mit_yoga_meditation\" class=\"\" src=\"https:\/\/www.viola-fasten.de\/K800_DSCN5023.JPG\" alt=\"fastenwandern_mit_aloisia_sch\u00f6nke\" usemap=\"#fastenwandern_mit_yoga_meditation\" width=\"189\" height=\"142\" name=\"fastenwandern_mit_yoga_meditation\" align=\"right\" border=\"0\" hspace=\"3\" vspace=\"5\" \/>Schwarzwald:\u00a0<a style=\"color: #000080;\" href=\"https:\/\/www.viola-fasten.de\/\">Fastenwandern mit Aloisia\u00a0\u00a0\u00a0\u00a0<\/a><strong>Fastenwandern<\/strong>\u00a0wird bereichert durch sanftes\u00a0<strong>Yoga, Meditation, Vortr\u00e4ge<\/strong>\u00a0zu einer gesunden Lebensweise, kleine, besinnliche<strong>\u00a0Schweigephasen<\/strong>, essbare\u00a0<strong>Wildkr\u00e4uter\u00a0<\/strong>kennenlernen oder\u00a0<strong>Schneeschuh-wandern<\/strong>\u00a0im Winter. Mit dabei ist auch\u00a0<strong>Lachyoga<\/strong>\u00a0und\u00a0<strong>schamanische Heilrituale&#8230;<\/strong><\/span><\/p>\n<p><span style=\"color: #000080;\"><a href=\"https:\/\/www.anikodrozdy.ch\/wp-content\/uploads\/2018\/12\/Zoli-e1546275254384.jpeg\"><img loading=\"lazy\" class=\"wp-image-20413 alignleft\" src=\"https:\/\/www.anikodrozdy.ch\/wp-content\/uploads\/2018\/12\/Zoli-e1546275254384-300x252.jpeg\" alt=\"\" width=\"111\" height=\"93\" srcset=\"https:\/\/www.anikodrozdy.ch\/wp-content\/uploads\/2018\/12\/Zoli-e1546275254384-300x252.jpeg 300w, https:\/\/www.anikodrozdy.ch\/wp-content\/uploads\/2018\/12\/Zoli-e1546275254384.jpeg 642w\" sizes=\"(max-width: 111px) 100vw, 111px\" \/><\/a><\/span><\/p>\n<p><span style=\"color: #000080;\"><a style=\"color: #000080;\" href=\"http:\/\/www.unserzahni.ch\/\">Mein Neffe<\/a><strong><a style=\"color: #000080;\" href=\"http:\/\/www.unserzahni.ch\/\"> &#8211; unserzahni<\/a><\/strong> &#8211; \u00a0Dr. Zoltan Hunyady &#8211; Zahnarzt, kompetent und gut!\u00a0 <strong>&#8211;<\/strong> Qualit\u00e4t zum Festpreis \u2013 garantiert <strong>&#8211;\u00a0\u00a0<\/strong><\/span><span style=\"color: #000080;\">&#8230;Bio-Zahn<\/span><span style=\"color: #000080;\">ersatz, Implantate &#8211; auch f\u00fcr Allergiker! Langj\u00e4hrige Erfahrung in ganzheitlicher Zahnbehandlung.\u00a0 \u00a0 \u00a0 \u00a0<\/span><\/p>\n<p><span style=\"color: #000080;\"><a style=\"color: #000080;\" href=\"https:\/\/de.wikipedia.org\/wiki\/Emese_Hunyady\">Meine Nichte &#8211; Emese Hunyady &#8211; Olympiasiegerin <\/a><\/span><span style=\"color: #008000;\"><a style=\"color: #008000;\" href=\"http:\/\/emesehunyady.com\/\"><img loading=\"lazy\" class=\"alignright\" src=\"https:\/\/www.anikodrozdy.ch\/wp-content\/uploads\/2015\/11\/cropped-IMG_2002-e1616320993600-300x235.jpg\" width=\"121\" height=\"95\" \/><\/a><\/span><a href=\"https:\/\/www.anikodrozdy.ch\/wp-content\/uploads\/2019\/05\/Bild_1-200x300.jpg\"><img loading=\"lazy\" class=\"wp-image-21472 alignleft\" src=\"https:\/\/www.anikodrozdy.ch\/wp-content\/uploads\/2019\/05\/Bild_1-200x300.jpg\" alt=\"\" width=\"77\" height=\"81\" \/><\/a><\/p>\n<p>&nbsp;<\/p>\n<p><img loading=\"lazy\" class=\"alignleft\" src=\"https:\/\/www.aligdaniela.ch\/wordpress\/wp-content\/uploads\/2020\/06\/alig_daniela_1-klein-e1592500655753-245x300.jpg\" width=\"68\" height=\"83\" \/><\/p>\n<p><span style=\"color: #000080;\"><a style=\"color: #000080;\" href=\"https:\/\/www.aligdaniela.ch\/\">Daniela Alig<\/a>\u00a0&#8211; Reiki &#8211; Geobiologie &#8211; Kurse &#8211; Therapien<\/span><\/p>\n<p>&nbsp;<\/p>\n<p style=\"text-align: left;\"><span style=\"color: #000080;\"><span style=\"color: #ffffff;\"><a href=\"https:\/\/www.anikodrozdy.ch\/wp-content\/uploads\/2017\/05\/Katharina.jpg\"><img loading=\"lazy\" class=\"wp-image-10398 alignright\" src=\"https:\/\/www.anikodrozdy.ch\/wp-content\/uploads\/2017\/05\/Katharina-300x300.jpg\" alt=\"Katharina\" width=\"120\" height=\"121\" srcset=\"https:\/\/www.anikodrozdy.ch\/wp-content\/uploads\/2017\/05\/Katharina-300x300.jpg 300w, https:\/\/www.anikodrozdy.ch\/wp-content\/uploads\/2017\/05\/Katharina-150x150.jpg 150w, https:\/\/www.anikodrozdy.ch\/wp-content\/uploads\/2017\/05\/Katharina.jpg 455w\" sizes=\"(max-width: 120px) 100vw, 120px\" \/><\/a><\/span>Ihr Wirken erfreut die Herzen!\u00a0\u00a0Katharina Thierer <\/span><span style=\"color: #ffffff;\"><span style=\"color: #000080;\"><a style=\"color: #000080;\" href=\"https:\/\/www.figurentheater-libelle.ch\/\">Puppenspielerin, Filzerin, <\/a><a style=\"color: #000080;\" href=\"https:\/\/www.figurentheater-libelle.ch\/\">Gesundheitsclownin<\/a>\u00a0\u00a0 <\/span><\/span><span style=\"color: #000080;\">Shop: <a style=\"color: #000080;\" href=\"https:\/\/www.allerleirauhfilz.com\/\">AllerleiRauhFilz<\/a><\/span><\/p>\n<p>&nbsp;<\/p>\n<p><a href=\"https:\/\/www.anikodrozdy.ch\/wp-content\/uploads\/2017\/10\/solo-antipe.jpg\"><img loading=\"lazy\" class=\"wp-image-14439 alignleft\" src=\"https:\/\/www.anikodrozdy.ch\/wp-content\/uploads\/2017\/10\/solo-antipe.jpg\" alt=\"solo-antipe\" width=\"109\" height=\"110\" \/><\/a><\/p>\n<p style=\"text-align: center;\"><a href=\"https:\/\/www.anikodrozdy.ch\/wp-content\/uploads\/2017\/06\/flute-1291430__340.jpg\"><img loading=\"lazy\" class=\"wp-image-11124 alignright\" src=\"https:\/\/www.anikodrozdy.ch\/wp-content\/uploads\/2017\/06\/flute-1291430__340-300x200.jpg\" alt=\"flute-1291430__340\" width=\"133\" height=\"89\" srcset=\"https:\/\/www.anikodrozdy.ch\/wp-content\/uploads\/2017\/06\/flute-1291430__340-300x200.jpg 300w, https:\/\/www.anikodrozdy.ch\/wp-content\/uploads\/2017\/06\/flute-1291430__340.jpg 510w\" sizes=\"(max-width: 133px) 100vw, 133px\" \/><\/a><span style=\"color: #000080;\"><strong>Verzaubern &#8211; Zauberfl\u00f6te &#8211; Fl\u00f6tenzauber <\/strong>Eine besondere Note f\u00fcr Ihr Fest? Ein pers\u00f6nlich auf Sie abgestimmtes Konzert mit\u00a0 \u00a0 <a style=\"color: #000080;\" href=\"http:\/\/www.antipe.ch\/Soloprogramme.html\">Antipe da Stella<\/a><\/span><\/p>\n<p>&nbsp;<\/p>\n<p><span style=\"color: #000080;\"><a href=\"https:\/\/www.anikodrozdy.ch\/wp-content\/uploads\/2016\/01\/thumb_P5230463.jpg\"><img loading=\"lazy\" class=\"wp-image-3146 alignright\" src=\"https:\/\/www.anikodrozdy.ch\/wp-content\/uploads\/2016\/01\/thumb_P5230463-300x225.jpg\" alt=\"thumb_P5230463\" width=\"148\" height=\"111\" \/><\/a><\/span><span style=\"color: #000080;\">Alexej Wirth, der originelle Musiker und G\u00e4rtner von Winterthur<\/span><\/p>\n<p><span style=\"color: #000080;\">\u00a0 Liebe Veranstalter<\/span><\/p>\n<div><\/div>\n<div><span style=\"color: #000080;\">Der Violinist Alexej zaubert mit seinen Instrumenten (Violine und Euphonium) immer eine ber\u00fchrende Atmosph\u00e4re in die Herzen des Publikums. Cool ist seine Anpassungsf\u00e4higkeit, so ist er in verschiedensten Settings agil und immer in Bewegung, auch an den ungew\u00f6hnlichsten Orten. Seine Stilvielfalt ist sozusagen unbeschr\u00e4nkt, durch seine Improvisationsgabe kann er auch zu modernsten und aktuellsten Songs seine violinistische K\u00fcnste gl\u00e4nzen lassen, immer auf hohem Niveau und nie klassisch verbohrt.<\/span><\/div>\n<div><span style=\"color: #000080;\">Barock<\/span><\/div>\n<div><span style=\"color: #000080;\">Klassik<\/span><\/div>\n<div><span style=\"color: #000080;\">Romantik<\/span><\/div>\n<div><span style=\"color: #000080;\">Salonmusik<\/span><\/div>\n<div><span style=\"color: #000080;\">Zigeunermusik<\/span><\/div>\n<div><span style=\"color: #000080;\">Schlager und Popmusik aus allen Zeiten<\/span><\/div>\n<div><span style=\"color: #000080;\">von feierlich bis ausgelassen.<\/span><\/div>\n<div><\/div>\n<div><span style=\"color: #000080;\">Solo performance an allen m\u00f6glichen (und unm\u00f6glichen) Orten<\/span><\/div>\n<div><span style=\"color: #000080;\">Duo mit Viola und Geige (mit Frau Violistin Linda Wolf)<\/span><\/div>\n<div><span style=\"color: #000080;\">Duo mit der S\u00e4ngerin und Performerin Julia Medugno<\/span><\/div>\n<div><span style=\"color: #000080;\">Duo mit Cellist<\/span><\/div>\n<div><span style=\"color: #000080;\">Duo mit Kammermusikpartner (Piano und Violine) Sonaten und Bravourst\u00fccke, Salonmusik etc. von klassisch bis nostalgisch, nur wenn Fl\u00fcgel vorhanden)<\/span><\/div>\n<div><\/div>\n<div><span style=\"color: #000080;\">Alexej Wirth studierte am Conservatorio Staate di Musica, Firenze und spielte von 2001 bis2017 in der Basel Sinfonietta, seither ist er als freischaffender Musiker unterwegs.<\/span><\/div>\n<div><span style=\"color: #000080;\">Die meisten Aufnahmen stammen von Konzerten mit dem sakralen Ensemble Ultra Schall, welches er mit seiner Schwester Julia Modugno (Sopranistin, T\u00e4nzerin und Choreographin) gegr\u00fcndet hat. Um auch im Aussenbereich und bei jedem Wetter zu performen hat sich Alexej auch zum Blechbl\u00e4ser weiter entwickelt, dies ergibt bei den Auftritten auch geniale musikalische Kontrastm\u00f6glichkeiten.<\/span><\/div>\n<div>\n<div><span style=\"color: #000080;\">Also bei dieser Aufnahme handelt es sich um ein experimentelles St\u00fcck, eine Collage mit Julia Modugno als S\u00e4ngerin und mir als Geiger<\/span><\/div>\n<div><span style=\"color: #000080;\">Experimentell, Fernbedienungszene mit Bach Kantate<\/span><\/div>\n<div><span style=\"color: #000080;\"><a style=\"color: #000080;\" href=\"https:\/\/www.youtube.com\/watch?v=dSst857GG3s&amp;list=RDdSst857GG3s&amp;start_radio=1\" target=\"_blank\" rel=\"noopener\">https:\/\/www.youtube.com\/watch?v=dSst857GG3s&amp;list=RDdSst857GG3s&amp;start_radio=1<\/a><\/span><\/div>\n<div><\/div>\n<div><span style=\"color: #000080;\">Andere Passage aus dem Konzert, mit Tenor:<\/span><\/div>\n<div><span style=\"color: #000080;\"><a style=\"color: #000080;\" href=\"https:\/\/www.youtube.com\/watch?v=EH2LdGF-IMk\" target=\"_blank\" rel=\"noopener\">https:\/\/www.youtube.com\/watch?v=EH2LdGF-IMk<\/a><\/span><\/div>\n<div><\/div>\n<div><span style=\"color: #000080;\">Alexej mit Mutter Madeleine Niggli und Tenor, schnell (Gott ist mein Freund, JSB)<\/span><\/div>\n<div><span style=\"color: #000080;\"><a style=\"color: #000080;\" href=\"https:\/\/www.youtube.com\/watch?v=4cbHwUiw4v8\" target=\"_blank\" rel=\"noopener\">https:\/\/www.youtube.com\/watch?v=4cbHwUiw4v8<\/a><\/span><\/div>\n<div><\/div>\n<div>\n<p><span style=\"color: #000080;\"><a style=\"color: #000080;\" href=\"https:\/\/www.youtube.com\/watch?v=ZPAcCNbu_hc&amp;list=RDZPAcCNbu_hc&amp;start_radio=1\" target=\"_blank\" rel=\"noopener\">https:\/\/www.youtube.com\/watch?v=ZPAcCNbu_hc&amp;list=RDZPAcCNbu_hc&amp;start_radio=1<\/a><\/span><\/p>\n<div><span style=\"color: #000080;\">Julia Modugno und Alexej Wirth, Improvisation, Tanz, Performance (ERF Fernsehproduktion)<\/span><\/div>\n<div><\/div>\n<div><span style=\"color: #000080;\"><a style=\"color: #000080;\" href=\"https:\/\/www.youtube.com\/watch?v=wcqzI4ZASrs&amp;list=RDwcqzI4ZASrs&amp;start_radio=1\" target=\"_blank\" rel=\"noopener\">https:\/\/www.youtube.com\/watch?v=wcqzI4ZASrs&amp;list=RDwcqzI4ZASrs&amp;start_radio=1<\/a><\/span><\/div>\n<div><span style=\"color: #000080;\">Tangokonzert, nostalgisch (eine alte Amateurfilmaufnahme mit Kollegen aus Basel)<\/span><\/div>\n<div><\/div>\n<div><span style=\"color: #000080;\">Einfach spontan Improvisation in der U Bahn in Japan:<\/span><\/div>\n<div><span style=\"color: #000080;\"><a style=\"color: #000080;\" href=\"https:\/\/www.youtube.com\/watch?v=xeDKsA_pTt4&amp;list=RDxeDKsA_pTt4&amp;start_radio=1\" target=\"_blank\" rel=\"noopener\">https:\/\/www.youtube.com\/watch?v=xeDKsA_pTt4&amp;list=RDxeDKsA_pTt4&amp;start_radio=1<\/a><\/span><\/div>\n<\/div>\n<div>\n<p><span style=\"color: #000080;\">ein trauriges St\u00fcck mit Julia und Alexej, Jonas, meiner Tochter Ela, und ihrer Cousine Nora (Die Armen will der Herr umarmen&#8230;)<\/span><\/p>\n<div><span style=\"color: #000080;\"><a style=\"color: #000080;\" href=\"https:\/\/www.youtube.com\/watch?v=p85bointziA&amp;list=RDp85bointziA&amp;start_radio=1\" target=\"_blank\" rel=\"noopener\">https:\/\/www.youtube.com\/watch?v=p85bointziA&amp;list=RDp85bointziA&amp;start_radio=1<\/a><\/span><\/div>\n<\/div>\n<div><\/div>\n<div><span style=\"color: #000080;\">Wie gesagt, dies alles sakrale St\u00fccke, es folgen in den n\u00e4chsten Monaten Aufnahmen von meinen neuen Ensembles, sowie Eigenkompositionen.<\/span><\/div>\n<div><\/div>\n<div><span style=\"color: #000080;\">Wir freuen uns auf Ihre Buchung und ich freue mich unb\u00e4ndig, Ihre sch\u00f6nen Stunden mit unserer Musik zu veredeln und unvergessliche Momente zu schaffen.<\/span><\/div>\n<div><\/div>\n<div><span style=\"color: #000080;\">Herzliche Gr\u00fcsse<\/span><\/div>\n<div><span style=\"color: #000080;\">Alexej Wirth<\/span><\/div>\n<div><\/div>\n<\/div>\n<p><span style=\"color: #ffffff;\">.<\/span><\/p>\n<p><span style=\"color: #000080;\"><a href=\"https:\/\/www.anikodrozdy.ch\/wp-content\/uploads\/2016\/02\/ZitaInConcert2.jpg\"><img loading=\"lazy\" class=\"wp-image-3245 alignleft\" src=\"https:\/\/www.anikodrozdy.ch\/wp-content\/uploads\/2016\/02\/ZitaInConcert2-182x300.jpg\" alt=\"ZitaInConcert2\" width=\"97\" height=\"160\" srcset=\"https:\/\/www.anikodrozdy.ch\/wp-content\/uploads\/2016\/02\/ZitaInConcert2-182x300.jpg 182w, https:\/\/www.anikodrozdy.ch\/wp-content\/uploads\/2016\/02\/ZitaInConcert2.jpg 204w\" sizes=\"(max-width: 97px) 100vw, 97px\" \/><\/a><\/span><\/p>\n<p>&nbsp;<\/p>\n<p>G<span style=\"color: #000080;\">esangsunterricht &#8211; Sprechtraining &#8211; Mentaltraining &#8211;\u00a0Konzerte<\/span><\/p>\n<p><span style=\"color: #000080;\">Zita Zimmermann, S\u00e4ngerin,\u00a0<a href=\"https:\/\/zitazimmermann.com\/\">Zita Zimmermann<\/a><\/span><\/p>\n<p>&nbsp;<\/p>\n<p><a href=\"https:\/\/www.anikodrozdy.ch\/wp-content\/uploads\/2016\/02\/stacks-image-47AC1A1.jpg\"><img loading=\"lazy\" class=\"wp-image-3387 alignleft\" src=\"https:\/\/www.anikodrozdy.ch\/wp-content\/uploads\/2016\/02\/stacks-image-47AC1A1.jpg\" alt=\"stacks-image-47AC1A1\" width=\"89\" height=\"115\" \/><\/a><\/p>\n<p>&nbsp;<\/p>\n<p><span style=\"color: #000080;\"><a style=\"color: #000080;\" href=\"http:\/\/armin-risi.ch\/\">Armin Risi<\/a>\u00a0 der Philosoph, Buchautor und&#8230;\u00a0\u00a0 <\/span><\/p>\n<p>&nbsp;<\/p>\n<p><span style=\"color: #000080;\"><span style=\"color: #ffffff;\"><img loading=\"lazy\" class=\"alignleft\" src=\"http:\/\/www.sandrodaverscio.com\/%28n%29Waldklang----__n.278%20.jpg\" alt=\"\" width=\"199\" height=\"115\" border=\"0\" \/><\/span><\/span><\/p>\n<p>&nbsp;<\/p>\n<p><span style=\"color: #000080;\">Ein Freund von mir &#8211;\u00a0<a style=\"color: #000080;\" href=\"http:\/\/www.sandrodaverscio.com\/Hom_Germ.htm\">Sandro da Verscio<\/a><\/span><\/p>\n<p><span style=\"color: #ffffff;\"><br \/>\n<\/span><span style=\"color: #000080;\"><br \/>\n<\/span><\/p>\n<p style=\"text-align: left;\"><span style=\"color: #000080;\"><a href=\"https:\/\/www.anikodrozdy.ch\/wp-content\/uploads\/2017\/05\/bildung-bringt-frieden-logo-final3-e1382386802204.jpg\"><img loading=\"lazy\" class=\"wp-image-10415 alignleft\" src=\"https:\/\/www.anikodrozdy.ch\/wp-content\/uploads\/2017\/05\/bildung-bringt-frieden-logo-final3-e1382386802204-300x210.jpg\" alt=\"bildung-bringt-frieden-logo-final3-e1382386802204\" width=\"110\" height=\"77\" srcset=\"https:\/\/www.anikodrozdy.ch\/wp-content\/uploads\/2017\/05\/bildung-bringt-frieden-logo-final3-e1382386802204-300x210.jpg 300w, https:\/\/www.anikodrozdy.ch\/wp-content\/uploads\/2017\/05\/bildung-bringt-frieden-logo-final3-e1382386802204.jpg 500w\" sizes=\"(max-width: 110px) 100vw, 110px\" \/><\/a><a style=\"color: #000080;\" href=\"https:\/\/www.bildung-fuer-alle.ch\/seite\/aktuelles\">Bildung f\u00fcr alle &#8211; Autonome Schule Z\u00fcrich<\/a><a href=\"https:\/\/www.anikodrozdy.ch\/wp-content\/uploads\/2016\/08\/together-235128__1801.jpg\"><img loading=\"lazy\" class=\"wp-image-6163 alignright\" src=\"https:\/\/www.anikodrozdy.ch\/wp-content\/uploads\/2016\/08\/together-235128__1801.jpg\" alt=\"together-235128__180\" width=\"108\" height=\"93\" \/><\/a><\/span><\/p>\n<p><span style=\"color: #000080;\"><a style=\"color: #000080;\" href=\"http:\/\/www.papierlosezeitung.ch\">Papierlose Zeitung<\/a><\/span><\/p>\n<p>&nbsp;<\/p>\n<p><a href=\"https:\/\/www.anikodrozdy.ch\/wp-content\/uploads\/2016\/02\/Grueenochte_1.jpg\"><img loading=\"lazy\" class=\"wp-image-3730 alignleft\" src=\"https:\/\/www.anikodrozdy.ch\/wp-content\/uploads\/2016\/02\/Grueenochte_1-300x163.jpg\" alt=\"Grueenochte_1\" width=\"182\" height=\"99\" srcset=\"https:\/\/www.anikodrozdy.ch\/wp-content\/uploads\/2016\/02\/Grueenochte_1-300x163.jpg 300w, https:\/\/www.anikodrozdy.ch\/wp-content\/uploads\/2016\/02\/Grueenochte_1.jpg 570w\" sizes=\"(max-width: 182px) 100vw, 182px\" \/><\/a><span style=\"color: #000080;\">\u00a0<a style=\"color: #000080;\" href=\"https:\/\/www.prospecierara.ch\/de\/home\">Pro Specie Rara<\/a>\u00a0 \u00b7 Unter Br\u00fcglingen 6 \u00b7 4052 Basel \u00b7 Telefon +41 61 545 99 11 \u00b7 SWIFT\/BIC POFICHBEXXX \u00b7 IBAN CH29 0900 0000 9000 1480<\/span><\/p>\n","protected":false},"excerpt":{"rendered":"<p>Die hier angef\u00fchrten Links sind von engagierten Menschen mit besonderen Angeboten, die mich ber\u00fchrt haben. &nbsp; Lebensbegleitung und Sterbebegleitung:\u00a0\u00a0Alexander Schnarwiler\u00a0 &nbsp; Mein Fastenengel vom Schwarzwald:\u00a0Fastenwandern mit Aloisia\u00a0\u00a0\u00a0\u00a0Fastenwandern\u00a0wird bereichert durch sanftes\u00a0Yoga, Meditation, Vortr\u00e4ge\u00a0zu einer gesunden Lebensweise, kleine, besinnliche\u00a0Schweigephasen, essbare\u00a0Wildkr\u00e4uter\u00a0kennenlernen oder\u00a0Schneeschuh-wandern\u00a0im Winter. &hellip; <a href=\"https:\/\/www.anikodrozdy.ch\/index.php\/links-2\/\">Weiterlesen <span class=\"meta-nav\">&rarr;<\/span><\/a><\/p>\n","protected":false},"author":1,"featured_media":0,"parent":0,"menu_order":0,"comment_status":"closed","ping_status":"closed","template":"","meta":[],"_links":{"self":[{"href":"https:\/\/www.anikodrozdy.ch\/index.php\/wp-json\/wp\/v2\/pages\/3350"}],"collection":[{"href":"https:\/\/www.anikodrozdy.ch\/index.php\/wp-json\/wp\/v2\/pages"}],"about":[{"href":"https:\/\/www.anikodrozdy.ch\/index.php\/wp-json\/wp\/v2\/types\/page"}],"author":[{"embeddable":true,"href":"https:\/\/www.anikodrozdy.ch\/index.php\/wp-json\/wp\/v2\/users\/1"}],"replies":[{"embeddable":true,"href":"https:\/\/www.anikodrozdy.ch\/index.php\/wp-json\/wp\/v2\/comments?post=3350"}],"version-history":[{"count":240,"href":"https:\/\/www.anikodrozdy.ch\/index.php\/wp-json\/wp\/v2\/pages\/3350\/revisions"}],"predecessor-version":[{"id":34296,"href":"https:\/\/www.anikodrozdy.ch\/index.php\/wp-json\/wp\/v2\/pages\/3350\/revisions\/34296"}],"wp:attachment":[{"href":"https:\/\/www.anikodrozdy.ch\/index.php\/wp-json\/wp\/v2\/media?parent=3350"}],"curies":[{"name":"wp","href":"https:\/\/api.w.org\/{rel}","templated":true}]}}