{"id":39,"date":"2015-11-17T06:43:10","date_gmt":"2015-11-17T05:43:10","guid":{"rendered":"https:\/\/tyvijiqi.cyon.site\/?page_id=39"},"modified":"2021-03-07T07:19:30","modified_gmt":"2021-03-07T06:19:30","slug":"tolstoikalender","status":"publish","type":"page","link":"https:\/\/www.anikodrozdy.ch\/index.php\/tolstoikalender\/","title":{"rendered":"Tolstoi"},"content":{"rendered":"<p><span style=\"color: #000080;\"><strong><a href=\"https:\/\/www.anikodrozdy.ch\/wp-content\/uploads\/2016\/04\/20160410_150925_resized.jpg\"><img loading=\"lazy\" class=\"size-medium wp-image-4748 alignleft\" src=\"https:\/\/www.anikodrozdy.ch\/wp-content\/uploads\/2016\/04\/20160410_150925_resized-187x300.jpg\" alt=\"20160410_150925_resized\" width=\"187\" height=\"300\" srcset=\"https:\/\/www.anikodrozdy.ch\/wp-content\/uploads\/2016\/04\/20160410_150925_resized-187x300.jpg 187w, https:\/\/www.anikodrozdy.ch\/wp-content\/uploads\/2016\/04\/20160410_150925_resized-639x1024.jpg 639w, https:\/\/www.anikodrozdy.ch\/wp-content\/uploads\/2016\/04\/20160410_150925_resized.jpg 1271w\" sizes=\"(max-width: 187px) 100vw, 187px\" \/><\/a><\/strong><\/span><\/p>\n<p><span style=\"color: #000080;\">Tolstoikalender Link: \u00a0<span style=\"color: #008000;\">\u00a0 <a style=\"color: #008000;\" href=\"https:\/\/www.anikodrozdy.ch\/\">Weisheiten f\u00fcr jeden Tag<\/a> <\/span><\/span><\/p>\n<p><span style=\"color: #000080;\"><strong>Lew Nikolajewitsch Tolstoi \u00a0 \u00a0 \u00a0<\/strong> 9.9.1828 &#8211; 7.11.1910<\/span><\/p>\n<p><span style=\"color: #000080;\">Der Kalender der Weisheit ist Tolstois Alterswerk, das der Autor selbst als seinen bedeutendsten Beitrag an die Menschheit betrachtete.<\/span><\/p>\n<p><span style=\"color: #000080;\">\u00dcber 15 Jahre arbeitete Leo Tolstoi an diesem Kalendarium. Er sammelte und sichtete die grossen religi\u00f6s-spirituellen Schriften der Welt und erg\u00e4nzte die Zitate durch Gedanken mehr oder minder bekannter Autoren der j\u00fcngeren Geschichte. F\u00fcr jeden Tag des Jahres arrangierte er die Texte um eine Kernidee und verdeutlicht sie mit seinen eigenen Worten. Mit dem Kalender der Weisheit hinterl\u00e4sst uns Tolstoi seine universelle Botschaft vom Sinn menschlichen Denkens und Handelns.<\/span><\/p>\n<p><span style=\"color: #000080;\"><strong>Tolstois Kalender<\/strong> der Weisheit: Peter Sekrin (Hrsg.) ISBN 3-570-50003-9\u00a0 \u00a0 &#8211;\u00a0 \u00a0\u00a0<\/span><span style=\"color: #000080;\">Film. <\/span><span style=\"color: #008000;\"><a style=\"color: #008000;\" href=\"https:\/\/www.youtube.com\/watch?v=MpfmpnQ2SDo\">Tolstois letzte Reise<\/a><\/span><\/p>\n<p><a href=\"https:\/\/www.anikodrozdy.ch\/wp-content\/uploads\/2016\/04\/20160410_151444_resized.jpg\"><img loading=\"lazy\" class=\"size-medium wp-image-4745 alignright\" src=\"https:\/\/www.anikodrozdy.ch\/wp-content\/uploads\/2016\/04\/20160410_151444_resized-213x300.jpg\" alt=\"20160410_151444_resized\" width=\"213\" height=\"300\" srcset=\"https:\/\/www.anikodrozdy.ch\/wp-content\/uploads\/2016\/04\/20160410_151444_resized-213x300.jpg 213w, https:\/\/www.anikodrozdy.ch\/wp-content\/uploads\/2016\/04\/20160410_151444_resized-726x1024.jpg 726w, https:\/\/www.anikodrozdy.ch\/wp-content\/uploads\/2016\/04\/20160410_151444_resized.jpg 1317w\" sizes=\"(max-width: 213px) 100vw, 213px\" \/><\/a><\/p>\n<p><span style=\"color: #000080;\"><strong>Briefwechsel Tolstoi und Gandhi<\/strong> <\/span><br \/>\n<span style=\"color: #000080;\">Das Himmelreich in euch oder \u201eDas Reich Gottes ist inwendig in euch\u201c ist ein einflussreiches Sachbuch von Leo Tolstoi. Es wurde zuerst im Jahr 1894 in Deutschland ver\u00f6ffentlicht, nachdem es in Russland verboten war. Es steht am Gipfel von Tolstois drei\u00dfig Jahren christlichen Denkens und breitet eine neue Gesellschaftsorganisation aus, die auf einer w\u00f6rtlichen christlichen Interpretation beruht.<\/span><\/p>\n<p><span style=\"color: #000080;\">1908 schrieb Tolstoi einen Leserbrief an eine indische Zeitung (A Letter to a Hindu), in dem er die Meinung vertrat, dass das indische Volk die britische Kolonialherrschaft nur durch passiven Widerstand auf der Basis von N\u00e4chstenliebe zu Fall bringen k\u00f6nne. <\/span><\/p>\n<p><span style=\"color: #000080;\">Im Jahr darauf schrieb Gandhi an Tolstoi mit der Bitte um Rat und f\u00fcr die Genehmigung, A Letter to a Hindu in seiner eigenen Sprache Gujarati, zu ver\u00f6ffentlichen. Tolstoi antwortete und es folgte eine andauernde Korrespondenz bis zu seinem Tod im Jahr 1910. Die Briefe enthalten unter anderem praktische und theologische Anwendungen der Gewaltlosigkeit. Tolstois Idee wurde schlie\u00dflich durch Gandhis Organisation landesweiter gewaltfreier Streiks und Proteste in den Jahren 1918\u20131947 realisiert.<em>\u00a0<span style=\"color: #000080;\">(<a style=\"color: #000080;\" href=\"https:\/\/de.wikipedia.org\/wiki\/Lew_Nikolajewitsch_Tolstoi\">aus Wikipedia)<\/a><\/span><\/em><br \/>\n<\/span><\/p>\n<p><a href=\"https:\/\/www.anikodrozdy.ch\/wp-content\/uploads\/2016\/04\/20160410_151613_resized.jpg\"><img loading=\"lazy\" class=\"alignnone wp-image-4737\" src=\"https:\/\/www.anikodrozdy.ch\/wp-content\/uploads\/2016\/04\/20160410_151613_resized-300x164.jpg\" alt=\"20160410_151613_resized\" width=\"318\" height=\"174\" srcset=\"https:\/\/www.anikodrozdy.ch\/wp-content\/uploads\/2016\/04\/20160410_151613_resized-300x164.jpg 300w, https:\/\/www.anikodrozdy.ch\/wp-content\/uploads\/2016\/04\/20160410_151613_resized-1024x561.jpg 1024w\" sizes=\"(max-width: 318px) 100vw, 318px\" \/><\/a><\/p>\n","protected":false},"excerpt":{"rendered":"<p>Tolstoikalender Link: \u00a0\u00a0 Weisheiten f\u00fcr jeden Tag Lew Nikolajewitsch Tolstoi \u00a0 \u00a0 \u00a0 9.9.1828 &#8211; 7.11.1910 Der Kalender der Weisheit ist Tolstois Alterswerk, das der Autor selbst als seinen bedeutendsten Beitrag an die Menschheit betrachtete. \u00dcber 15 Jahre arbeitete Leo &hellip; <a href=\"https:\/\/www.anikodrozdy.ch\/index.php\/tolstoikalender\/\">Weiterlesen <span class=\"meta-nav\">&rarr;<\/span><\/a><\/p>\n","protected":false},"author":1,"featured_media":0,"parent":0,"menu_order":0,"comment_status":"closed","ping_status":"closed","template":"onecolumn-page.php","meta":[],"_links":{"self":[{"href":"https:\/\/www.anikodrozdy.ch\/index.php\/wp-json\/wp\/v2\/pages\/39"}],"collection":[{"href":"https:\/\/www.anikodrozdy.ch\/index.php\/wp-json\/wp\/v2\/pages"}],"about":[{"href":"https:\/\/www.anikodrozdy.ch\/index.php\/wp-json\/wp\/v2\/types\/page"}],"author":[{"embeddable":true,"href":"https:\/\/www.anikodrozdy.ch\/index.php\/wp-json\/wp\/v2\/users\/1"}],"replies":[{"embeddable":true,"href":"https:\/\/www.anikodrozdy.ch\/index.php\/wp-json\/wp\/v2\/comments?post=39"}],"version-history":[{"count":47,"href":"https:\/\/www.anikodrozdy.ch\/index.php\/wp-json\/wp\/v2\/pages\/39\/revisions"}],"predecessor-version":[{"id":15479,"href":"https:\/\/www.anikodrozdy.ch\/index.php\/wp-json\/wp\/v2\/pages\/39\/revisions\/15479"}],"wp:attachment":[{"href":"https:\/\/www.anikodrozdy.ch\/index.php\/wp-json\/wp\/v2\/media?parent=39"}],"curies":[{"name":"wp","href":"https:\/\/api.w.org\/{rel}","templated":true}]}}