{"id":6357,"date":"2016-08-14T22:28:37","date_gmt":"2016-08-14T20:28:37","guid":{"rendered":"https:\/\/tyvijiqi.cyon.site\/?page_id=6357"},"modified":"2025-03-20T02:46:43","modified_gmt":"2025-03-20T01:46:43","slug":"origenes","status":"publish","type":"page","link":"https:\/\/www.anikodrozdy.ch\/index.php\/mystiker\/origenes\/","title":{"rendered":"Origenes"},"content":{"rendered":"<div>\n<div class=\"titel\"><\/div>\n<div class=\"titel\"><\/div>\n<div class=\"titel\"><span style=\"color: #000080;\">Aus dem \u00d6kumenisches Heiligenlexikon<\/span><\/div>\n<\/div>\n<div class=\"titel\"><\/div>\n<div>\n<p class=\"titel\"><script type=\"text\/javascript\">\/\/ <![CDATA[\nfunction isIPad(){return\/ipad\/.test(navigator.userAgent.toLowerCase())}function isIe8(){return\/msie 8\/.test(navigator.userAgent.toLowerCase())&#038;&#038;document.documentMode!=7}function isIe7(){return\/msie 7\/.test(navigator.userAgent.toLowerCase())&#038;&#038;document.documentMode==7}function isAndroid(){return\/android\/.test(navigator.userAgent.toLowerCase())}function isTouchMobile(){return isIPad()||isAndroid()}var iframeID=\"x-mail-msg-iframe-box-1480051427187\";var cw=1091;var ch=null;function doAnchors(){try{var d=document.getElementsByTagName(\"a\");var g=document.getElementsByTagName(\"base\")[0];var c=g.href;for(ii=0;ii<d.length;ii++){if(d[ii].href&#038;&#038;(d[ii].href.indexOf(\"http:\/\/\")==0||d[ii].href.indexOf(\"https:\/\/\")==0)){if(d[ii].href.indexOf(c)!=0){continue}}if(d[ii].href&#038;&#038;d[ii].href.indexOf(\"#\")>-1){try{var b=d[ii].href.substring(d[ii].href.indexOf(\"#\"));d[ii].href=window.location.href+b;d[ii].target=\"_self\";var a=navigator.userAgent.toLowerCase().indexOf(\"firefox\")>-1;if(a){(function(){var e=b.substring(1);d[ii].onclick=function(k){var o=parent.Ext.fly(document);var m=o.query(\"[name=\"+e+\"]\");if(m.length>0){var l=parent.Ext.fly(iframeID);var n=l.up(\"div.x-panel-body\");var j=n.getScroll().top;var p=l.getOffsetsTo(n)[1];anchorEle=parent.Ext.fly(m[0]);var i=anchorEle.getTop();var h=p+i;j=j+h;n.scrollTo(\"top\",j-12)}return true}})()}}catch(f){}}}}catch(f){}}var phoenixHandler={isIE:parent.Ext.isIE,resizeIframe:parent.Ext.ux.core.util.Security.resizeIframe,handleMailTo:parent.Ext.ux.core.util.Security.sendMailTo,handleBlockImg:parent.Ext.ux.core.util.Security.showButtonBlockImg,counter:0,last:new Date().getTime(),onLoad:function(){doAnchors();phoenixHandler.counter=0;phoenixHandler.ieScrollHeightDelta=49;phoenixHandler.ieScrollHeightPrevius=0;this.loaded=false;this.resizeMsgIFrame();this.handleBlockImg(iframeID,\"0\");if(isTouchMobile()){document.getElementsByTagName(\"body\")[0].className+=\" ext-touch-dev\"}if(isIPad()){document.getElementsByTagName(\"body\")[0].className+=\" ext-ipad\"}if(isIe8()){document.getElementsByTagName(\"body\")[0].className+=\" ext-ie8\"}if(isIe7()){document.getElementsByTagName(\"body\")[0].className+=\" ext-ie7\"}},FindXY:function(b){var a=0,c=0;while(b!=null){a+=b.offsetLeft;if(b.scrollLeft!=undefined){a-=b.scrollLeft}c+=b.offsetTop;if(b.scrollTop!=undefined){c-=b.scrollTop}if(b.offsetParent!=undefined){b=b.offsetParent}else{b=null}}return{x:a,y:c}},resizeMsgIFrame:function(){var a=new Date().getTime();var g=a-phoenixHandler.last;if(g<400){setTimeout(\"phoenixHandler.resizeMsgIFrame()\",400-g);return}phoenixHandler.last=a;phoenixHandler.counter++;if(phoenixHandler.counter<10){try{var c=document!=null&#038;&#038;document.body.scrollHeight&#038;&#038;document.getElementById(\"mail-message-body\")!=null&#038;&#038;document.getElementById(\"mail-message-body-anchor\")!=null;if(c){var b=phoenixHandler.FindXY(document.getElementById(\"endpage\")).y+50;if(b<document.body.scrollHeight){b=document.body.scrollHeight}if(this.isIE){var h=document.body.scrollHeight-phoenixHandler.ieScrollHeightPrevius;if(h>phoenixHandler.ieScrollHeightDelta){b=document.body.scrollHeight}else{b=phoenixHandler.ieScrollHeightPrevius}}phoenixHandler.ieScrollHeightPrevius=b;if(ch){b=Math.min(b,ch)}this.resizeIframe(b,b,b,iframeID,document.getElementById(\"mail-message-body\").scrollWidth+28);if(!this.loaded){this.loaded=true}setTimeout(\"phoenixHandler.resizeMsgIFrame()\",400)}else{setTimeout(\"phoenixHandler.onLoad()\",500)}}catch(f){setTimeout(\"phoenixHandler.onLoad()\",500)}}else{if(!this.loaded){this.loaded=true}}}};parent.Ext.ux.core.util.Security.widenDomain(document,document.domain);if(window.postMessage){phoenixHandler.resizeIframe=function(d,c,b,e,a){if(a){return window.parent.postMessage(d+\",\"+c+\",\"+b+\",\"+e+\",\"+(a>cw?cw:a),\"*\")}return window.parent.postMessage(d+\",\"+c+\",\"+b+\",\"+e,\"*\")};phoenixHandler.handleMailTo=function(a){return window.parent.postMessage(\"sendmail\"+\",\"+a,\"*\")};phoenixHandler.handleBlockImg=function(b,a){return window.parent.postMessage(\"blockedImg\"+\",\"+b+\",\"+a,\"*\")}};\n\/\/ ]]><\/script><span style=\"color: #008000;\">&#8222;Wisse, da\u00df du eine zweite kleine Welt bist und da\u00df die Sonne und der Mond in dir selbst sind, und ebenso die Sterne.&#8220;<\/span><\/p>\n<h2 class=\"ueberschrift\"><span style=\"color: #008000;\"><strong>Origenes<\/strong><\/span><\/h2>\n<p><span style=\"color: #000080;\"><b>Name bedeutet:<\/b> der Urspr\u00fcngliche <span class=\"klein\">(latein.)<\/span><\/span><\/p>\n<div class=\"hyphenate\">\n<div class=\"einleitung\">\n<p class=\"teaser\"><span style=\"color: #000080;\"><b>Lehrer, Theologe<\/b> <\/span><br \/>\n<span style=\"color: #000080;\">* um 185 in <a class=\"Ort\" style=\"color: #000080;\" href=\"https:\/\/www.heiligenlexikon.de\/Orte\/GKarte.html?31.215884,29.944954&amp;z=12\">Alexandria<\/a> in \u00c4gypten <\/span><br \/>\n<span style=\"color: #000080;\">\u2020 um 254 in Tyros (?), heute Sur im Libanon<\/span><\/p>\n<\/div>\n<p><span style=\"color: #000080;\">Origenes, auch Adamantios genannt, wurde in christlichem Glauben erzogen, er war Sch\u00fcler des <a style=\"color: #000080;\" href=\"https:\/\/www.heiligenlexikon.de\/BiographienC\/Clemens_von_Alexandria.html\">Clemens von Alexandria<\/a>. Nachdem sein Vater 202 w\u00e4hrend einer Christenverfolgung get\u00f6tet wurde, musste er zur\u00fcckgehalten werden, um nicht selbst den M\u00e4rtyrertod zu erleiden. Origenes unterrichtete dann etwa 28 Jahre lang an der Katechetenschule in <a class=\"Ort\" style=\"color: #000080;\" href=\"https:\/\/www.heiligenlexikon.de\/Orte\/GKarte.html?31.215884,29.944954&amp;z=12\">Alexandria<\/a> und unterwies Christen wie Heiden. Laut <a style=\"color: #000080;\" href=\"https:\/\/www.heiligenlexikon.de\/BiographienE\/Eusebius_von_Caesarea.html\">Eusebios von C\u00e4sarea<\/a> waren sein Asketentum und seine Fr\u00f6mmigkeit so ausgepr\u00e4gt, dass er sich sogar selbst kastrierte, um der Versuchung zu entgehen. In Alexandria verfasste er seine wichtigsten Abhandlungen.<\/span><\/p>\n<figure class=\"Bildlinks\"><span style=\"color: #000080;\"><img loading=\"lazy\" class=\"karte alignleft\" src=\"https:\/\/www.heiligenlexikon.de\/Fotos\/Origenes.jpg\" alt=\"Origenes\" width=\"302\" height=\"400\" \/><\/span><\/figure>\n<p>&nbsp;<\/p>\n<p><span style=\"color: #000080;\">Auf einer Pal\u00e4stinareise wurde Origenes, der eigentlich Laie war, 216 vom Bischof von <a class=\"Ort\" style=\"color: #000080;\" href=\"https:\/\/www.heiligenlexikon.de\/Orte\/GKarte.html?31.769581,35.214279&amp;z=12\">Jerusalem<\/a> und vom Bischof von <a class=\"Ort\" style=\"color: #000080;\" href=\"https:\/\/www.heiligenlexikon.de\/Orte\/GKarte.html?32.521664,34.901394&amp;z=12\">C\u00e4sarea<\/a> aufgefordert, Vorlesungen \u00fcber die Heilige Schrift zu halten. Neben vielen Auslegungen und Predigten verfasste er die <q>Hexapla<\/q> eine sechsspaltige Ausgabe des <a class=\"tooltipp\" style=\"color: #000080;\" href=\"https:\/\/www.heiligenlexikon.de\/BiographienO\/Origines_Adamantios.html#\">Alten Testaments<\/a>, die neben dem hebr\u00e4ischen Text und seiner Wiedergabe in griechischen Buchstaben vier griechische \u00dcbersetzungen enthielt. Um 230 wurde Origenes von denselben Bisch\u00f6fen zum Presbyter geweiht, ohne jedoch die Zustimmung seines eigenen Bischofs, == Demetrios von <a class=\"Ort\" style=\"color: #000080;\" href=\"https:\/\/www.heiligenlexikon.de\/Orte\/GKarte.html?31.215884,29.944954&amp;z=12\">Alexandria<\/a>, einzuholen. Nachdem sich Demetrios dieser Handlung widersetzte, wurden zwei <a class=\"tooltipp\" style=\"color: #000080;\" href=\"https:\/\/www.heiligenlexikon.de\/BiographienO\/Origines_Adamantios.html#\">Synoden<\/a> in Alexandria einberufen. Auf der ersten wurde ein Lehrverbot gegen Origenes erlassen, auf der zweiten wurde ihm seine Priesterw\u00fcrde aberkannt.<\/span><\/p>\n<p><span style=\"color: #000080;\">Daraufhin lie\u00df sich Origenes in <a class=\"Ort\" style=\"color: #000080;\" href=\"https:\/\/www.heiligenlexikon.de\/Orte\/GKarte.html?32.521664,34.901394&amp;z=12\">C\u00e4sarea<\/a> nieder und gr\u00fcndete eine Schule f\u00fcr Literatur, Philosophie und Theologie. W\u00e4hrend der Christenverfolgungen wurde er 250 unter Kaiser Decius gefangen genommen und gefoltert, 251 wieder freigelassen, starb jedoch um 254 an den Folgen seiner Verletzungen.<\/span><\/p>\n<p><span style=\"color: #000080;\">Origenes war der einflussreichste Theologe der griechischen Kirche und wohl der bedeutendste der Gesamtkirche vor <a style=\"color: #000080;\" href=\"https:\/\/www.heiligenlexikon.de\/BiographienA\/Augustinus.html\">Augustinus<\/a>. Er war Platoniker und versuchte, die griechische Philosophie mit der christlichen Religion zu verbinden. Sein Werk umfasst Abhandlungen zur Dogmenlehre und praktischen Theologie, apologetische Schriften und Auslegungen zur Bibel. <q>Contra Celsum<\/q>, <q>gegen Celsus<\/q>, ist eine umfassende Schrift, worin er das Christentum gegen die Angriffe des Philosophen Celsus verteidigte; Celsus war ein einflussreicher alexandrinischer Platoniker des 2. Jahrhunderts und der erste ernsthafte gelehrte Kritiker des Christentums. Origenes&#8216; ber\u00fchmtestes Werk sind die vier B\u00fccher <q>\u00dcber die Anf\u00e4nge<\/q>, die erste und \u00fcber Jahrhunderte einzige Darstellung der christlichen Lehre.<\/span><\/p>\n<p><span style=\"color: #000080;\">Origenes gilt als Begr\u00fcnder der allegorischen Auslegungsmethode der Heiligen Schrift; er stellte die Lehre vom dreifachen Schriftsinn auf, die der zu jener Zeit verbreiteten Auffassung von der Dreiteilung des Menschen in K\u00f6rper, Seele und Geist entspricht; demnach gibt es einen buchst\u00e4blichen, einen moralischen und einen mystisch-allegorischen Sinn der Schrift. Er entwickelte die Theorie von <a style=\"color: #000080;\" href=\"https:\/\/www.heiligenlexikon.de\/BiographienJ\/Jesus_Christus.htm\">Christus<\/a> als Logos, dem fleischgewordenen Wort, der in Ewigkeit mit dem Vater existiert. Gleichzeitig lehrte er auch, dass der Sohn dem Vater in Macht und Rang unterlegen sei. Dies, wie auch seine Lehre von der Pr\u00e4existenz der Seele, wurde von vielen Zeitgenossen scharf kritisiert, einige der von seinen Lehren abgeleiteten Theorien wurden auch w\u00e4hrend des Mittelalters zum Ausgangspunkt f\u00fcr theologische Kontroversen.<\/span><\/p>\n<\/div>\n<\/div>\n<p><strong><span style=\"color: #000080;\">Aphorismen:<\/span><\/strong><\/p>\n<p><span style=\"color: #000080;\">&#8222;Die F\u00e4higkeit, das Gute oder Schlechte zu w\u00e4hlen, kann von uns allen erworben werden.&#8220;<\/span><\/p>\n<p><span style=\"color: #000080;\">&#8222;Nicht an einem Orte soll das Heilige gesucht werden, sondern in Taten und Sitten.&#8220;<\/span><\/p>\n<p><span style=\"color: #000080;\">&#8222;Diese sichtbare Welt enth\u00e4lt einen Unterricht \u00fcber die unsichtbare Welt.&#8220;<\/span><\/p>\n<p id=\"maintext\" class=\"spruch\"><span style=\"color: #000080;\">Aphorismus zum Thema: Gott: Gott soll daher nicht als K\u00f6rper oder in einem K\u00f6rper existierend gedacht werden, sondern als unteilbares geistiges Wesen.<\/span><\/p>\n","protected":false},"excerpt":{"rendered":"<p>Aus dem \u00d6kumenisches Heiligenlexikon &#8222;Wisse, da\u00df du eine zweite kleine Welt bist und da\u00df die Sonne und der Mond in dir selbst sind, und ebenso die Sterne.&#8220; Origenes Name bedeutet: der Urspr\u00fcngliche (latein.) Lehrer, Theologe * um 185 in Alexandria &hellip; <a href=\"https:\/\/www.anikodrozdy.ch\/index.php\/mystiker\/origenes\/\">Weiterlesen <span class=\"meta-nav\">&rarr;<\/span><\/a><\/p>\n","protected":false},"author":1,"featured_media":0,"parent":15264,"menu_order":0,"comment_status":"closed","ping_status":"closed","template":"onecolumn-page.php","meta":[],"_links":{"self":[{"href":"https:\/\/www.anikodrozdy.ch\/index.php\/wp-json\/wp\/v2\/pages\/6357"}],"collection":[{"href":"https:\/\/www.anikodrozdy.ch\/index.php\/wp-json\/wp\/v2\/pages"}],"about":[{"href":"https:\/\/www.anikodrozdy.ch\/index.php\/wp-json\/wp\/v2\/types\/page"}],"author":[{"embeddable":true,"href":"https:\/\/www.anikodrozdy.ch\/index.php\/wp-json\/wp\/v2\/users\/1"}],"replies":[{"embeddable":true,"href":"https:\/\/www.anikodrozdy.ch\/index.php\/wp-json\/wp\/v2\/comments?post=6357"}],"version-history":[{"count":13,"href":"https:\/\/www.anikodrozdy.ch\/index.php\/wp-json\/wp\/v2\/pages\/6357\/revisions"}],"predecessor-version":[{"id":33137,"href":"https:\/\/www.anikodrozdy.ch\/index.php\/wp-json\/wp\/v2\/pages\/6357\/revisions\/33137"}],"up":[{"embeddable":true,"href":"https:\/\/www.anikodrozdy.ch\/index.php\/wp-json\/wp\/v2\/pages\/15264"}],"wp:attachment":[{"href":"https:\/\/www.anikodrozdy.ch\/index.php\/wp-json\/wp\/v2\/media?parent=6357"}],"curies":[{"name":"wp","href":"https:\/\/api.w.org\/{rel}","templated":true}]}}