{"id":6370,"date":"2016-08-14T22:46:58","date_gmt":"2016-08-14T20:46:58","guid":{"rendered":"https:\/\/tyvijiqi.cyon.site\/?page_id=6370"},"modified":"2017-11-30T05:20:02","modified_gmt":"2017-11-30T04:20:02","slug":"platon","status":"publish","type":"page","link":"https:\/\/www.anikodrozdy.ch\/index.php\/mystiker\/platon\/","title":{"rendered":"Platon"},"content":{"rendered":"<p><a href=\"http:\/\/www.ardmediathek.de\/tv\/Denker-des-Abendlandes\/Platon\/ARD-alpha\/Video?bcastId=14913016&amp;documentId=15679112\">Platon<\/a><\/p>\n<p><span style=\"color: #000080;\">&#8222;Beim Spiel kann man einen Menschen in einer Stunde besser kennenlernen, als im Gespr\u00e4ch in einem Jahr.&#8220;<\/span><\/p>\n<p><span style=\"color: #000080;\">&#8222;Wenn zwei Knaben jeder einen Apfel haben und sie diese \u00c4pfel tauschen, hat am Ende auch nur jeder einen. Wenn aber zwei Menschen je einen Gedanken haben und diese tauschen, hat am Ende jeder zwei neue Gedanken.&#8220;<\/span><\/p>\n<p><span style=\"color: #000080;\">&#8222;Auch die \u00e4u\u00dferste Freiheit wird wohl dem einzelnen und dem Staat sich in nichts anderes umwandeln als in die \u00e4u\u00dferste Knechtschaft. [&#8230;] So kommt denn nat\u00fcrlicherweise die Tyrannei aus keiner andern Staatsverfassung zustande als aus der Demokratie, aus der \u00fcbertriebensten Freiheit die strengste und wildeste Knechtschaft.&#8220;<\/span><\/p>\n","protected":false},"excerpt":{"rendered":"<p>Platon &#8222;Beim Spiel kann man einen Menschen in einer Stunde besser kennenlernen, als im Gespr\u00e4ch in einem Jahr.&#8220; &#8222;Wenn zwei Knaben jeder einen Apfel haben und sie diese \u00c4pfel tauschen, hat am Ende auch nur jeder einen. Wenn aber zwei &hellip; <a href=\"https:\/\/www.anikodrozdy.ch\/index.php\/mystiker\/platon\/\">Weiterlesen <span class=\"meta-nav\">&rarr;<\/span><\/a><\/p>\n","protected":false},"author":1,"featured_media":0,"parent":15264,"menu_order":0,"comment_status":"closed","ping_status":"closed","template":"onecolumn-page.php","meta":[],"_links":{"self":[{"href":"https:\/\/www.anikodrozdy.ch\/index.php\/wp-json\/wp\/v2\/pages\/6370"}],"collection":[{"href":"https:\/\/www.anikodrozdy.ch\/index.php\/wp-json\/wp\/v2\/pages"}],"about":[{"href":"https:\/\/www.anikodrozdy.ch\/index.php\/wp-json\/wp\/v2\/types\/page"}],"author":[{"embeddable":true,"href":"https:\/\/www.anikodrozdy.ch\/index.php\/wp-json\/wp\/v2\/users\/1"}],"replies":[{"embeddable":true,"href":"https:\/\/www.anikodrozdy.ch\/index.php\/wp-json\/wp\/v2\/comments?post=6370"}],"version-history":[{"count":8,"href":"https:\/\/www.anikodrozdy.ch\/index.php\/wp-json\/wp\/v2\/pages\/6370\/revisions"}],"predecessor-version":[{"id":7984,"href":"https:\/\/www.anikodrozdy.ch\/index.php\/wp-json\/wp\/v2\/pages\/6370\/revisions\/7984"}],"up":[{"embeddable":true,"href":"https:\/\/www.anikodrozdy.ch\/index.php\/wp-json\/wp\/v2\/pages\/15264"}],"wp:attachment":[{"href":"https:\/\/www.anikodrozdy.ch\/index.php\/wp-json\/wp\/v2\/media?parent=6370"}],"curies":[{"name":"wp","href":"https:\/\/api.w.org\/{rel}","templated":true}]}}