{"id":721,"date":"2015-12-05T12:10:32","date_gmt":"2015-12-05T11:10:32","guid":{"rendered":"https:\/\/tyvijiqi.cyon.site\/?page_id=721"},"modified":"2017-11-30T05:19:03","modified_gmt":"2017-11-30T04:19:03","slug":"gandhi","status":"publish","type":"page","link":"https:\/\/www.anikodrozdy.ch\/index.php\/mystiker\/gandhi\/","title":{"rendered":"Gandhi"},"content":{"rendered":"<p><span style=\"color: #008000;\">\u00a0<a style=\"color: #008000;\" href=\"https:\/\/www.anikodrozdy.ch\/\">Startseite: Weisheiten f\u00fcr jeden Tag<\/a><\/span><\/p>\n<p><span style=\"color: #000080;\"><strong><a href=\"https:\/\/www.anikodrozdy.ch\/wp-content\/uploads\/2015\/12\/ghandi-1267827_960_720.jpg\"><img loading=\"lazy\" class=\"wp-image-4728 alignleft\" src=\"https:\/\/www.anikodrozdy.ch\/wp-content\/uploads\/2015\/12\/ghandi-1267827_960_720-300x200.jpg\" alt=\"ghandi-1267827_960_720\" width=\"310\" height=\"206\" srcset=\"https:\/\/www.anikodrozdy.ch\/wp-content\/uploads\/2015\/12\/ghandi-1267827_960_720-300x200.jpg 300w, https:\/\/www.anikodrozdy.ch\/wp-content\/uploads\/2015\/12\/ghandi-1267827_960_720.jpg 960w\" sizes=\"(max-width: 310px) 100vw, 310px\" \/><\/a><\/strong><\/span><\/p>\n<p><span style=\"color: #008000;\"><a style=\"color: #008000;\" href=\"https:\/\/www.anikodrozdy.ch\/?s=gewaltlosigkeit\">Gewaltlosigkeit<\/a><\/span><\/p>\n<p>&nbsp;<\/p>\n<p><span style=\"color: #000080;\"><strong>Mahatma Gandhi<\/strong> \u2013 Mohandas Karamchand Gandhi &#8211; 2.10 1869 &#8211; 30.1.1948<\/span><\/p>\n<p><span style=\"color: #000080;\"><strong>Brief an Hitler:<\/strong>\u00a0 23. Juli 1939.<\/span><\/p>\n<p><span style=\"color: #000080;\">&#8222;Lieber Freund&#8220;, schrieb Gandhi an diesem Tag an Hitler,<\/span><\/p>\n<p><span style=\"color: #000080;\">&#8222;Bekannte haben mich gedr\u00e4ngt, Sie im Namen der Menschlichkeit anzuschreiben. Lange bin ich dieser Bitte nicht nachgekommen, weil ich glaubte, ein Brief von mir k\u00f6nnte als anma\u00dfend empfunden werden.&#8220; Naiv mutet das Schreiben an, das der Anf\u00fchrer der indischen Unabh\u00e4ngigkeitsbewegung, ber\u00fchmte Ikone der Gewaltlosigkeit an den deutschen Diktator (&#8222;Herr Hitler, Berlin, Germany&#8220;) richtete und in dem er Hitler beschwor, keinen Krieg anzuzetteln:<\/span><\/p>\n<p><span style=\"color: #000080;\">&#8222;Offenbar sind Sie unter allen Menschen allein in der Lage, einen Krieg zu verhindern, der die Menschheit in den Zustand der Barbarei zur\u00fcckwerfen w\u00fcrde. M\u00fcssen Sie unbedingt diesen Preis f\u00fcr Ihr Ziel bezahlen, und wenn es Ihnen noch so erstrebenswert erscheint? Wollen Sie nicht auf einen Menschen h\u00f6ren, der nicht ohne beachtlichen Erfolg die Methode des Krieges immer abgelehnt hat? Sollte ich mich in Ihnen get\u00e4uscht haben, bitte ich Sie um Verzeihung f\u00fcr dieses Schreiben.&#8220;<\/span><\/p>\n<div id=\"b_content\"><\/div>\n","protected":false},"excerpt":{"rendered":"<p>\u00a0Startseite: Weisheiten f\u00fcr jeden Tag Gewaltlosigkeit &nbsp; Mahatma Gandhi \u2013 Mohandas Karamchand Gandhi &#8211; 2.10 1869 &#8211; 30.1.1948 Brief an Hitler:\u00a0 23. Juli 1939. &#8222;Lieber Freund&#8220;, schrieb Gandhi an diesem Tag an Hitler, &#8222;Bekannte haben mich gedr\u00e4ngt, Sie im Namen &hellip; <a href=\"https:\/\/www.anikodrozdy.ch\/index.php\/mystiker\/gandhi\/\">Weiterlesen <span class=\"meta-nav\">&rarr;<\/span><\/a><\/p>\n","protected":false},"author":1,"featured_media":0,"parent":15264,"menu_order":0,"comment_status":"closed","ping_status":"closed","template":"onecolumn-page.php","meta":[],"_links":{"self":[{"href":"https:\/\/www.anikodrozdy.ch\/index.php\/wp-json\/wp\/v2\/pages\/721"}],"collection":[{"href":"https:\/\/www.anikodrozdy.ch\/index.php\/wp-json\/wp\/v2\/pages"}],"about":[{"href":"https:\/\/www.anikodrozdy.ch\/index.php\/wp-json\/wp\/v2\/types\/page"}],"author":[{"embeddable":true,"href":"https:\/\/www.anikodrozdy.ch\/index.php\/wp-json\/wp\/v2\/users\/1"}],"replies":[{"embeddable":true,"href":"https:\/\/www.anikodrozdy.ch\/index.php\/wp-json\/wp\/v2\/comments?post=721"}],"version-history":[{"count":16,"href":"https:\/\/www.anikodrozdy.ch\/index.php\/wp-json\/wp\/v2\/pages\/721\/revisions"}],"predecessor-version":[{"id":13498,"href":"https:\/\/www.anikodrozdy.ch\/index.php\/wp-json\/wp\/v2\/pages\/721\/revisions\/13498"}],"up":[{"embeddable":true,"href":"https:\/\/www.anikodrozdy.ch\/index.php\/wp-json\/wp\/v2\/pages\/15264"}],"wp:attachment":[{"href":"https:\/\/www.anikodrozdy.ch\/index.php\/wp-json\/wp\/v2\/media?parent=721"}],"curies":[{"name":"wp","href":"https:\/\/api.w.org\/{rel}","templated":true}]}}