{"id":8182,"date":"2016-12-21T06:04:42","date_gmt":"2016-12-21T05:04:42","guid":{"rendered":"https:\/\/tyvijiqi.cyon.site\/?page_id=8182"},"modified":"2025-03-10T17:27:54","modified_gmt":"2025-03-10T16:27:54","slug":"nachwort","status":"publish","type":"page","link":"https:\/\/www.anikodrozdy.ch\/index.php\/joshua\/nachwort\/","title":{"rendered":"Nachwort"},"content":{"rendered":"<p>&nbsp;<\/p>\n<p><strong><span style=\"color: #008000;\">Dies ist Joshuas Lehre: \u201eLiebet Alaha, den Vater aller Menschen, mit eurem ganzen Herzen, mit eurer ganzen Seele, mit eurem ganzen Denken, mit eurem ganzen Wesen, und liebet alle Menschen, die Kinder Alahas, wie euer eigenes Selbst.\u201c<\/span><\/strong><\/p>\n<p><span style=\"color: #000080;\">Aus dem Buch: Joshua Immanuel der Christus: Sein Leben auf Erden und seine Lehre<\/span><br \/>\n<span style=\"color: #000080;\"> Dr. Stylianos Atteshlis \u2013 bekannt als Daskalos<\/span><br \/>\n<span style=\"color: #000080;\"> Herausgeber: The Stoa Series P.O.Box 8347, 2020 Nicosia \u2013 ISBN 9963-8162-3-1<\/span><\/p>\n<ol>\n<li><span style=\"color: #000080;\">Das Absolute Unendliche g\u00f6ttliche Sein, AL, Gott der Vater, der Ursprung von allem Existierenden, ist in Seiner g\u00f6ttlichen Natur f\u00fcr die menschliche Intelligenz unfassbar.<\/span><\/li>\n<li><span style=\"color: #000080;\">Alles, was wir wissen, ist das AL die Absolute Unendliche Wirklichkeit ist, in Seiner Selbst-Gen\u00fcgsamkeit, in Seiner Vielfalt und in Seinem g\u00f6ttlichen, allgegenw\u00e4rtigen Eins-Sein.<\/span><\/li>\n<\/ol>\n<ol start=\"3\">\n<li><span style=\"color: #000080;\">Seine g\u00f6ttliche Selbstheit schlie\u00dft die Allweisheit und die Allmacht in sich ein.<\/span><\/li>\n<\/ol>\n<ol start=\"4\">\n<li><span style=\"color: #000080;\">AL, das Absolute Unendliche Sein, birgt in sich, nebst der Selbst-Gen\u00fcgsamkeit, die Schaffensfreude, Seine Allweisheit und Allmacht in Seinem g\u00f6ttlichen Selbst zum Ausdruck zu bringen. Auf diese Weise manifestiert Es (das Absolute Unendliche Sein) Sein Selbst als Alaha oder als EL Shaddai, als Logos, welcher mit den Heiligen Erzengeln, die mit der Schaffensfreude von AL mitschwingen, in der Sch\u00f6pfung t\u00e4tig ist.<\/span><\/li>\n<\/ol>\n<ol start=\"5\">\n<li><span style=\"color: #000080;\">AL ist farbloses Leben-Licht.<\/span><\/li>\n<\/ol>\n<ol start=\"6\">\n<li><span style=\"color: #000080;\">Stellt euch ein Zentrum vor und eine Kugel rund um diesen Punkt, eine Kugel ohne Umfang und ohne Oberfl\u00e4che. Innerhalb dieser Kugel gibt es \u00fcberall Zentren, die farbloses Leben-Licht haben.<\/span><\/li>\n<\/ol>\n<ol start=\"7\">\n<li><span style=\"color: #000080;\">In diesen Zentren erschafft die Schaffensfreude von AL, jetzt als Alaha, \u00e4hnliche Kugeln \u2013 eine Kugel oder Billionen von Kugeln \u2013 in Seiner Allgegenwart, jetzt als Logos. Im Eins-Sein des Logos sind alle Erzengelr\u00e4nge enthalten.<\/span><\/li>\n<\/ol>\n<ol start=\"8\">\n<li><span style=\"color: #000080;\">Das Innere einer solchen Kugel nennen wir Raum.<\/span><\/li>\n<\/ol>\n<ol start=\"9\">\n<li><span style=\"color: #000080;\">In einer Kugel ist jetzt wei\u00dfes Leben-Licht, Allweisheit \u2013 als Ursache und Gesetz \u2013 und Allmacht.<\/span><\/li>\n<\/ol>\n<ol start=\"10\">\n<li><span style=\"color: #000080;\">In der Kugel \u2013 im Raum \u2013 ordnen sich die unsterblichen g\u00f6ttlichen Wesen, im Eins-Sein mit AL, in ihre Erzengelr\u00e4nge je nach ihrer g\u00f6ttlichen Natur und der Arbeit entsprechend, die sie im Rahmen der Sch\u00f6pfung der Welten der Existenz aus\u00fcben. Dabei bleiben sie immer im g\u00f6ttlichen Eins-Sein mit dem EL Shaddai, dem Logos.<\/span><\/li>\n<\/ol>\n<ol start=\"11\">\n<li><span style=\"color: #000080;\">El Shaddai Alaha bringt seine Schaffensfreude in Seinem Sch\u00f6pfertum zum Schwingen und manifestiert wei\u00dfes Leben-Licht, das den Klang &lt;Alaha&gt; erzeugt. Der Logos schwingt in seinem Sch\u00f6pfertum und Geist-Mind manifestiert goldgelbes Leben-Licht, das den Klang \u201eEl Shaddai\u201c erzeugt.<\/span><\/li>\n<\/ol>\n<ol start=\"12\">\n<li><span style=\"color: #000080;\">Das goldgelbe Leben-Licht l\u00e4sst in den Ph\u00e4nomenen des Lebens, die von den Heiligen Erzengeln in den Welten der Existenz erschaffen wurden, das entstehen, was wir als Instinkt, Empfindlichkeit und Empfindsamkeit im Pflanzen- und Tierreich kennen.<\/span><\/li>\n<\/ol>\n<ol start=\"13\">\n<li><span style=\"color: #000080;\">Das menschliche Wesen, ein unsterbliches Geist-Seelen-Ego-Wesen, hat in seinem grobstofflichen K\u00f6rper Instinkt, Empfindlichkeit und Empfindsamkeit und als Zeit-und Ort-gebundene Pers\u00f6nlichkeit werden ihm als Gabe des Logos Gottes verschiedene Grade von Bewusstheit geschenkt.<\/span><\/li>\n<\/ol>\n<ol start=\"14\">\n<li><span style=\"color: #000080;\">Ein Mensch wendet Geist-Mind meistens unterbewusst, manchmal bewusst an. Als Ego-Selbst, als Seelen-Ego-Wesen, kann er jedoch Geist-Mind als Spiegel verwenden und darin sein Geist-Seelen-Ego-Selbst reflektieren als Selbst-Gewahrsein, als Selbst-Bewusstsein, als Selbst-\u00dcberbewusstsein und \u2026<\/span><\/li>\n<\/ol>\n<ol start=\"15\">\n<li><span style=\"color: #000080;\">Aus diesem Grunde ist der El Shaddai Mensch geworden und hat sein g\u00f6ttliches Selbst als Joshua den Gott-Menschen inkarniert.<\/span><\/li>\n<li><span style=\"color: #000080;\">Er hat uns den Weg zur\u00fcck zu unserer unsterblichen Geist-Seelen-Ego Natur gezeigt. <\/span><span style=\"color: #000080;\">Werfen wir noch einen Blick auf das Sepher Yetzirah, die Sch\u00f6pfung.<\/span><\/li>\n<\/ol>\n<ol start=\"17\">\n<li><strong><span style=\"color: #000080;\">Einige der g\u00f6ttlichen Wesen in AL lassen einen Teil ihres unsterblichen Selbst durch das Prisma, die Schaffensfreude von Al und von Alaha, gehen. Dadurch ordnen sie sich je nach ihrer Natur und der Arbeit, die sie im Rahmen der Sch\u00f6pfung in den Welten der Existenz vollbringen werden, in ihre Erzengelr\u00e4nge ein.<\/span><\/strong><\/li>\n<\/ol>\n<ol start=\"18\">\n<li><span style=\"color: #000080;\">Die Erzengelwesen, welche die Substanz der Geist-Lebenskraft als rotes Leben-Licht zum Schwingen bringen, werden die Herren des Elements von Feuer und Sonnenlicht und erzeugen die Kl\u00e4nge Maha-El.<\/span><\/li>\n<\/ol>\n<ol start=\"19\">\n<li><span style=\"color: #000080;\">Die Erzengelwesen, welche die Substanz der Geist-Lebenskraft als blaues Leben-Licht zum Schwingen bringen, werden die Herren des Elements des Wassers und aller Fl\u00fcssigkeiten.<\/span><\/li>\n<\/ol>\n<ol start=\"20\">\n<li><span style=\"color: #000080;\">Sie arbeiten mit anderen Erzengeln zusammen in und auf der Erde und im Raum rund um die Erde. Sie erzeugen die Kl\u00e4nge Kha-Vir-El.<\/span><\/li>\n<\/ol>\n<ol start=\"21\">\n<li><span style=\"color: #000080;\">Die Erzengelwesen, welche die Substanz der Geist-Lebenskraft als violettes Leben-Licht in all seinen Farbt\u00f6nen zum Schwingen bringen, werden die Herren der Geist-Lebenskraft als Energie, welche wir Kraft, kosmische Strahlung, Elektrizit\u00e4t und Magnetismus nennen.<\/span><\/li>\n<\/ol>\n<ol start=\"22\">\n<li><span style=\"color: #000080;\">In den Universen und in den Welten der Existenz gibt es viele Kr\u00e4fte, die der Mensch nicht kennt. Das Wirkungsfeld dieser Erzengel ist \u00fcberall. Sie erzeugen die Kl\u00e4nge Ra-Pfa-El.<\/span><\/li>\n<\/ol>\n<ol start=\"23\">\n<li><span style=\"color: #000080;\">Wenn wir auch wenig \u00fcber das Wirken der heiligen Erzengel in der Natur berichten wollten, \u00fcber ihre perfekte Zusammenarbeit und das Wirken der Engel, die sie erschaffen, w\u00fcrde dies tausende von B\u00fcchern f\u00fcllen.<\/span><\/li>\n<\/ol>\n<ol start=\"24\">\n<li><span style=\"color: #000080;\">Das warme rote Blut aller Tiere und aller Menschen ist das wundersame Werk des Logos, des Heiligen Geistes, der Maha-Els, der Ra-Pfa-Els, der Kha-Vir-Els und vieler, vieler anderer Erzengel und Engel. Sie alle manifestieren die vollkommene Zusammenarbeit der Sch\u00f6pferwesen.<\/span><\/li>\n<\/ol>\n<ol start=\"25\">\n<li><span style=\"color: #000080;\">Der Logos-Gott und die heiligen Erzengel in Seinem g\u00f6ttlichen Eins-Sein erschaffen und erhalten die grobstofflichen K\u00f6rper der Menschen und das warme rote Blut, das in ihnen zirkuliert.<\/span><\/li>\n<\/ol>\n<ol start=\"26\">\n<li><span style=\"color: #000080;\">Unser Fleisch und unser Blut ist sein Fleisch und sein Blut, denn Joshua, der sich aller menschlichen Wesen in seiner eigenen Selbstheit gewahr war, sagte:<\/span><\/li>\n<\/ol>\n<ol start=\"27\">\n<li><span style=\"color: #000080;\"><em>\u201eWahrlich, wahrlich ich sage euch: Wer an meine Lehre und an mich glaubt, der hat das ewige Leben. Ich bin das Brot des Lebens \u2026 Hier ist das Brot, das aus dem Himmel herabkommt, damit man davon esse und nicht sterbe. <\/em><\/span><\/li>\n<\/ol>\n<ol start=\"28\">\n<li><span style=\"color: #000080;\"><em>Ich BIN das lebendige Brot, das aus dem Himmel herabgekommen ist: wenn jemand von diesem Brote isst, so wird er ewiglich leben; und zwar ist das Brot, das ich geben werde, mein Fleisch, f\u00fcr das Leben der Welt.\u201c <\/em><\/span><\/li>\n<\/ol>\n<ol start=\"29\">\n<li><span style=\"color: #000080;\"><em>Nun gerieten die Juden in Streit untereinander und sagten: \u201eWie kann dieser uns sein Fleisch zu essen geben?\u201c Da sagte Joshua zu ihnen: Wahrlich, wahrlich ich sage euch: wenn ihr nicht das Fleisch des Menschensohnes esst und sein Blut trinkt, so habt ihr kein Leben in euch; wer mein Fleisch isst und mein Blut trinkt, der hat als Mensch ewiges Leben, und ich werde ihn am j\u00fcngsten Tage auferwecken. <\/em><\/span><\/li>\n<\/ol>\n<ol start=\"30\">\n<li><span style=\"color: #000080;\"><em>Denn mein Fleisch ist wahre Speise, und mein Blut ist wahrer Trank. Wer mein Fleisch isst und mein Blut trinkt, bleibt in mir und ich in ihm.\u201c (Johannes 6:47-48, 50-56)<\/em><\/span><\/li>\n<\/ol>\n<ol start=\"31\">\n<li><span style=\"color: #000080;\"><strong>Der Gott-Mensch Joshua war sich bewusst, der El Shaddai Alaha zu sein. Er sagte: \u201eIch und mein Vater Alaha sind eins.\u201c <\/strong><\/span><\/li>\n<\/ol>\n<ol start=\"32\">\n<li><span style=\"color: #000080;\">Er wusste deshalb, dass das Fleisch und Blut aller Menschen sein Fleisch und sein Blut war.<\/span><\/li>\n<\/ol>\n<ol start=\"33\">\n<li><span style=\"color: #000080;\">In der menschlichen Form eines jeden Menschen ist der grobstoffliche K\u00f6rper das Fleisch und das Blut des El Shaddai Alaha, des Logos, und mithin das Fleisch und das Blut des Gott-Menschen Joshua.<\/span><\/li>\n<\/ol>\n<ol start=\"34\">\n<li><span style=\"color: #000080;\"><strong>Joshua sagte: \u201eWer durch den Willen des Vaters, Alahas, und durch den Willen des Geist-Seelen-Ego-Selbst (das in jedem Menschen ist) sein Selbst kleidet, kleidet seine menschliche Form in Geist-Mind-Lebenskraft, der Gabe Alahas, welche die heiligen Erzengel dazu benutzen, um den grobstofflichen K\u00f6rper, das Fleisch und Blut, zu erschaffen und zu erhalten.\u201c<\/strong><\/span><\/li>\n<\/ol>\n<ol start=\"35\">\n<li><span style=\"color: #000080;\">Joshuas Fleisch und Blut kann in Ewigkeit leben, solange die Menschen bereit sind, sich in der menschlichen Form zu inkarnieren. Leben ist jedoch nicht auf Ph\u00e4nomene des Lebens beschr\u00e4nkt.<\/span><\/li>\n<\/ol>\n<ol start=\"36\">\n<li><span style=\"color: #000080;\">Die Ph\u00e4nomene des Lebens in der grobstofflichen Welt der Existenz haben nur eine beschr\u00e4nkte Lebensdauer. Das Leben hingegen ist immer w\u00e4hrend.<\/span><\/li>\n<\/ol>\n<ol start=\"37\">\n<li><span style=\"color: #000080;\">Der Gott-Mensch Joshua kam als Mensch in die grobstoffliche Welt, um der Menschheit das immer w\u00e4hrende Leben des unsterblichen Geist-Seelen-Ego, das Leben des wirklichen Selbst zu offenbaren.<\/span><\/li>\n<\/ol>\n<ol start=\"38\">\n<li><span style=\"color: #000080;\">Alaha, der Logos, erschuf, erschafft heute und wird in Ewigkeit immerzu erschaffen. Er erschafft die Universen und die Welten der Existenz, indem er Seine Schaffensfreude und Seine Allweisheit manifestiert.<\/span><\/li>\n<\/ol>\n<ol start=\"39\">\n<li><span style=\"color: #000080;\">Er erf\u00fcllt sie mit unz\u00e4hligen Ph\u00e4nomenen des Lebens und schenkt Seinen lebenden Kreaturen alles im \u00dcberfluss, was sie zum Leben und zu ihrer Freude in der grobstofflichen Welt der Existenz und all den anderen Welten der Existenz, den Welten der Himmel und der anderen Dimensionen brauchen.<\/span><\/li>\n<\/ol>\n<ol start=\"40\">\n<li><span style=\"color: #000080;\">Der Mensch, der in Alahas Bilde und Ihm gleich erschaffen wurde, hat sich verirrt, obwohl Alaha, der Vater, ihm Geist-Lebenskraft geschenkt hat, damit er sie vern\u00fcnftig gebrauche zum konstruktiven Denken und zum Beobachten und Erkennen der wunderbaren Werke in den Welten der Existenz Alahas und Seiner heiligen Erzengel, die alles, was lebt, <\/span><span style=\"color: #000080;\">erschaffen und erhalten.<\/span><\/li>\n<li><span style=\"color: #000080;\">Der Mensch hat die Gabe von Mind-Geist zum Sklaven seiner Illusionen, Begierden und egoistischen Emotionen gemacht, <em>in dem er in-ihrer-Natur-menschliche-D\u00e4monen <\/em>oder schlechte Elementale erschaffen hat.<\/span><\/li>\n<li><span style=\"color: #000080;\">Der Mensch hat seine Zeit-und-Ort-gebundene Pers\u00f6nlichkeit in Schleier der Dunkelheit und des Unwissens geh\u00fcllt, ist in der Folge b\u00f6se und ungl\u00fccklich geworden und hat auch seiner Familie, seinen Freunden und Nachbarn Kummer und Sorgen bereitet.<\/span><\/li>\n<\/ol>\n<ol start=\"43\">\n<li><span style=\"color: #000080;\">Der barmherzige Alaha hat Seine Propheten gesandt, um die Menschen zur\u00fcck auf den richtigen Weg zu leiten. Durch Moses gab Er den Menschen die Zehn Gebote, eingraviert auf zwei Steintafeln.<\/span><\/li>\n<\/ol>\n<ol start=\"44\">\n<li><span style=\"color: #000080;\">Vergeblich hat Er versucht, sie auch in die beiden Gehirnh\u00e4lften der Menschen einzugravieren. Die Zehn Gebote bleiben somit in Stein gemei\u00dfelte Verbote.<\/span><\/li>\n<\/ol>\n<ol start=\"45\">\n<li><span style=\"color: #000080;\">Der barmherzige Alaha sandte einen g\u00f6ttlichen Strahl Seines Selbst, um Sich mit allen Vollmachten Alahas als Mensch zu inkarnieren. Der g\u00f6ttliche Strahl Alahas, der durch die unbefleckte Empf\u00e4ngnis Mensch wurde, ist der Gott-Mensch Joshua, der Mshiha.<\/span><\/li>\n<\/ol>\n<ol start=\"46\">\n<li><span style=\"color: #000080;\"><strong>Ein Erzengel aus dem Rang der F\u00fcrstent\u00fcmer wurde durch unbefleckte Empf\u00e4ngnis Mensch als Jungfrau Maria und zehn Jahre nach der Geburt des Gott-Menschen wurde ein weiterer Erzengel aus dem Rang der F\u00fcrstent\u00fcmer Mensch durch unbefleckte Empf\u00e4ngnis, und zwar Yiohannan, der Vetter Joshuas und sein geliebter Apostel.<\/strong><\/span><\/li>\n<\/ol>\n<ol start=\"47\">\n<li><strong><span style=\"color: #000080;\">Yiohannan der T\u00e4ufer, auch er ein Vetter Joshuas, war ebenfalls ein Erzengel, der durch unbefleckte Empf\u00e4ngnis Mensch geworden war. Er stammte aus dem Erzengelrang der Maha-Els, der Herren des Elements Feuer.<\/span><\/strong><\/li>\n<\/ol>\n<ol start=\"48\">\n<li><span style=\"color: #000080;\">Joshua Immanuel, der Gott-Mensch, lebte als Menschensohn. Er heilte und predigte und lehrte alles \u00fcber das K\u00f6nigreich der Himmel und \u00fcber Alaha, den Vater. Er lehrte seine J\u00fcnger und seine Anh\u00e4nger, wie sie Geist-Lebenskraft zum Heilen gebrauchen k\u00f6nnen und wie sie mit Geist-Lebenskraft ihr Unterbewusstsein reinigen und in sich selbst das Seelen-Ego Bewusstsein und das Selbst-\u00dcberbewusstsein erwecken k\u00f6nnen.<\/span><\/li>\n<\/ol>\n<ol start=\"49\">\n<li><span style=\"color: #000080;\">Er lehrte sie, wie sie selbst-bewusst ihren materiellen K\u00f6rper verlassen und tausende von Meilen entfernt ebenfalls selbst-bewusst einen grobstofflichen K\u00f6rper materialisieren k\u00f6nnen.<\/span><\/li>\n<\/ol>\n<ol start=\"50\">\n<li><span style=\"color: #000080;\">Durch sein Leben zeigte uns der Menschensohn, der Gott-Mensch Joshua, den Weg und die Wahrheit und den Wert des wahren Lebens des Geist-Seelen-Ego-Selbst, des immer w\u00e4hrenden Lebens in den vielen Wohnungen im Hause seines Vaters Alahas.<\/span><\/li>\n<\/ol>\n<ol start=\"51\">\n<li><span style=\"color: #000080;\"><em>\u201eEuer Herz erschrecke nicht! Vertrauet Alaha und vertrauet auf mich! In meines Vaters Hause sind viele Wohnungen; wenn es nicht so w\u00e4re, h\u00e4tte ich es euch gesagt; denn ich gehe hin, euch eine St\u00e4tte zu bereiten; und wenn ich hingegangen bin und euch eine St\u00e4tte bereitet habe, komme ich wieder und werde euch zu mir nehmen, damit da, wo ich BIN, auch ihr seid. Und wohin ich gehe: &#8211; den Weg dahin kennt ihr.\u201c <\/em><\/span><\/li>\n<\/ol>\n<ol start=\"52\">\n<li><span style=\"color: #000080;\"><em>Da sagte Thomas zu Joshua: \u201eMalpana, wir wissen nicht, wohin du gehst: wie sollten wir da den Weg kennen?\u201c Joshua antwortete ihm: \u201eIch bin der Weg und die Wahrheit und das Leben; niemand kommt zum Vater au\u00dfer durch mich.\u201c (Johannes 14:1-6)<\/em><\/span><\/li>\n<\/ol>\n<ol start=\"53\">\n<li><span style=\"color: #000080;\">Niemand kann zu Alaha kommen au\u00dfer durch Christus.<\/span><\/li>\n<\/ol>\n<ol start=\"54\">\n<li><span style=\"color: #000080;\">In K\u2019far Nahum, in Yerushalayim und in ganz Pal\u00e4stina hat Joshua oftmals vorhergesagt, dass er von den Rayis Rabbis des Sanhedrin verhaftet, sein K\u00f6rper gesch\u00e4ndet, verwundet und gekreuzigt w\u00fcrde und dass er seinen K\u00f6rper in drei Tagen wieder auferstehen lassen und ihn heilen w\u00fcrde. Alsdann w\u00fcrde er wieder zu ihnen kommen.<\/span><\/li>\n<\/ol>\n<ol start=\"55\">\n<li><span style=\"color: #000080;\"><strong>\u201eF\u00fcr diese Stunde bin ich in die Welt gekommen\u201c, hatte Joshua gelehrt.<\/strong><\/span><\/li>\n<\/ol>\n<ol start=\"56\">\n<li><span style=\"color: #000080;\">Er bewies die Macht des g\u00f6ttlichen Geistes und er zeigte ihnen und uns, dass das Geist-Seelen-Ego tats\u00e4chlich unsterblich ist.<\/span><\/li>\n<\/ol>\n<ol start=\"57\">\n<li><span style=\"color: #000080;\">Im Garten Gethsemane hatte Joshua zwei Stunden bevor er es zulie\u00df, dass die Soldaten des Sanhedrin ihn verhafteten, zu Yiohannan, Petros und Yiacoub gesagt: \u201eTiefbetr\u00fcbt ist meine Seele bis zum Tode\u201c.<\/span><\/li>\n<\/ol>\n<ol start=\"58\">\n<li><strong><span style=\"color: #000080;\">Joshua ging einige Fu\u00df weiter, kniete allein bei einem Felsen nieder, legte seine H\u00e4nde und seine Stirne auf ihn und betete. Denn Joshua sah voraus, wie viel Blut \u00fcber Jahrhunderte auf dem Planeten vergossen w\u00fcrde, im Namen seines Vaters und in seinem Namen, und seine menschliche Seele schrie in tiefer Trauer:<\/span><\/strong><\/li>\n<\/ol>\n<ol start=\"59\">\n<li><span style=\"color: #000080;\"><strong>\u201eVater, wenn es dir m\u00f6glich ist, lass diesen Kelch voll Menschenblut an mir vor\u00fcbergehen. Doch nicht, wie ich will, mein Vater, sondern wie du willst.\u201c<\/strong><\/span><\/li>\n<\/ol>\n<ol start=\"60\">\n<li><span style=\"color: #000080;\">Die Verfolgungen seiner Anh\u00e4nger, die Joshua vorhergesagt hatte, begannen unmittelbar nach seiner Auffahrt in die Himmel mit Angriffen des Sanhedrins auf die Essener, die ersten Christen in Pal\u00e4stina.<\/span><\/li>\n<\/ol>\n<ol start=\"61\">\n<li><span style=\"color: #000080;\"><strong>Die R\u00f6mer griffen die Christen an und jedes Land im r\u00f6mischen Reich war mit christlichem Blut befleckt. Und dann erkl\u00e4rten \u201echristliche\u201c Nationen anderen \u201echristlichen\u201c Nationen den Krieg, bis der ganze Planet mit menschlichem Blut befleckt war, mit seinem Blut, denn jeder Mensch lebt in seinem El Shaddai Eins-Sein.<\/strong><\/span><\/li>\n<\/ol>\n<ol start=\"62\">\n<li><span style=\"color: #000080;\"><em>\u201eSelig sind, die um der Gerechtigkeit willen Verfolgung erleiden, denn ihnen wird das Himmelreich zuteil! <\/em><\/span><span style=\"color: #000080;\"><em>Selig seid ihr, wenn man euch um meinetwillen schm\u00e4ht und verfolgt und euch l\u00fcgnerisch alles B\u00f6se nachredet! Freuet euch dar\u00fcber und jubelt, denn euer Lohn ist gro\u00df im Himmel! Ebenso hat man ja auch die Propheten vor euch verfolgt.\u201c (Matth\u00e4us 5:10-12)<\/em><\/span><\/li>\n<\/ol>\n<ol start=\"63\">\n<li><strong><span style=\"color: #000080;\">F\u00fcr einen wahren Christen ist Joshua Immanuel, der Gott-Mensch, der dreiunddrei\u00dfigj\u00e4hrige Essener, der vom Sanhedrin und von den R\u00f6mern vor zweitausend Jahre zum Tode verurteilt und gekreuzigt wurde, ein Strahl des g\u00f6ttlichen Geistes des El Shaddai, des Logos-Gottes, der durch den g\u00f6ttlichen Willen Alahas, seines himmlischen Vaters, durch unbefleckte Empf\u00e4ngnis Mensch wurde und einen Teil seiner g\u00f6ttlichen Selbstheit inkarnierte, um die Menschheit zu erl\u00f6sen.<\/span><\/strong><\/li>\n<\/ol>\n<ol start=\"64\">\n<li><strong><span style=\"color: #000080;\">Joshua sagte als Menschensohn: \u201eMir ist von Alaha, meinem Vater, alle Gewalt im Himmel und auf Erden verliehen\u201c.<\/span><\/strong><\/li>\n<\/ol>\n<ol start=\"65\">\n<li><span style=\"color: #000080;\">Joshua versprach, seine Seelen Ich-heit als Joshua Immanuel, der Menschensohn, f\u00fcr immer zu bewahren. Er sagte:<\/span><\/li>\n<\/ol>\n<ol start=\"66\">\n<li><span style=\"color: #000080;\"><strong>Denn wo zwei oder drei in meinem Namen versammelt sind, da bin ich mitten unter ihnen.<\/strong> (Matth\u00e4us 18:20)<\/span><\/li>\n<\/ol>\n<ol start=\"67\">\n<li><span style=\"color: #000080;\"><strong>Nach der Auferstehung seines materiellen K\u00f6rpers hatte Joshua Immanuel w\u00e4hrend f\u00fcnfzig Tagen viele hundert seiner geliebten Anh\u00e4nger besucht.<\/strong><\/span><\/li>\n<\/ol>\n<ol start=\"68\">\n<li><span style=\"color: #000080;\"><em>Die elf J\u00fcnger begaben sich nach Galil\u00e4a auf den Berg, wohin Joshua sie beschieden hatte; und als sie ihn erblickten, warfen sie sich vor ihm nieder; einige aber hegten Zweifel. <\/em><\/span><\/li>\n<\/ol>\n<ol start=\"69\">\n<li><span style=\"color: #000080;\"><em>Da trat Joshua herzu und redete sie mit den Worten an: \u201eMir ist alle Gewalt in den Himmeln und auf Erden verliehen. Darum gehet hin und macht alle V\u00f6lker zu J\u00fcngern: tauft sie auf den Namen des Vaters, Alaha, des Sohnes und des heiligen Geistes und lehrt sie alles halten, was ich euch geboten habe. Und wisset wohl: ich bin bei allen alle Tage bis ans Ende der Weltzeit!\u201c (Matth\u00e4us 28:16-20)<\/em><\/span><\/li>\n<\/ol>\n<ol start=\"70\">\n<li><span style=\"color: #000080;\"><strong>Damals, jetzt und in den kommenden Jahrhunderten, immerzu fleht Joshua Immanuel seinen himmlischen Vater Alaha an, diesen Kelch von ihm wegzunehmen, diesen Kelch, der zum \u00dcberlaufen voll Menschenblut ist \u2013 von seinem Blut, denn alle Menschen leben in seiner Selbstheit, in seinem g\u00f6ttlichen Eins-Sein.<\/strong><\/span><\/li>\n<\/ol>\n<p><span style=\"color: #ff0000;\"><strong>Dies ist Joshuas Lehre:<u> <\/u><\/strong><\/span><\/p>\n<p><span style=\"color: #ff0000;\"><strong>\u201eLiebet Alaha, den Vater aller Menschen, mit eurem ganzen Herzen, mit eurer ganzen Seele, mit eurem ganzen Denken, mit eurem ganzen Wesen, und liebet alle Menschen, die Kinder Alahas, wie euer eigenes Selbst\u201c.<\/strong><\/span><\/p>\n","protected":false},"excerpt":{"rendered":"<p>&nbsp; Dies ist Joshuas Lehre: \u201eLiebet Alaha, den Vater aller Menschen, mit eurem ganzen Herzen, mit eurer ganzen Seele, mit eurem ganzen Denken, mit eurem ganzen Wesen, und liebet alle Menschen, die Kinder Alahas, wie euer eigenes Selbst.\u201c Aus dem &hellip; <a href=\"https:\/\/www.anikodrozdy.ch\/index.php\/joshua\/nachwort\/\">Weiterlesen <span class=\"meta-nav\">&rarr;<\/span><\/a><\/p>\n","protected":false},"author":1,"featured_media":0,"parent":8665,"menu_order":39,"comment_status":"closed","ping_status":"closed","template":"onecolumn-page.php","meta":[],"_links":{"self":[{"href":"https:\/\/www.anikodrozdy.ch\/index.php\/wp-json\/wp\/v2\/pages\/8182"}],"collection":[{"href":"https:\/\/www.anikodrozdy.ch\/index.php\/wp-json\/wp\/v2\/pages"}],"about":[{"href":"https:\/\/www.anikodrozdy.ch\/index.php\/wp-json\/wp\/v2\/types\/page"}],"author":[{"embeddable":true,"href":"https:\/\/www.anikodrozdy.ch\/index.php\/wp-json\/wp\/v2\/users\/1"}],"replies":[{"embeddable":true,"href":"https:\/\/www.anikodrozdy.ch\/index.php\/wp-json\/wp\/v2\/comments?post=8182"}],"version-history":[{"count":19,"href":"https:\/\/www.anikodrozdy.ch\/index.php\/wp-json\/wp\/v2\/pages\/8182\/revisions"}],"predecessor-version":[{"id":33000,"href":"https:\/\/www.anikodrozdy.ch\/index.php\/wp-json\/wp\/v2\/pages\/8182\/revisions\/33000"}],"up":[{"embeddable":true,"href":"https:\/\/www.anikodrozdy.ch\/index.php\/wp-json\/wp\/v2\/pages\/8665"}],"wp:attachment":[{"href":"https:\/\/www.anikodrozdy.ch\/index.php\/wp-json\/wp\/v2\/media?parent=8182"}],"curies":[{"name":"wp","href":"https:\/\/api.w.org\/{rel}","templated":true}]}}