{"id":8521,"date":"2017-01-02T20:52:24","date_gmt":"2017-01-02T19:52:24","guid":{"rendered":"https:\/\/tyvijiqi.cyon.site\/?page_id=8521"},"modified":"2021-07-15T07:16:17","modified_gmt":"2021-07-15T05:16:17","slug":"texte","status":"publish","type":"page","link":"https:\/\/www.anikodrozdy.ch\/index.php\/texte\/","title":{"rendered":"Texte"},"content":{"rendered":"<p>&nbsp;<\/p>\n<p><span style=\"color: #008000;\"><a style=\"color: #008000;\" href=\"https:\/\/www.anikodrozdy.ch\/\">Startseite: Weisheiten f\u00fcr jeden Tag<\/a><\/span><\/p>\n<p><span style=\"color: #000080;\"><strong>Verschiedene \u00dcbersetzungen a<\/strong><strong><span style=\"color: #000080;\">us dem Evangelium des Johannes<\/span> <\/strong><\/span><\/p>\n<p><span style=\"color: #000080;\"><strong>Was ist die WAHRHEIT ?<\/strong><\/span><\/p>\n<p><span style=\"color: #000080;\">Im Uranfang, war Er, das Wort.<\/span><\/p>\n<p><span style=\"color: #000080;\">Und Er, das Wort, war bei Gott.<\/span><\/p>\n<p><span style=\"color: #000080;\">Und Gott war Er, das Wort.<\/span><\/p>\n<p><span style=\"color: #008000;\"><em>\u00dcbersetzung: Fridolin Stier<\/em><\/span><\/p>\n<p><span style=\"color: #000080;\">Im Urbeginne war das Wort,\u00a0\u00a0\u00a0\u00a0\u00a0\u00a0\u00a0\u00a0\u00a0\u00a0\u00a0\u00a0\u00a0\u00a0\u00a0\u00a0\u00a0\u00a0\u00a0\u00a0\u00a0\u00a0\u00a0\u00a0\u00a0\u00a0\u00a0\u00a0\u00a0\u00a0\u00a0\u00a0\u00a0\u00a0\u00a0\u00a0\u00a0\u00a0\u00a0\u00a0\u00a0\u00a0\u00a0\u00a0\u00a0\u00a0\u00a0\u00a0\u00a0\u00a0\u00a0\u00a0\u00a0\u00a0\u00a0\u00a0\u00a0\u00a0\u00a0\u00a0\u00a0\u00a0\u00a0\u00a0\u00a0\u00a0\u00a0\u00a0\u00a0\u00a0\u00a0\u00a0\u00a0\u00a0\u00a0\u00a0\u00a0\u00a0\u00a0\u00a0\u00a0\u00a0\u00a0\u00a0\u00a0\u00a0\u00a0\u00a0\u00a0\u00a0\u00a0\u00a0\u00a0\u00a0\u00a0\u00a0\u00a0\u00a0\u00a0\u00a0\u00a0\u00a0\u00a0\u00a0\u00a0\u00a0 und das Wort war bei Gott,\u00a0\u00a0\u00a0\u00a0\u00a0\u00a0\u00a0\u00a0\u00a0\u00a0\u00a0\u00a0\u00a0\u00a0\u00a0\u00a0\u00a0\u00a0\u00a0\u00a0\u00a0\u00a0\u00a0\u00a0\u00a0\u00a0\u00a0\u00a0\u00a0\u00a0\u00a0\u00a0\u00a0\u00a0\u00a0\u00a0\u00a0\u00a0\u00a0\u00a0\u00a0\u00a0\u00a0\u00a0\u00a0\u00a0\u00a0\u00a0\u00a0\u00a0\u00a0\u00a0\u00a0\u00a0\u00a0\u00a0\u00a0\u00a0\u00a0\u00a0\u00a0\u00a0\u00a0\u00a0\u00a0\u00a0\u00a0\u00a0\u00a0\u00a0\u00a0\u00a0\u00a0\u00a0\u00a0\u00a0\u00a0\u00a0\u00a0\u00a0\u00a0\u00a0\u00a0\u00a0\u00a0\u00a0\u00a0\u00a0\u00a0\u00a0\u00a0\u00a0\u00a0\u00a0\u00a0\u00a0\u00a0\u00a0\u00a0\u00a0\u00a0\u00a0\u00a0\u00a0\u00a0\u00a0\u00a0\u00a0\u00a0 und ein g\u00f6ttliches Wesen war das Wort.\u00a0\u00a0\u00a0\u00a0\u00a0\u00a0\u00a0\u00a0\u00a0\u00a0\u00a0\u00a0\u00a0\u00a0\u00a0\u00a0\u00a0\u00a0\u00a0\u00a0\u00a0\u00a0\u00a0\u00a0\u00a0\u00a0\u00a0\u00a0\u00a0\u00a0\u00a0\u00a0\u00a0\u00a0\u00a0\u00a0\u00a0\u00a0\u00a0\u00a0\u00a0\u00a0\u00a0\u00a0\u00a0\u00a0\u00a0\u00a0\u00a0\u00a0\u00a0\u00a0\u00a0\u00a0\u00a0\u00a0\u00a0\u00a0\u00a0\u00a0\u00a0\u00a0\u00a0\u00a0\u00a0\u00a0\u00a0\u00a0\u00a0\u00a0\u00a0\u00a0\u00a0\u00a0\u00a0\u00a0\u00a0\u00a0\u00a0\u00a0\u00a0\u00a0\u00a0\u00a0\u00a0\u00a0 <span style=\"color: #008000;\"><em>\u00dcbersetzung: Emil Bock<\/em><\/span><\/span><\/p>\n<p><span style=\"color: #000080;\">Im Anfang war die Weisheit\u00a0\u00a0\u00a0\u00a0\u00a0\u00a0\u00a0\u00a0\u00a0\u00a0\u00a0\u00a0\u00a0\u00a0\u00a0\u00a0\u00a0\u00a0\u00a0\u00a0\u00a0\u00a0\u00a0\u00a0\u00a0\u00a0\u00a0\u00a0\u00a0\u00a0\u00a0\u00a0\u00a0\u00a0\u00a0\u00a0\u00a0\u00a0\u00a0\u00a0\u00a0\u00a0\u00a0\u00a0\u00a0\u00a0\u00a0\u00a0\u00a0\u00a0\u00a0\u00a0\u00a0\u00a0\u00a0\u00a0\u00a0\u00a0\u00a0\u00a0\u00a0\u00a0\u00a0\u00a0\u00a0\u00a0\u00a0\u00a0\u00a0\u00a0\u00a0\u00a0\u00a0\u00a0\u00a0\u00a0\u00a0\u00a0\u00a0\u00a0\u00a0\u00a0\u00a0\u00a0\u00a0\u00a0\u00a0\u00a0\u00a0\u00a0\u00a0\u00a0\u00a0\u00a0\u00a0\u00a0\u00a0\u00a0\u00a0\u00a0\u00a0\u00a0\u00a0\u00a0\u00a0\u00a0\u00a0\u00a0 und die Weisheit war bei Gott\u00a0\u00a0\u00a0\u00a0\u00a0\u00a0\u00a0\u00a0\u00a0\u00a0\u00a0\u00a0\u00a0\u00a0\u00a0\u00a0\u00a0\u00a0\u00a0\u00a0\u00a0\u00a0\u00a0\u00a0\u00a0\u00a0\u00a0\u00a0\u00a0\u00a0\u00a0\u00a0\u00a0\u00a0\u00a0\u00a0\u00a0\u00a0\u00a0\u00a0\u00a0\u00a0\u00a0\u00a0\u00a0\u00a0\u00a0\u00a0\u00a0\u00a0\u00a0\u00a0\u00a0\u00a0\u00a0\u00a0\u00a0\u00a0\u00a0\u00a0\u00a0\u00a0\u00a0\u00a0\u00a0\u00a0\u00a0\u00a0\u00a0\u00a0\u00a0\u00a0\u00a0\u00a0\u00a0\u00a0\u00a0\u00a0\u00a0\u00a0\u00a0\u00a0\u00a0\u00a0\u00a0\u00a0\u00a0\u00a0\u00a0\u00a0\u00a0\u00a0\u00a0\u00a0\u00a0\u00a0\u00a0\u00a0\u00a0\u00a0\u00a0\u00a0\u00a0\u00a0\u00a0 und die Weisheit war wie Gott.\u00a0\u00a0\u00a0\u00a0\u00a0\u00a0\u00a0\u00a0\u00a0\u00a0\u00a0\u00a0\u00a0\u00a0\u00a0\u00a0\u00a0\u00a0\u00a0\u00a0\u00a0\u00a0\u00a0\u00a0\u00a0\u00a0\u00a0\u00a0\u00a0\u00a0\u00a0\u00a0\u00a0\u00a0\u00a0\u00a0\u00a0\u00a0\u00a0\u00a0\u00a0\u00a0\u00a0\u00a0\u00a0\u00a0\u00a0\u00a0\u00a0\u00a0\u00a0\u00a0\u00a0\u00a0\u00a0\u00a0\u00a0\u00a0\u00a0\u00a0\u00a0\u00a0\u00a0\u00a0\u00a0\u00a0\u00a0\u00a0\u00a0\u00a0\u00a0\u00a0\u00a0\u00a0\u00a0\u00a0\u00a0\u00a0\u00a0\u00a0\u00a0\u00a0\u00a0\u00a0\u00a0\u00a0\u00a0\u00a0\u00a0\u00a0\u00a0\u00a0\u00a0\u00a0\u00a0\u00a0\u00a0\u00a0\u00a0\u00a0\u00a0\u00a0\u00a0\u00a0\u00a0\u00a0 <span style=\"color: #008000;\"><em>\u00dcbersetzung: Bibel in gerechter Sprache 2007<\/em><\/span><\/span><\/p>\n<p><span style=\"text-decoration: underline;\"><span style=\"color: #000080; text-decoration: underline;\"><strong><span style=\"color: #008000; text-decoration: underline;\">\u00dcbersetzung des Mystikers Dr. Stylianos Atteshlis<\/span> <\/strong>bekannt als Daskalos:<\/span><\/span><\/p>\n<p><span style=\"color: #000080;\"><strong><span style=\"color: #ff0000;\"><span style=\"color: #000080;\">In der Absoluten Autorit\u00e4t<\/span> ist <span style=\"color: #000080;\">der Logos.<\/span> <span style=\"color: #000080;\">Und der Logos<\/span> ist <span style=\"color: #000080;\">in Gott.\u00a0Gott <span style=\"color: #ff0000;\">ist<\/span> der<\/span> <span style=\"color: #000080;\">Logos.\u00a0<\/span>\u00a0<\/span><\/strong>\u00a0\u00a0\u00a0\u00a0\u00a0\u00a0\u00a0\u00a0\u00a0\u00a0\u00a0\u00a0\u00a0\u00a0\u00a0\u00a0\u00a0\u00a0\u00a0\u00a0\u00a0\u00a0\u00a0\u00a0\u00a0\u00a0\u00a0\u00a0\u00a0\u00a0\u00a0\u00a0\u00a0\u00a0\u00a0\u00a0\u00a0\u00a0\u00a0\u00a0\u00a0\u00a0\u00a0\u00a0\u00a0\u00a0\u00a0\u00a0\u00a0\u00a0\u00a0\u00a0\u00a0\u00a0\u00a0\u00a0\u00a0\u00a0\u00a0\u00a0\u00a0\u00a0\u00a0\u00a0\u00a0\u00a0\u00a0\u00a0\u00a0\u00a0\u00a0\u00a0\u00a0\u00a0\u00a0\u00a0\u00a0\u00a0\u00a0\u00a0\u00a0\u00a0\u00a0\u00a0\u00a0\u00a0\u00a0\u00a0\u00a0\u00a0\u00a0\u00a0\u00a0\u00a0\u00a0\u00a0\u00a0\u00a0\u00a0\u00a0\u00a0\u00a0\u00a0\u00a0\u00a0\u00a0\u00a0\u00a0\u00a0\u00a0\u00a0\u00a0\u00a0\u00a0\u00a0\u00a0\u00a0\u00a0\u00a0\u00a0\u00a0\u00a0\u00a0\u00a0\u00a0\u00a0\u00a0\u00a0\u00a0\u00a0\u00a0\u00a0\u00a0\u00a0\u00a0 (griech: = arch\u00e9 = Vollmacht und Anfang)<br \/>\n<\/span><\/p>\n<p><span style=\"color: #000080;\">Durch <strong><span style=\"color: #ff0000;\">es<\/span><\/strong> sind alle Dinge geworden,\u00a0\u00a0\u00a0\u00a0\u00a0\u00a0\u00a0\u00a0\u00a0\u00a0\u00a0\u00a0\u00a0\u00a0\u00a0\u00a0\u00a0\u00a0\u00a0\u00a0\u00a0\u00a0\u00a0\u00a0\u00a0\u00a0\u00a0\u00a0\u00a0\u00a0\u00a0\u00a0\u00a0\u00a0\u00a0\u00a0\u00a0\u00a0\u00a0\u00a0\u00a0\u00a0\u00a0\u00a0\u00a0\u00a0\u00a0\u00a0\u00a0\u00a0\u00a0\u00a0\u00a0\u00a0\u00a0\u00a0\u00a0\u00a0\u00a0\u00a0\u00a0\u00a0\u00a0\u00a0\u00a0\u00a0\u00a0\u00a0\u00a0\u00a0\u00a0\u00a0\u00a0\u00a0\u00a0\u00a0\u00a0\u00a0\u00a0\u00a0\u00a0\u00a0\u00a0\u00a0\u00a0\u00a0\u00a0\u00a0\u00a0\u00a0\u00a0\u00a0\u00a0\u00a0\u00a0\u00a0\u00a0 <\/span><span style=\"color: #000080;\">und nichts von allem Entstandenen\u00a0\u00a0\u00a0\u00a0\u00a0\u00a0\u00a0\u00a0\u00a0\u00a0\u00a0\u00a0\u00a0\u00a0\u00a0\u00a0\u00a0\u00a0\u00a0\u00a0\u00a0\u00a0\u00a0\u00a0\u00a0\u00a0\u00a0\u00a0\u00a0\u00a0\u00a0\u00a0\u00a0\u00a0\u00a0\u00a0\u00a0\u00a0\u00a0\u00a0\u00a0\u00a0\u00a0\u00a0\u00a0\u00a0\u00a0\u00a0\u00a0\u00a0\u00a0\u00a0\u00a0\u00a0\u00a0\u00a0\u00a0\u00a0\u00a0\u00a0\u00a0\u00a0\u00a0\u00a0\u00a0\u00a0\u00a0\u00a0\u00a0\u00a0\u00a0\u00a0\u00a0\u00a0\u00a0\u00a0\u00a0\u00a0\u00a0\u00a0\u00a0\u00a0\u00a0\u00a0\u00a0\u00a0\u00a0\u00a0\u00a0\u00a0\u00a0\u00a0\u00a0\u00a0\u00a0\u00a0\u00a0\u00a0\u00a0\u00a0 <\/span><span style=\"color: #000080;\">ist anders als durch <strong><span style=\"color: #ff0000;\">den Logos.\u00a0\u00a0\u00a0<\/span>\u00a0\u00a0\u00a0\u00a0\u00a0\u00a0\u00a0\u00a0\u00a0\u00a0\u00a0\u00a0\u00a0\u00a0\u00a0\u00a0\u00a0\u00a0\u00a0\u00a0\u00a0\u00a0\u00a0\u00a0\u00a0\u00a0\u00a0\u00a0 <\/strong><\/span><\/p>\n<p><span style=\"color: #000080;\"><strong>In ihm<\/strong> <span style=\"color: #ff0000;\"><strong><span style=\"color: #ff0000;\">ist<\/span> <\/strong><\/span><strong>das Leben,<\/strong>\u00a0\u00a0\u00a0\u00a0\u00a0\u00a0\u00a0\u00a0\u00a0\u00a0\u00a0\u00a0\u00a0\u00a0\u00a0\u00a0\u00a0\u00a0\u00a0\u00a0\u00a0\u00a0\u00a0\u00a0\u00a0\u00a0\u00a0\u00a0\u00a0\u00a0\u00a0\u00a0\u00a0\u00a0\u00a0\u00a0\u00a0\u00a0\u00a0\u00a0\u00a0\u00a0\u00a0\u00a0\u00a0\u00a0\u00a0\u00a0\u00a0\u00a0\u00a0\u00a0\u00a0\u00a0\u00a0\u00a0\u00a0\u00a0\u00a0\u00a0\u00a0\u00a0\u00a0\u00a0\u00a0\u00a0\u00a0\u00a0\u00a0\u00a0\u00a0\u00a0\u00a0\u00a0\u00a0\u00a0\u00a0\u00a0\u00a0\u00a0\u00a0\u00a0\u00a0\u00a0\u00a0\u00a0\u00a0\u00a0\u00a0\u00a0\u00a0\u00a0\u00a0\u00a0\u00a0\u00a0\u00a0\u00a0\u00a0\u00a0\u00a0\u00a0\u00a0\u00a0\u00a0\u00a0\u00a0\u00a0\u00a0\u00a0\u00a0\u00a0\u00a0\u00a0\u00a0\u00a0\u00a0\u00a0\u00a0\u00a0 <\/span><span style=\"color: #000080;\"><strong>und das Leben<\/strong><span style=\"color: #ff0000;\"><strong>\u00a0ist<\/strong> <\/span><strong>das Licht aller Menschen.<\/strong><br \/>\n<\/span><\/p>\n<p><span style=\"color: #000080;\">Und das Licht scheint in der Finsternis; <\/span><span style=\"color: #000080;\">aber die Finsternis <strong><span style=\"color: #ff0000;\">versteht es nicht.<\/span> <\/strong><\/span><\/p>\n<p><span style=\"color: #000080;\">Das wahre Licht, das alle Menschen erleuchtet, <\/span><span style=\"color: #ff0000;\"><strong>kommend in die Welt<\/strong>.<\/span><\/p>\n<p><span style=\"color: #000080;\">In der Absoluten Unendlichen Vollmacht ist der Logos, und der Logos ist Gott. Er ist in der Absoluten Vollmacht in Gott. Alles wurde durch ihn, nichts entstand ohne den Logos. <em>(Johannes 1:1-3)<\/em><\/span><\/p>\n<p><span style=\"color: #000080;\">In Ihm (im Gott-Menschen Joshua Immanuel dem Christus) ist das Leben und das Leben ist das Licht (<span style=\"color: #ff0000;\">die Selbstheit<\/span>) der Menschheit. Und das Licht scheint in der Finsternis (im menschlichen Unwissen), und die Finsternis hat es nicht erfasst. <em>(vgl. Johannes 1:4-5)<\/em><\/span><\/p>\n<p><a href=\"https:\/\/www.anikodrozdy.ch\/index.php\/joshua-kapitel\/daskalos\/einleitung-2\/\">Siehe Einleitung &#8211; Buch Joshua<\/a><\/p>\n<p><span style=\"color: #000080;\"><strong>Daskalos:<span style=\"color: #ff0000;\"> \u201eChristus ist nicht nur eine Person, Jesus oder Joshua, sondern ein Prinzip, das Prinzip des Lebens und des Selbstgewahrseins\u201c<\/span><\/strong><\/span><\/p>\n<p><span style=\"color: #000080;\">Aus dem Buch: Joshua Immanuel der Christus: Sein Leben auf Erden und seine Lehre<br \/>\nDr. Stylianos Atteshlis 4. Kapitel, 42.-48. &#8211; Die heilige Familie in \u00c4gypten (in Heliopolis)<\/span><\/p>\n<ol start=\"42\">\n<li><span style=\"color: #000080;\">Als Joshua ein Junge von neun Jahren war, gab ihm Ezekiel die Erlaubnis, in der Synagoge zu predigen und an der Essener Schule zu unterrichten. Er belehrte die Gemeinde \u00fcber die Natur des allgegenw\u00e4rtigen, allwissenden, allm\u00e4chtigen Alaha, des gro\u00dfen Seins, seines Vaters, und des Zauir Anpin, der Absoluten Unendlichen Seinsheit, des Logos, er, der selber ein reiner Strahl dieses Logos und des Ruach Elohim (des heiligen Geistes) war. Joshua sprach zu ihnen von Alaha Shaddai El (dem allm\u00e4chtigen Gott) und predigte \u00fcber die 32 Pfade der Weisheit im Sohar. Er gab der Thora neuen Sinn, vervollst\u00e4ndigte das Gesetz und erkl\u00e4rte die Eigenschaften des Ain Soph Aur (des grenzenlosen, unverg\u00e4nglichen, sch\u00f6pferischen Lichtes).<\/span><\/li>\n<\/ol>\n<ol start=\"43\">\n<li><span style=\"color: #000080;\">Schon bevor Joshua zehn wurde, hatte er seinen materiellen K\u00f6rper mehrmals willentlich dematerialisiert und wieder materialisiert zur grossen Verbl\u00fcffung aller, die zuf\u00e4llig Zeugen dieser Wunder wurden. <\/span><span style=\"color: #000080;\">Der Rayis Rabbi Ezekiel konnte weiterhin nicht verstehen, wer Joshua war. Er begn\u00fcgte sich damit, ihm seine Liebe zu schenken, soweit dies einem Menschen m\u00f6glich ist.<\/span><\/li>\n<\/ol>\n<ol start=\"44\">\n<li><span style=\"color: #000080;\">Mit elf Jahren bat Joshua Ezekiel, die beiden Tafeln mit den zehn Geboten auf die linke Seite des Altars zu stellen und in die Mitte des Altars eine Marmortafel in der Form eines gleichseitigen Dreiecks, auf der griechisch geschrieben stand:<\/span><\/li>\n<\/ol>\n<p style=\"text-align: center;\"><span style=\"color: #ff0000;\"><strong>Ich bin Gott der Herr.<\/strong><\/span><\/p>\n<p style=\"text-align: center;\"><span style=\"color: #ff0000;\"><strong>Euer Gott in eurem Sein.<\/strong><\/span><\/p>\n<p style=\"text-align: center;\"><span style=\"color: #ff0000;\"><strong>Liebet den Herrn,<\/strong><\/span><\/p>\n<p style=\"text-align: center;\"><span style=\"color: #ff0000;\"><strong>euren Gott,<\/strong><\/span><\/p>\n<p style=\"text-align: center;\"><span style=\"color: #ff0000;\"><strong>in euch, in eurem Sein-Selbst.<\/strong><\/span><\/p>\n<p style=\"text-align: center;\"><span style=\"color: #ff0000;\"><strong>Und liebet euren Gott\u00a0<\/strong><\/span><\/p>\n<p style=\"text-align: center;\"><span style=\"color: #ff0000;\"><strong>in jedem Mitmenschen <\/strong><\/span><\/p>\n<p style=\"text-align: center;\"><span style=\"color: #ff0000;\"><strong>wie euer Selbst.<\/strong><\/span><\/p>\n<ol start=\"46\">\n<li><span style=\"color: #000080;\">Somit war der Essener Rayis Rabbi Ezekiel in Heliopolis, \u00c4gypten, der erste Rayis Rabbi, der in der Mitte des Altars im Allerheiligsten die neue Tafel mit dem Wort Gottes an die Menschheit stellte, das Wort des elfj\u00e4hrigen Gott-Sohnes an seine Menschen Br\u00fcder.<\/span><\/li>\n<\/ol>\n<ol start=\"47\">\n<li><span style=\"color: #000080;\">\u201eIch bin nicht in die Welt gekommen\u201c, sagte Joshua, \u201edas Gesetz zu \u00fcberschreiten oder aufzul\u00f6sen, sondern das Gesetz zu erg\u00e4nzen und zu erf\u00fcllen. Ich bin in die materielle Welt gekommen, um die gro\u00dfe Liebe unseres Vaters zu allen seinen Kindern zu offenbaren.\u201c<\/span><\/li>\n<\/ol>\n<ol start=\"48\">\n<li><span style=\"color: #000080;\">Wurde er gefragt: \u201eWer bist du?\u201c, antwortete Joshua auf Aram\u00e4isch: \u201eEhyeh Asher Ehyeh \u2013 Beni Alaha, Beni Adonai Melekh\u201c das hei\u00dft: \u201eIch bin, der ich bin \u2013 Sohn Gottes, Sohn des Herrn und K\u00f6nigs.\u201c<\/span><\/li>\n<\/ol>\n<p><span style=\"color: #008000;\"><a style=\"color: #008000;\" href=\"https:\/\/www.anikodrozdy.ch\/index.php\/joshua-kapitel\/1932-2\/\">4. Kapitel &#8211; Die heilige Familie in \u00c4gypten<\/a><\/span><\/p>\n","protected":false},"excerpt":{"rendered":"<p>&nbsp; Startseite: Weisheiten f\u00fcr jeden Tag Verschiedene \u00dcbersetzungen aus dem Evangelium des Johannes Was ist die WAHRHEIT ? Im Uranfang, war Er, das Wort. Und Er, das Wort, war bei Gott. Und Gott war Er, das Wort. \u00dcbersetzung: Fridolin Stier &hellip; <a href=\"https:\/\/www.anikodrozdy.ch\/index.php\/texte\/\">Weiterlesen <span class=\"meta-nav\">&rarr;<\/span><\/a><\/p>\n","protected":false},"author":1,"featured_media":0,"parent":0,"menu_order":0,"comment_status":"closed","ping_status":"closed","template":"onecolumn-page.php","meta":[],"_links":{"self":[{"href":"https:\/\/www.anikodrozdy.ch\/index.php\/wp-json\/wp\/v2\/pages\/8521"}],"collection":[{"href":"https:\/\/www.anikodrozdy.ch\/index.php\/wp-json\/wp\/v2\/pages"}],"about":[{"href":"https:\/\/www.anikodrozdy.ch\/index.php\/wp-json\/wp\/v2\/types\/page"}],"author":[{"embeddable":true,"href":"https:\/\/www.anikodrozdy.ch\/index.php\/wp-json\/wp\/v2\/users\/1"}],"replies":[{"embeddable":true,"href":"https:\/\/www.anikodrozdy.ch\/index.php\/wp-json\/wp\/v2\/comments?post=8521"}],"version-history":[{"count":36,"href":"https:\/\/www.anikodrozdy.ch\/index.php\/wp-json\/wp\/v2\/pages\/8521\/revisions"}],"predecessor-version":[{"id":23983,"href":"https:\/\/www.anikodrozdy.ch\/index.php\/wp-json\/wp\/v2\/pages\/8521\/revisions\/23983"}],"wp:attachment":[{"href":"https:\/\/www.anikodrozdy.ch\/index.php\/wp-json\/wp\/v2\/media?parent=8521"}],"curies":[{"name":"wp","href":"https:\/\/api.w.org\/{rel}","templated":true}]}}