{"id":8584,"date":"2017-01-04T20:10:22","date_gmt":"2017-01-04T19:10:22","guid":{"rendered":"https:\/\/tyvijiqi.cyon.site\/?page_id=8584"},"modified":"2025-07-23T10:07:02","modified_gmt":"2025-07-23T08:07:02","slug":"literatur","status":"publish","type":"page","link":"https:\/\/www.anikodrozdy.ch\/index.php\/literatur\/","title":{"rendered":"Literatur"},"content":{"rendered":"<div class=\"row\"><\/div>\n<div class=\"row\"><\/div>\n<div class=\"row\"><a href=\"https:\/\/www.anikodrozdy.ch\/wp-content\/uploads\/2017\/04\/index.jpg\"><img loading=\"lazy\" class=\"wp-image-9934 alignleft\" src=\"https:\/\/www.anikodrozdy.ch\/wp-content\/uploads\/2017\/04\/index.jpg\" alt=\"index\" width=\"109\" height=\"174\" \/><\/a><\/div>\n<p class=\"row\"><span style=\"color: #ff0000;\"><strong>Tolstois Kalender der Weisheit: <\/strong><\/span><\/p>\n<p class=\"row\"><span style=\"color: #000080;\">Peter Sekrin (Hrsg.) ISBN 3-570-50003-9<\/span><\/p>\n<div class=\"row columns\"><\/div>\n<div class=\"row columns\"><\/div>\n<div class=\"row columns\"><\/div>\n<div class=\"row columns\">\u00a0<a href=\"https:\/\/www.anikodrozdy.ch\/wp-content\/uploads\/2017\/04\/51q4zI6V7ZL._SX322_BO1204203200_.jpg\"><img loading=\"lazy\" class=\"wp-image-9936 alignright\" src=\"https:\/\/www.anikodrozdy.ch\/wp-content\/uploads\/2017\/04\/51q4zI6V7ZL._SX322_BO1204203200_-195x300.jpg\" alt=\"51q4zI6V7ZL._SX322_BO1,204,203,200_\" width=\"96\" height=\"148\" srcset=\"https:\/\/www.anikodrozdy.ch\/wp-content\/uploads\/2017\/04\/51q4zI6V7ZL._SX322_BO1204203200_-195x300.jpg 195w, https:\/\/www.anikodrozdy.ch\/wp-content\/uploads\/2017\/04\/51q4zI6V7ZL._SX322_BO1204203200_.jpg 324w\" sizes=\"(max-width: 96px) 100vw, 96px\" \/><\/a><\/div>\n<p class=\"row columns\"><strong><a href=\"https:\/\/www.youtube.com\/watch?v=jB8Id5CUyhY\" target=\"_blank\" rel=\"noopener\"><span style=\"color: #000080;\"><span style=\"color: #ff0000;\">Draussen vor der T\u00fcr &#8211; Wolfgang Borchert<\/span><\/span><\/a><\/strong><span style=\"color: #ff0000;\">\u00a0<\/span><span style=\"color: #008000;\"> &#8211;\u00a0Die Sinnlosigkeit des Krieges eine Pflichtlekt\u00fcre f\u00fcr alle Schulen!\u00a0<\/span><\/p>\n<p class=\"row columns\"><span style=\"color: #008000;\"> Kurz \u00fcber Wolfang Borchert und die k\u00f6stliche Kurzgeschichte:<span style=\"color: #000080;\">\u00a0<\/span><\/span><span style=\"color: #000080;\"><span style=\"color: #008000;\"> <a style=\"color: #008000;\" href=\"https:\/\/www.youtube.com\/watch?v=gYi9Gd3fkIo\">Schischyphusch oder der Kellner meines Onkels<\/a><\/span><br \/>\n<\/span><\/p>\n<dl id=\"descriptionToggle\" class=\"ncDescrAdditional\" data-toggler=\".heightAuto\">\n<dd class=\"cTypePortrait\" data-test=\"inhaltArtikel\"><span style=\"color: #000080;\"><strong><a href=\"https:\/\/www.anikodrozdy.ch\/wp-content\/uploads\/2017\/01\/index.jpg\"><img loading=\"lazy\" class=\"wp-image-8620 alignleft\" src=\"https:\/\/www.anikodrozdy.ch\/wp-content\/uploads\/2017\/01\/index.jpg\" alt=\"index\" width=\"92\" height=\"167\" \/><\/a><\/strong><\/span><\/dd>\n<dd data-test=\"inhaltArtikel\"><span style=\"color: #ff0000;\"><strong>Ethik ist wichtiger als Religion !<\/strong><\/span><\/dd>\n<dd class=\"cTypePortrait\" data-test=\"inhaltArtikel\"><span style=\"color: #000080;\">Der Appell des DALAI LAMA an die Welt<\/span><br \/>\n<span style=\"color: #000080;\">mit Franz Alt: ISBN 978-3-7109-0000-6<\/span><\/dd>\n<\/dl>\n<p>&nbsp;<\/p>\n<p>&nbsp;<\/p>\n<p><a href=\"https:\/\/www.anikodrozdy.ch\/wp-content\/uploads\/2018\/09\/images.jpg\"><img loading=\"lazy\" class=\"wp-image-19352 alignleft\" src=\"https:\/\/www.anikodrozdy.ch\/wp-content\/uploads\/2018\/09\/images.jpg\" alt=\"\" width=\"73\" height=\"97\" \/><\/a><\/p>\n<p id=\"title\" class=\"a-size-large a-spacing-none\"><span style=\"color: #000080;\"><strong><span id=\"productTitle\" class=\"a-size-large\">Die faszinierende Welt eines spirituellen Heilers<\/span><\/strong>\u00a0 <strong>Daskalos:\u00a0<\/strong><a style=\"color: #000080;\" href=\"https:\/\/www.amazon.de\/Magus-von-Strovolos-faszinierende-spirituellen\/dp\/384344417X\/ref=sr_1_1?adgrpid=67347244795&amp;gclid=Cj0KCQiAoIPvBRDgARIsAHsCw09KIoyAdC5G4PmKlm78FGZaqCTCujYZvJmtmzl1EZ9X9yV89WgKXKsaArQ8EALw_wcB&amp;hvadid=332620856532&amp;hvdev=c&amp;hvlocphy=1003297&amp;hvnetw=g&amp;hvpos=1t1&amp;hvqmt=b&amp;hvrand=17800330024803723724&amp;hvtargid=kwd-299825633654&amp;hydadcr=19000_1786130&amp;keywords=magus+von+strovolos&amp;qid=1575055990&amp;sr=8-1\" target=\"_blank\" rel=\"noopener\">Der Magus von Strovolos<\/a>\u00a0von\u00a0<span class=\"author notFaded\" data-width=\"\">Kyriacos C Markides<\/span><\/span><\/p>\n<dl id=\"descriptionToggle\" class=\"ncDescrAdditional\" data-toggler=\".heightAuto\">\n<dd class=\"cTypePortrait\" data-test=\"inhaltArtikel\">\n<p class=\"ncTitle\"><span style=\"color: #000080;\"><strong>B\u00fccher von Daskalos\u00a0<\/strong>\u00a0<\/span><span style=\"color: #000080;\">Dr. Stylianos Atteshlis :\u00a0<\/span><span style=\"color: #000080;\">Joshua Immanuel der Christus: Sein Leben auf Erden und seine Lehre &#8211;\u00a0<\/span><span style=\"color: #000080;\">Herausgeber: The Stoa Series P.O.Box 8347, 2020 Nicosia ISBN9963-8162-3-1<\/span><\/p>\n<\/dd>\n<dd class=\"cTypePortrait\" data-test=\"inhaltArtikel\"><span style=\"color: #000080;\"><span style=\"color: #000080;\">In\u00a0\u00a0<strong><a style=\"color: #000080;\" href=\"https:\/\/www.amazon.de\/Die-esoterische-Praxis-Christliche-Meditationen\/dp\/3925609032\/ref=pd_sim_14_2\/262-2052592-4066254?_encoding=UTF8&amp;pd_rd_i=3925609032&amp;pd_rd_r=773311f1-12e2-4501-8c82-7ab43277a9dd&amp;pd_rd_w=dtBXm&amp;pd_rd_wg=0hhu3&amp;pf_rd_p=27ff4cf2-95cf-419a-8808-649868aae7d5&amp;pf_rd_r=XM4VE3M598Y0QFPE02WZ&amp;psc=1&amp;refRID=XM4VE3M598Y0QFPE02WZ\">Esoterische Praxis\u00a0<\/a><\/strong><\/span><\/span><span style=\"color: #000080;\">\u00a0finden Sie viele praktische \u00dcbungen f\u00fcr den Alltag und einen Einblick in das Gedankengut von Daskalos.\u00a0Diese und andere B\u00fccher sind auch bei uns im Buchhandel erh\u00e4ltlich.\u00a0<\/span><\/p>\n<p><span style=\"color: #000080;\">Empfehlenswert: <strong>Worte der Wahrheit<\/strong><\/span><\/dd>\n<\/dl>\n<ul>\n<li><span style=\"color: #000080;\"><strong>Mit Dem Wal Schwimmen:<\/strong> : Zeichen, Wunder und Heilungen: Lehren und \u00dcbungen von Dr. Stylianos Atteshlis (Daskalos) &amp; den Wahrheitsforschern von Daniel Joseph<\/span><\/li>\n<\/ul>\n<p><span style=\"color: #000080;\">Die Suche nach der Wahrheit bez\u00fcglich Gott, dem Menschen und das Wesen der Wirklichkeit ist vielleicht das gr\u00f6\u00dfte Unterfangen, dessen man sich w\u00e4hrend seines Lebens unterziehen kann. Es ist ein Aufruf f\u00fcr viele, die Verpflichtung von wenigen, aber es ist tats\u00e4chlich eine grundlegende Notwendigkeit f\u00fcr alle. Die sanfte Verlockung f\u00fcr alle ist &#8222;Suchet die Wahrheit und die Wahrheit wird euch frei machen.&#8220; Denn die Wahrheit befreit uns vom Leiden, das der Unkenntnis der Wahrheit entspringt. Mit gro\u00dfer Freude widme ich dieses Buch meiner Familie, meinen Freunden und allen Wahrheitsforschern auf der ganzen Welt. Daniel Joseph<\/span><\/p>\n<p><a href=\"https:\/\/www.anikodrozdy.ch\/wp-content\/uploads\/2016\/09\/army-1442897__340.jpg\"><img loading=\"lazy\" class=\"wp-image-6696 alignleft\" src=\"https:\/\/www.anikodrozdy.ch\/wp-content\/uploads\/2016\/09\/army-1442897__340-223x300.jpg\" alt=\"\" width=\"124\" height=\"167\" srcset=\"https:\/\/www.anikodrozdy.ch\/wp-content\/uploads\/2016\/09\/army-1442897__340-223x300.jpg 223w, https:\/\/www.anikodrozdy.ch\/wp-content\/uploads\/2016\/09\/army-1442897__340.jpg 253w\" sizes=\"(max-width: 124px) 100vw, 124px\" \/><\/a><\/p>\n<p><strong><span style=\"color: #000080;\"><span style=\"color: #ff0000;\">Daniele Ganser:<\/span>\u00a0 <\/span><\/strong><span style=\"color: #000080;\">Illegale Kriege\u00a0<\/span><strong><span style=\"color: #000080;\"><br \/>\n<\/span><\/strong><\/p>\n<p><span style=\"color: #333399;\"><a style=\"color: #333399;\" href=\"https:\/\/www.youtube.com\/watch?v=FE4Mewz2izw\">Dr. Daniele Ganser: Das Gesch\u00e4ft mit dem Krieg<\/a><\/span><\/p>\n<p><a href=\"https:\/\/www.anikodrozdy.ch\/wp-content\/uploads\/2017\/01\/9783280056318_front_mittel.jpg\"><img loading=\"lazy\" class=\"wp-image-8602 alignright\" src=\"https:\/\/www.anikodrozdy.ch\/wp-content\/uploads\/2017\/01\/9783280056318_front_mittel-208x300.jpg\" alt=\"Ganser_IllegaleKriege_rz_5.indd\" width=\"123\" height=\"177\" srcset=\"https:\/\/www.anikodrozdy.ch\/wp-content\/uploads\/2017\/01\/9783280056318_front_mittel-208x300.jpg 208w, https:\/\/www.anikodrozdy.ch\/wp-content\/uploads\/2017\/01\/9783280056318_front_mittel.jpg 450w\" sizes=\"(max-width: 123px) 100vw, 123px\" \/><\/a><span style=\"color: #000080;\">Wie die NATO-L\u00e4nder die UNO sabotieren. Eine Chronik von Kuba bis Syrien \u00bbWir, die V\u00f6lker der Vereinten Nationen \u2013 fest entschlossen, k\u00fcnftige Geschlechter vor der Gei\u00dfel des Krieges zu bewahren, die zweimal zu unseren Lebzeiten unsagbares Leid \u00fcber die Menschheit gebracht hat \u2013, haben beschlossen: Alle Mitglieder unterlassen in ihren internationalen Beziehungen jede gegen die territoriale Unversehrtheit oder die politische Unabh\u00e4ngigkeit eines Staates gerichtete oder sonst mit den Zielen der Vereinten Nationen unvereinbare Androhung oder Anwendung von Gewalt.\u00ab<\/span><br \/>\n<span style=\"color: #000080;\">Charta der Vereinten Nationen, abgeschlossen in San Francisco am 26. Juni 1945<\/span><\/p>\n<div class=\"content\">\n<p><span style=\"color: #000080;\">Mit der Gr\u00fcndung der UNO gilt ein weltweites Kriegsverbot. Nur in zwei Ausnahmen sind kriegerische Ma\u00dfnahmen zugelassen (Selbstverteidigung oder Mandat des UNO-Sicherheitsrats). Die Realit\u00e4t ist jedoch eine ganz andere. Dieses Buch beschreibt, wie in Vergangenheit und Gegenwart illegale Kriege gef\u00fchrt werden. Es zeigt, wie die Regeln der UNO und vor allem das Kriegsverbot gezielt sabotiert wurden und welch unr\u00fchmliche Rolle hierbei die L\u00e4nder der NATO spielen. Es ist ein Buch von beklemmender Aktualit\u00e4t.<\/span><\/p>\n<p class=\"ncTitle\"><strong><span style=\"color: #000080;\">Portrait:\u00a0<\/span><\/strong><span style=\"color: #000080;\">Daniele Ganser, 1972 in Lugano geboren, ist Historiker, spezialisiert auf Zeitgeschichte nach 1945 und internationale Politik. Seine Forschungsschwerpunkte sind Friedensforschung, Geostrategie, verdeckte Kriegsf\u00fchrung, Ressourcenk\u00e4mpfe und Wirtschaftspolitik. Er unterrichtet am Historischen Seminar der Universit\u00e4t Basel und forscht zum \u00abPeak Oil\u00bb, dem globalen Kampf ums Erd\u00f6l, und dem so genannten \u00abKrieg gegen den Terrorismus\u00bb.\u00a0\u00a0\u00a0<\/span><span style=\"color: #000080;\">Illegale Kriege von Iran bis Syrien <\/span><span style=\"color: #000080;\"><span style=\"color: #008000;\"><a style=\"color: #008000;\" href=\"https:\/\/www.youtube.com\/watch?v=Vcp7Q1gC-ws\">Dr. Daniele Ganser-Illegale Kriege &#8211; Syrien<\/a><\/span><\/span><\/p>\n<\/div>\n<div class=\"row storeWindow\">\n<div class=\"small-12 columns\">\n<div class=\"row\">\n<div class=\"small-12 large-9 columns\">\n<div class=\"row\">\n<div class=\"small-7 large-8 columns productDetails\">\n<table class=\"buecher\" style=\"height: 31px;\" border=\"0\" width=\"41\" cellspacing=\"0\" cellpadding=\"0\">\n<tbody>\n<tr>\n<td><\/td>\n<td><\/td>\n<\/tr>\n<\/tbody>\n<\/table>\n<p data-switch=\"author\" data-switch-size=\"small,medium\"><a href=\"https:\/\/www.youtube.com\/watch?v=nx_0MHosEDc\">Carolin Emcke: Wir m\u00fcssen uns Hass &amp; Gewalt abgew\u00f6hnen | Sternstunde Philosophie | SRF Kultur<\/a><\/p>\n<p class=\"marginTop\" data-switch=\"author\" data-switch-size=\"small,medium\"><a href=\"https:\/\/www.anikodrozdy.ch\/wp-content\/uploads\/2017\/01\/gegen_den_hass.jpg\">\u00a0\u00a0<strong>Carolin Emcke &#8211; <\/strong><span class=\"oSubTitle\" style=\"color: #000080;\">Gewinnerin des Friedenspreis des Deutschen Buchhandels 2016<\/span><\/a><\/p>\n<p class=\"marginTop\" data-switch=\"author\" data-switch-size=\"small,medium\"><a href=\"https:\/\/www.anikodrozdy.ch\/wp-content\/uploads\/2017\/01\/gegen_den_hass.jpg\"><br \/>\n<img loading=\"lazy\" class=\" wp-image-8589 alignleft\" src=\"https:\/\/www.anikodrozdy.ch\/wp-content\/uploads\/2017\/01\/gegen_den_hass-184x300.jpg\" alt=\"gegen_den_hass\" width=\"121\" height=\"197\" srcset=\"https:\/\/www.anikodrozdy.ch\/wp-content\/uploads\/2017\/01\/gegen_den_hass-184x300.jpg 184w, https:\/\/www.anikodrozdy.ch\/wp-content\/uploads\/2017\/01\/gegen_den_hass.jpg 367w\" sizes=\"(max-width: 121px) 100vw, 121px\" \/><\/a><span style=\"color: #000080;\">Carolin Emcke, eine der wichtigsten Intellektuellen der Gegenwart, \u00e4ussert sich in ihrem engagierten Essay \u203aGegen den Hass\u2039 zu den grossen Themen unserer Zeit: Rassismus, Fanatismus, Demokratiefeindlichkeit. In der zunehmend polarisierten, fragmentierten \u00d6ffentlichkeit dominiert vor allem jenes Denken, das Zweifel nur an den Positionen der anderen, aber nicht an den eigenen zul\u00e4sst. Diesem dogmatischen Denken, das keine Schattierungen ber\u00fccksichtigt, setzt Carolin Emcke ein Lob des Vielstimmigen, des \u00bbUnreinen\u00ab entgegen \u2014 weil so die Freiheit des Individuellen und auch Abweichenden zu sch\u00fctzen ist. Allein mit dem Mut, dem Hass zu widersprechen, und der Lust, die Pluralit\u00e4t auszuhalten und zu verhandeln, l\u00e4sst sich Demokratie verwirklichen. Nur so k\u00f6nnen wir den religi\u00f6sen und nationalistischen Fanatikern erfolgreich begegnen, weil Differenzierung und Genauigkeit das sind, was sie am meisten ablehnen.F\u00fcr alle, die \u00fcberzeugende Argumente und Denkanst\u00f6sse suchen, um eine humanistische Haltung und eine offene Gesellschaft zu verteidigen.<\/span><\/p>\n<div data-switch=\"description\" data-switch-size=\"large,xlarge\">\n<div class=\"rel\">\n<dl class=\"ncDescrAdditional\" data-toggler=\".heightAuto\">\n<dt class=\"marginTop\"><span style=\"color: #000080;\">Portrait<\/span><\/dt>\n<dd class=\"cTypePortrait\" data-test=\"inhaltArtikel\"><span style=\"color: #000080;\">Carolin Emcke, geboren 1967, studierte Philosophie in London, Frankfurt\/Main und Harvard. Sie promovierte \u00fcber den Begriff \u00bbkollektiver Identit\u00e4ten\u00ab.Von 1998 bis 2013 bereiste Carolin Emcke weltweit Krisenregionen und berichtete dar\u00fcber. 2003\/2004 war sie als Visiting Lecturer f\u00fcr Politische Theorie an der Yale University.Sie ist freie Publizistin und engagiert sich immer wieder mit k\u00fcnstlerischen Projekten und Interventionen, u.a. die Thementage \u00bbKrieg erz\u00e4hlen\u00ab am Haus der Kulturen der Welt. Seit \u00fcber zehn Jahren organisiert und moderiert Carolin Emcke die monatliche Diskussionsreihe \u00bbStreitraum\u00ab an der Schaub\u00fchne Berlin. F\u00fcr ihr Schaffen wurde sie mehrfach ausgezeichnet, u.a. mit dem Theodor-Wolff-Preis, dem Otto-Brenner-Preis f\u00fcr kritischen Journalismus, dem Lessing-Preis des Freistaates Sachsen und dem Merck-Preis der Deutschen Akademie f\u00fcr Sprache und Dichtung. 2016 erh\u00e4lt sie den Friedenspreis des Deutschen Buchhandels. Bei S. Fischer erschienen &gt;<strong>Von den Kriegen. Briefe an Freunde<\/strong>&lt;, &gt;<strong>Stumme Gewalt.<\/strong> <strong>Nachdenken \u00fcber die RAF<\/strong>&lt;, &gt;<strong>Wie wir begehren<\/strong>&lt; und &gt;<strong>Weil es<\/strong> <strong>sagbar ist: \u00dcber Zeugenschaft und Gerechtigkeit<\/strong>&lt;. &gt;<strong>Gegen den Hass<\/strong>&lt;.<\/span><\/p>\n<p><span style=\"color: #000080;\">\u00a0 YouTube:\u00a0<span style=\"color: #008000;\"> <a style=\"color: #008000;\" href=\"https:\/\/www.youtube.com\/watch?v=CRkf6k7CYXI\"> Dankesrede Friedenspreis 2016<\/a>\u00a0 &#8211; <\/span><\/span><span style=\"color: #000080;\">\u00a0 <\/span><span style=\"color: #008000;\"><a style=\"color: #008000;\" href=\"http:\/\/www.nzz.ch\/feuilleton\/buecher\/erzaehlen--trotz-allem-1.18241898\">NZZ: Erz\u00e4hlen \u2013 trotz allem<\/a><\/span><\/dd>\n<\/dl>\n<div class=\"a-section a-spacing-micro bylineHidden feature\">\n<div data-switch=\"description\" data-switch-size=\"large,xlarge\">\n<div class=\"rel\" style=\"text-align: left;\">\n<dl id=\"descriptionToggle\" class=\"ncDescrAdditional\" data-toggler=\".heightAuto\">\n<dd class=\"cTypeBeschreibung\" data-test=\"inhaltArtikel\">\n<div class=\"text text4\">\n<div class=\"text-box\">\n<div class=\"content\">\n<p class=\"ncTitle\"><span style=\"color: #ff0000;\"><strong>Generation ALLAH \u2013 Warum wir im Kampf gegen religi\u00f6sen Extremismus umdenken\u00a0<\/strong> <strong>m\u00fcssen<\/strong><\/span><span style=\"color: #000080;\"> \u2013 Autor: Ahmad Mansour: ISBN 978-3-10-002446-6<\/span><\/p>\n<\/div>\n<\/div>\n<\/div>\n<\/dd>\n<\/dl>\n<\/div>\n<\/div>\n<\/div>\n<\/div>\n<\/div>\n<\/div>\n<\/div>\n<\/div>\n<\/div>\n<\/div>\n<\/div>\n<div class=\"row storeWindow\">\n<div class=\"small-12 columns\">\n<div class=\"row\">\n<div class=\"small-12 large-9 columns\">\n<div class=\"row\">\n<div class=\"small-7 large-8 columns productDetails\">\n<div data-switch=\"description\" data-switch-size=\"large,xlarge\">\n<div class=\"rel\">\n<div class=\"a-section a-spacing-micro bylineHidden feature\">\n<div data-switch=\"description\" data-switch-size=\"large,xlarge\">\n<div class=\"rel\" style=\"text-align: left;\">\n<dl id=\"descriptionToggle\" class=\"ncDescrAdditional\" data-toggler=\".heightAuto\">\n<dd class=\"cTypeBeschreibung\" data-test=\"inhaltArtikel\">\n<div class=\"text text4\">\n<div class=\"text-box\">\n<div class=\"content\">\n<div data-switch=\"description\" data-switch-size=\"large,xlarge\">\n<p><a href=\"https:\/\/www.anikodrozdy.ch\/wp-content\/uploads\/2017\/02\/42419293-00-00.jpg\"><img loading=\"lazy\" class=\"wp-image-9331 alignright\" src=\"https:\/\/www.anikodrozdy.ch\/wp-content\/uploads\/2017\/02\/42419293-00-00-184x300.jpg\" alt=\"42419293-00-00\" width=\"132\" height=\"216\" srcset=\"https:\/\/www.anikodrozdy.ch\/wp-content\/uploads\/2017\/02\/42419293-00-00-184x300.jpg 184w, https:\/\/www.anikodrozdy.ch\/wp-content\/uploads\/2017\/02\/42419293-00-00.jpg 367w\" sizes=\"(max-width: 132px) 100vw, 132px\" \/><\/a><span style=\"color: #000080;\"><span style=\"color: #008000;\"><a style=\"color: #008000;\" href=\"https:\/\/www.youtube.com\/watch?v=qlzc0zu0YjE\">Ich war Islamist<\/a><\/span>\u00a0 YouTube: Ich war Islamist: Ahmad Mansour \u00fcber Bildung und Radikalisierung: Kulturplatz, 14.01.2015<\/span>\u00a0\u00a0<span style=\"color: #008000;\">\u00a0 <\/span><span style=\"color: #000080;\">\u00dcber die Ursachen des Islamismus und Wege aus der Radikalisierung \u2013 DAS Buch zur aktuellen Debatte des Islamexperten und Psychologen Ahmad Mansour <\/span><\/p>\n<\/div>\n<\/div>\n<\/div>\n<\/div>\n<\/dd>\n<dd class=\"cTypeBeschreibung\" data-test=\"inhaltArtikel\"><span style=\"color: #000080;\"><strong>Warum zieht es Jugendliche in den Dschihad<\/strong>? Ist der Islam verantwortlich f\u00fcr den Terror? Und wie k\u00f6nnen wir uns dem religi\u00f6sen Extremismus stellen? Bislang stehen Politik, Gesellschaft und besonders die Schulen diesen Fragen hilflos gegen\u00fcber. Kein Wunder, denn die Debatten werden falsch gef\u00fchrt, wie der renommierte Psychologe und Islamexperte Ahmad Mansour nachdr\u00fccklich zeigt. <\/span><br \/>\n<span style=\"color: #000080;\">Mansour beantwortet diese Fragen mit beeindruckender Klarheit und Reflexion. Denn keiner kennt wie er beide Seiten. Bevor er den m\u00fchsamen Ausstieg schaffte, war er selbst radikaler Islamist. Jetzt arbeitet Ahmad Mansour in Berlin als Psychologe und betreut Familien von radikalisierten Jugendlichen. Vor dem Hintergrund seiner eigenen Erfahrungen und seiner konkreten Pr\u00e4ventionsarbeit zeigt er beeindruckend, dass eine Deradikalisierung m\u00f6glich ist und pl\u00e4diert f\u00fcr eine Reform des praktizierten Islam.<\/span><\/dd>\n<\/dl>\n<\/div>\n<\/div>\n<\/div>\n<\/div>\n<\/div>\n<\/div>\n<\/div>\n<\/div>\n<\/div>\n<\/div>\n<\/div>\n","protected":false},"excerpt":{"rendered":"<p>Tolstois Kalender der Weisheit: Peter Sekrin (Hrsg.) ISBN 3-570-50003-9 \u00a0 Draussen vor der T\u00fcr &#8211; Wolfgang Borchert\u00a0 &#8211;\u00a0Die Sinnlosigkeit des Krieges eine Pflichtlekt\u00fcre f\u00fcr alle Schulen!\u00a0 Kurz \u00fcber Wolfang Borchert und die k\u00f6stliche Kurzgeschichte:\u00a0 Schischyphusch oder der Kellner meines Onkels &hellip; <a href=\"https:\/\/www.anikodrozdy.ch\/index.php\/literatur\/\">Weiterlesen <span class=\"meta-nav\">&rarr;<\/span><\/a><\/p>\n","protected":false},"author":1,"featured_media":0,"parent":0,"menu_order":0,"comment_status":"closed","ping_status":"closed","template":"","meta":[],"_links":{"self":[{"href":"https:\/\/www.anikodrozdy.ch\/index.php\/wp-json\/wp\/v2\/pages\/8584"}],"collection":[{"href":"https:\/\/www.anikodrozdy.ch\/index.php\/wp-json\/wp\/v2\/pages"}],"about":[{"href":"https:\/\/www.anikodrozdy.ch\/index.php\/wp-json\/wp\/v2\/types\/page"}],"author":[{"embeddable":true,"href":"https:\/\/www.anikodrozdy.ch\/index.php\/wp-json\/wp\/v2\/users\/1"}],"replies":[{"embeddable":true,"href":"https:\/\/www.anikodrozdy.ch\/index.php\/wp-json\/wp\/v2\/comments?post=8584"}],"version-history":[{"count":98,"href":"https:\/\/www.anikodrozdy.ch\/index.php\/wp-json\/wp\/v2\/pages\/8584\/revisions"}],"predecessor-version":[{"id":33685,"href":"https:\/\/www.anikodrozdy.ch\/index.php\/wp-json\/wp\/v2\/pages\/8584\/revisions\/33685"}],"wp:attachment":[{"href":"https:\/\/www.anikodrozdy.ch\/index.php\/wp-json\/wp\/v2\/media?parent=8584"}],"curies":[{"name":"wp","href":"https:\/\/api.w.org\/{rel}","templated":true}]}}