{"id":8665,"date":"2017-01-05T07:45:46","date_gmt":"2017-01-05T06:45:46","guid":{"rendered":"https:\/\/tyvijiqi.cyon.site\/?page_id=8665"},"modified":"2026-01-13T22:36:36","modified_gmt":"2026-01-13T21:36:36","slug":"joshua","status":"publish","type":"page","link":"https:\/\/www.anikodrozdy.ch\/index.php\/joshua\/","title":{"rendered":"Joshua"},"content":{"rendered":"<p><span style=\"color: #008000;\">\u00a0<a style=\"color: #008000;\" href=\"https:\/\/www.anikodrozdy.ch\/\">Startseite: Weisheiten f\u00fcr jeden Tag<\/a><\/span><\/p>\n<p><span style=\"color: #000080;\">Aus dem Buch: Joshua Immanuel der Christus: Sein Leben auf Erden und seine Lehre<\/span><br \/>\n<span style=\"color: #000080;\"> Dr. Stylianos Atteshlis \u2013 bekannt als Daskalos<\/span><br \/>\n<span style=\"color: #000080;\"> Herausgeber: The Stoa Series P.O.Box 8347, 2020 Nicosia \u2013 ISBN 9963-8162-3-1<\/span><\/p>\n<p><span style=\"color: #008000;\">Durch die verschiedenen Sprachen erhielt Jesus Christus mehrere Namen, deshalb war er auch als Emanuel der Christus und auch als <span style=\"color: #000080;\"><span style=\"color: #008000;\">Joshua Immanuel bekannt. In den Texten begegnen Sie oft dem aram\u00e4ischen Namen Joshua.<\/span><br \/>\n<\/span><\/span><\/p>\n<h3><strong>Originaltexte<\/strong><\/h3>\n<p><span style=\"color: #000080;\">1.Februar:\u00a0 <\/span><span style=\"color: #008000;\">Joshua: <\/span><span style=\"color: #008000;\">\u201eYiossaphat, keines Menschen Geist-Seele stirbt. Die Ego-Geist-Seele ist das Leben. Nur der materielle K\u00f6rper stirbt. Dein Vater Yioussouf ist nicht jener tote K\u00f6rper im Sarg. Du musst ihn in deinem Geist und Herzen bewahren, damit du mit ihm in Verbindung kommen kannst. <em>Joshua Kapitel 16. 65\u00a0 <\/em><\/span><\/p>\n<p><span style=\"color: #000080;\">14. Januar:<\/span> <span style=\"color: #008000;\">Joshua: \u201eAlaha h\u00f6rt unsere Gebete. Alaha ist allgegenw\u00e4rtig. Er ist \u00fcberall. Er ist in deinem <strong>Geist-Seelen-Ego-Wesen<\/strong>. Alaha ist der Puls des Lebens in deinem Herzen. Er ist in deinem Denken. Alaha h\u00f6rt deine Gebete, deine Worte. Er kennt und er h\u00f6rt deine Gedanken. Er kennt deine Gef\u00fchle, deine Begierden, deine Absichten.\u201c\u00a0J<em>oshua Kapitel 23. 36<\/em><\/span><\/p>\n","protected":false},"excerpt":{"rendered":"<p>\u00a0Startseite: Weisheiten f\u00fcr jeden Tag Aus dem Buch: Joshua Immanuel der Christus: Sein Leben auf Erden und seine Lehre Dr. Stylianos Atteshlis \u2013 bekannt als Daskalos Herausgeber: The Stoa Series P.O.Box 8347, 2020 Nicosia \u2013 ISBN 9963-8162-3-1 Durch die verschiedenen &hellip; <a href=\"https:\/\/www.anikodrozdy.ch\/index.php\/joshua\/\">Weiterlesen <span class=\"meta-nav\">&rarr;<\/span><\/a><\/p>\n","protected":false},"author":1,"featured_media":0,"parent":0,"menu_order":0,"comment_status":"closed","ping_status":"closed","template":"","meta":[],"_links":{"self":[{"href":"https:\/\/www.anikodrozdy.ch\/index.php\/wp-json\/wp\/v2\/pages\/8665"}],"collection":[{"href":"https:\/\/www.anikodrozdy.ch\/index.php\/wp-json\/wp\/v2\/pages"}],"about":[{"href":"https:\/\/www.anikodrozdy.ch\/index.php\/wp-json\/wp\/v2\/types\/page"}],"author":[{"embeddable":true,"href":"https:\/\/www.anikodrozdy.ch\/index.php\/wp-json\/wp\/v2\/users\/1"}],"replies":[{"embeddable":true,"href":"https:\/\/www.anikodrozdy.ch\/index.php\/wp-json\/wp\/v2\/comments?post=8665"}],"version-history":[{"count":21,"href":"https:\/\/www.anikodrozdy.ch\/index.php\/wp-json\/wp\/v2\/pages\/8665\/revisions"}],"predecessor-version":[{"id":34553,"href":"https:\/\/www.anikodrozdy.ch\/index.php\/wp-json\/wp\/v2\/pages\/8665\/revisions\/34553"}],"wp:attachment":[{"href":"https:\/\/www.anikodrozdy.ch\/index.php\/wp-json\/wp\/v2\/media?parent=8665"}],"curies":[{"name":"wp","href":"https:\/\/api.w.org\/{rel}","templated":true}]}}