{"id":8695,"date":"2017-01-05T12:12:11","date_gmt":"2017-01-05T11:12:11","guid":{"rendered":"https:\/\/tyvijiqi.cyon.site\/?page_id=8695"},"modified":"2025-11-26T09:22:50","modified_gmt":"2025-11-26T08:22:50","slug":"autonome-schule","status":"publish","type":"page","link":"https:\/\/www.anikodrozdy.ch\/index.php\/autonome-schule\/","title":{"rendered":"Autonome Schule"},"content":{"rendered":"<h3><span style=\"color: #008000;\"><strong>Jeder Mensch hat ein Recht auf Bildung, unabh\u00e4ngig von Herkunft, Geschlecht und finanziellen M\u00f6glichkeiten.<\/strong><\/span><\/h3>\n<h3><span style=\"color: #008000;\"><a style=\"color: #008000;\" href=\"https:\/\/www.bildung-fuer-alle.ch\/seite\/was-ist-die-asz\">Bildung f\u00fcr alle &#8211; Autonome Schule\u00a0<\/a><\/span><\/h3>\n<h3><span style=\"color: #ff0000;\"><a style=\"color: #ff0000;\" href=\"https:\/\/bildung-fuer-alle.ch\/stundenplan\/\">Stundenplan \u2013 Autonome Schule Z\u00fcrich<\/a><\/span><\/h3>\n<p><span style=\"color: #008000;\">Diese Schule ist ein Projekt gegen Rassismus.<\/span><\/p>\n<p><span style=\"color: #008000;\"><a style=\"color: #008000;\" href=\"http:\/\/www.papierlosezeitung.ch\/\" target=\"_blank\" rel=\"noopener\">Papierlose Zeitung &#8211; Bildung f\u00fcr alle<\/a><\/span><\/p>\n<h3><span style=\"color: #000080;\"><strong>Autonome Schule Z\u00fcrich &#8211; Bildung f\u00fcr alle<\/strong><br \/>\n<\/span><\/h3>\n<p><span style=\"color: #000080;\">Die ASZ ist ein zentraler Begegnungsort von Sans Papiers, Fl\u00fcchtlingen sowie anderen MigrantInnen und Einheimischen. Kostenlose Deutschkurse machen einen Gro\u00dfteil der Schulaktivit\u00e4ten aus, daneben gibt es verschiedene Fremdsprachenkurse und zus\u00e4tzliche Projekte wie die Papierlose Zeitung, Kino, Ausstellungen, Lesungen, Konzerte und vieles mehr. <\/span><\/p>\n<p><span style=\"color: #000080;\">Die ASZ handelt nach dem Prinzip \u00abBildung f\u00fcr Alle&#8220;: <strong>Jeder Mensch hat ein Recht auf Bildung, unabh\u00e4ngig von Herkunft, Geschlecht und finanziellen M\u00f6glichkeiten.<\/strong> Die Schule ist somit auch ein Ort des Austauschs und zeichnet sich durch eine konsequent antirassistische Haltung aus. <\/span><\/p>\n<p><span style=\"color: #000080;\">Sie steht f\u00fcr eine emanzipative Lern- und Diskussionskultur, an der jeder und jede das Recht hat teilzunehmen: <span style=\"color: #ff0000;\"><strong>\u00abAlle die hier sind, sind von hier!\u00bb<\/strong><\/span>\u00a0\u2013 Im Herbst 2015 wurde die ASZ mit dem F\u00f6rderpreis der Paul Gr\u00fcninger-Stiftung ausgezeichnet.<\/span><\/p>\n<h3>\u00a0<span style=\"color: #008000;\"><a style=\"color: #008000;\" href=\"https:\/\/www.anikodrozdy.ch\/\" target=\"_blank\" rel=\"noopener\">Startseite: Weisheiten f\u00fcr jeden Tag<\/a><\/span><\/h3>\n","protected":false},"excerpt":{"rendered":"<p>Jeder Mensch hat ein Recht auf Bildung, unabh\u00e4ngig von Herkunft, Geschlecht und finanziellen M\u00f6glichkeiten. Bildung f\u00fcr alle &#8211; Autonome Schule\u00a0 Stundenplan \u2013 Autonome Schule Z\u00fcrich Diese Schule ist ein Projekt gegen Rassismus. Papierlose Zeitung &#8211; Bildung f\u00fcr alle Autonome Schule &hellip; <a href=\"https:\/\/www.anikodrozdy.ch\/index.php\/autonome-schule\/\">Weiterlesen <span class=\"meta-nav\">&rarr;<\/span><\/a><\/p>\n","protected":false},"author":1,"featured_media":0,"parent":0,"menu_order":0,"comment_status":"closed","ping_status":"closed","template":"onecolumn-page.php","meta":[],"_links":{"self":[{"href":"https:\/\/www.anikodrozdy.ch\/index.php\/wp-json\/wp\/v2\/pages\/8695"}],"collection":[{"href":"https:\/\/www.anikodrozdy.ch\/index.php\/wp-json\/wp\/v2\/pages"}],"about":[{"href":"https:\/\/www.anikodrozdy.ch\/index.php\/wp-json\/wp\/v2\/types\/page"}],"author":[{"embeddable":true,"href":"https:\/\/www.anikodrozdy.ch\/index.php\/wp-json\/wp\/v2\/users\/1"}],"replies":[{"embeddable":true,"href":"https:\/\/www.anikodrozdy.ch\/index.php\/wp-json\/wp\/v2\/comments?post=8695"}],"version-history":[{"count":16,"href":"https:\/\/www.anikodrozdy.ch\/index.php\/wp-json\/wp\/v2\/pages\/8695\/revisions"}],"predecessor-version":[{"id":34313,"href":"https:\/\/www.anikodrozdy.ch\/index.php\/wp-json\/wp\/v2\/pages\/8695\/revisions\/34313"}],"wp:attachment":[{"href":"https:\/\/www.anikodrozdy.ch\/index.php\/wp-json\/wp\/v2\/media?parent=8695"}],"curies":[{"name":"wp","href":"https:\/\/api.w.org\/{rel}","templated":true}]}}