{"id":9112,"date":"2017-01-28T08:40:18","date_gmt":"2017-01-28T07:40:18","guid":{"rendered":"https:\/\/tyvijiqi.cyon.site\/?page_id=9112"},"modified":"2025-03-10T17:31:44","modified_gmt":"2025-03-10T16:31:44","slug":"glossar","status":"publish","type":"page","link":"https:\/\/www.anikodrozdy.ch\/index.php\/joshua\/glossar\/","title":{"rendered":"Glossar"},"content":{"rendered":"<p>&nbsp;<\/p>\n<p><span style=\"color: #000080;\">ABSOLUTE SEINSHEIT, UNENDLICHE SEINSHEIT, GOTT, DER VATER, DER HERR, DAS H\u00d6CHSTE<\/span><\/p>\n<p style=\"padding-left: 30px;\"><span style=\"color: #000080;\">Diese Begriffe werden abwechselnd verwendet. Obwohl maskuline und feminine Pronomen zu den oben genannten begriffen verwendet werden, sind Absolute Seinsheit und alle anderen oben angef\u00fchrten Begriffe, die f\u00fcr Gott stehen, ohne Geschlecht. Gott ist alles.<\/span><\/p>\n<p><span style=\"color: #000080;\">\u00c4THER, \u00c4THERISCHE VITALIT\u00c4T<\/span><\/p>\n<p style=\"padding-left: 30px;\"><span style=\"color: #000080;\">\u201eUnser t\u00e4gliches Brot\u201c, \u00e4therische Vitalit\u00e4t (Geist (mind)), bekommen wir durch Atmung, Meditation, Nahrung und Ruhe. Wir schwimmen in einem Meer \u00e4therischer Vitalit\u00e4t, die den Globus umgibt und durchdringt. Die meisten von uns verbrauchen ihren Anteil an \u00e4therischer Vitalit\u00e4t jedoch durch einen unharmonischen Lebensstil und sind nicht in der Lage, sie zu erneuern, was zu physischer und psychischer Not f\u00fchrt. Alles, was existiert, einschliesslich unsere K\u00f6rper, ist in einer \u00e4therischen Gussform erschaffen worden (dem \u00e4therischen Doppel). Wir sprechen von vier Beschaffenheiten des \u00c4thers: sch\u00f6pferisch, sinnlich (gef\u00fchlsgebend), pr\u00e4gend und kinetisch.<\/span><\/p>\n<p><span style=\"color: #000080;\">\u00c4THERISCHE DOPPEL<\/span><\/p>\n<p style=\"padding-left: 30px;\"><span style=\"color: #000080;\">Jeder K\u00f6rper jeglicher Existenzform, von der einfachsten zu jener mit der komplexesten Struktur, besitzt ein \u00e4therisches Doppel im Zentrum des K\u00f6rpers, das sich etwas dar\u00fcber hinausdehnt. Das \u00e4therische Doppel existiert so lange, wie der K\u00f6rper projiziert ist (unabh\u00e4ngig, ob es sich um den materiellen, den psychischen oder den noetischen K\u00f6rper handelt). Wenn ein K\u00f6rper sich aufl\u00f6st, l\u00f6st sich auch sein \u00e4therisches Doppel auf. Das \u00e4therische Doppel dient sowohl als Gussform f\u00fcr den Bau des K\u00f6rpers als auch zur Erhaltung seiner Gesundheit.<\/span><\/p>\n<p><span style=\"color: #000080;\">\u00c4THERISCHE ZENTREN, HEILIGE SCHEIBEN<\/span><\/p>\n<p style=\"padding-left: 30px;\"><span style=\"color: #000080;\">Energie- und Aktivit\u00e4tszentren (Sanskrit: \u201eChakren\u201c), die sich an verschiedenen Punkten auf den \u00e4therischen Doppeln unserer K\u00f6rper befinden. Jeder dieser drei K\u00f6rper, vom grobstofflich materiellen bis zu den feinstofflicheren, weist \u00a0diese Zentren auf, die den Organen des materiellen K\u00f6rpers entsprechen. Wenn wir mit diesen Zentren arbeiten, m\u00fcssen wir grosse Sorgfalt walten lassen, denn obwohl es f\u00fcr uns notwendig ist, bestimmte dieser Zentren\u00a0 zu entwickeln und zu erwecken, sind andere Zentren der Herrschaftsbereich des Heiligen Geistes, der Erzengel und des Logos (z.B. das \u201eWurzelchakra\u201c und das \u201eHerzzentrum\u201c), und wir sollten von jeglicher Manipulation oder direktem Eingreifen Anstand halten. Siehe auch nachstehend unter \u00ad: HERZZENTRUM<\/span><\/p>\n<p><span style=\"color: #000080;\">ALL-LIEBE, ALL-WEISHEIT und ALLMACHT<\/span><\/p>\n<p style=\"padding-left: 30px;\"><span style=\"color: #000080;\">Grundlegende Wesensmerkmale der Absoluten Seinsheit und der Wesenheiten. Da diese drei Wesensmerkmale ein heiliges Dreieck bilden kann sich jede nur in Abh\u00e4ngigkeit von der anderen richtig Ausdruck geben.<\/span><\/p>\n<p><span style=\"color: #000080;\">CHRISTUS, CHRISTUS-LOGOS, LOGOS, LOGOI, LOGISCH<\/span><\/p>\n<p style=\"padding-left: 30px;\"><span style=\"color: #000080;\">Das griechische Wort Logos kann mit dem \u201eWort\u201c \u00fcbersetzt werden (wie in den meisten Bibel\u00fcbersetzungen des ersten Kapitels des Johannesevangeliums). Der Name Christus, wie er hier gebraucht wird, alleine oder in Verbindung mit Logos, bezieht sich auf den \u201eEingeborenen Sohn\u201c. Wenn wir ausdr\u00fccklich von Jesus als der Inkarnation des Christus-Logos sprechen, nennen wir ihn manchmal auch \u201eden \u00fcber alles geliebten Logos\u201c. In unserer Lehre sprechen wir oft vom Heiligen Logos und gleichbedeutend vom Gott-Menschen Jesus Christus, einer vollkommenen, direkten und reinen Inkarnation des logoischen Ausdrucks der Absoluten Seinsheit. Logoi ist der Plural von Logos, logoisch das Adjektiv.<\/span><\/p>\n<p><span style=\"color: #000080;\">DERZEITIGE, GEGENW\u00c4RTIGE, TEMPOR\u00c4RE PERS\u00d6NLICHKEIT<\/span><\/p>\n<p style=\"padding-left: 30px;\"><span style=\"color: #000080;\">Eine Pers\u00f6nlichkeit, die sich in jeder Inkarnation bildet, die wir Georg, Maria oder wie auch immer nennen. Die derzeitige Pers\u00f6nlichkeit ist eine Projektion der permanenten Pers\u00f6nlichkeit in den Welten der Getrenntheit.<\/span><\/p>\n<p><span style=\"color: #000080;\">EGO und EGOISMUS<\/span><\/p>\n<p style=\"padding-left: 30px;\"><span style=\"color: #000080;\">Unser Gebrauch dieser Begriffe darf nicht mit der zeitgen\u00f6ssischen psychologischen Terminologie verwechselt werden. Der Egoismus befleckt den Geist (mind) durch das hervorbringen von selbsts\u00fcchtigen W\u00fcnschen, und durch die Grundemotionen der Gier, Bosheit und Neid. Das Ego (mit einem grossen E) ist das Selbst als Wesenheit, unsere Seelennatur, und wird durch eine vern\u00fcnftige und liebende Pers\u00f6nlichkeit widergespiegelt. W\u00e4hrend Egoismus (eine Schw\u00e4che unserer derzeitigen Pers\u00f6nlichkeit) die Ursache von Unwohlsein ist, das die ganze Pers\u00f6nlichkeit, die Nation und die Welt durchdringt, entsteht aus unserer Ego-Natur Liebe, Mitgef\u00fchl, vern\u00fcnftiges Denken und Handeln.<\/span><\/p>\n<p><span style=\"color: #000080;\">EINSSEIN<\/span><\/p>\n<p style=\"padding-left: 30px;\"><span style=\"color: #000080;\">Der \u00fcberbewusste Zustand, in dem ein Wesen in vollkommener Einheit mit einem anderen Wesen oder einer anderen Existenzform verschmelzen kann, und mit der Absoluten Seinsheit in der Theose, ohne sein Ich aufzugeben.<\/span><\/p>\n<p><span style=\"color: #000080;\">EINSTIMMUNG<\/span><\/p>\n<p style=\"padding-left: 30px;\"><span style=\"color: #000080;\">Das Angleichen unserer Schwingungen auf die Frequenz einer anderen Existenz oder eines anderen Wesens, um deren Natur beobachten und studieren zu k\u00f6nnen. Einstimmung wird vor dem Einssein erlangt.<\/span><\/p>\n<p><span style=\"color: #000080;\">EKSTASE<\/span><\/p>\n<p style=\"padding-left: 30px;\"><span style=\"color: #000080;\">Ein Aus-sich-Herausgehen in das K\u00f6nigreich der Himmel durch Ausdehnung, Einssein und\/oder Einstimmung. Ekstase impliziert eine \u00dcberschreitung jeglichen Begriffsdenkens des diskursiven Verstands.<\/span><\/p>\n<p><span style=\"color: #000080;\">ELEMENTALE<\/span><\/p>\n<p style=\"padding-left: 30px;\"><span style=\"color: #000080;\">Jeder Gedanke, jede Emotion und jeder Wunsch erschafft und \u00fcbertr\u00e4gt ein Elemental, auch Gedankenform genannt, welches dann sein Eigenleben lebt. Zwei Arten von Elementalen werden von uns erschaffen und wieder zum Leben erweckt. Wird ein Gedanke von Emotionen beherrscht, haben wir emotionale Gedankenformen erschaffen, oder Wunsch-Gedanken. Sind unsere Ideen, W\u00fcnsche und Emotionen von Vernunft und Liebe durchdrungen, erschaffen wir durchgedachte Gedankenformen, oder Gedanken-W\u00fcnsche. Ein Elemental kann nie zerst\u00f6rt werden, es kann ihm nur die Energie entzogen werden (indem das Elemental nicht l\u00e4nger mit \u00e4therischer Vitalit\u00e4t gespeist wird). Elementale einer Gattung gruppieren sich, um m\u00e4chtige Gruppenelementale zu bilden. Schwingt ein Individuum oder mehrere Individuen\u00a0 auf der gleichen Frequenz, bilden sich solche Gruppenelementale, die sich gegenseitig anziehen. Erzengel erschaffen ebenfalls Elementale, und zwar g\u00fctige und engelhafte Elementale im Dienste der Menschheit.<\/span><\/p>\n<p><span style=\"color: #000080;\">ERZENGEL, ENGEL<\/span><\/p>\n<p style=\"padding-left: 30px;\"><span style=\"color: #000080;\">Heilig-geistige Wesen, die bei der Erbauung und Erhaltung der Welten mitwirken. Sie besitzen Allweisheit und absolutes Selbstgewahrsein (obwohl sie den Menschen zugeh\u00f6rige selbstbewusste Individualit\u00e4t nicht besitzen). Wir preisen die Erzengel der Elemente, die R\u00e4nge der M\u00e4chte, der Cherubim, der Herrschaften, der Gewalten, der F\u00fcrsten, der Seraphim und der Throne. Wir sprechen von sieben Erzengelr\u00e4ngen, von denen jeder aus Milliarden und Aber Milliarden heilig-monadischer Wesen besteht, die der Sch\u00f6pfung dienen. Engel sind Elementale der Erzengel.<\/span><\/p>\n<p><span style=\"color: #000080;\">ERZENGEL-MENSCH<\/span><\/p>\n<p style=\"padding-left: 30px;\"><span style=\"color: #000080;\">Der Erzengel-Mensch ist eine der Ideen (siehe nachstehend &#8212;HIMMLISCHER MENSCH und &#8212;URSACHEN, IDEEN UND PRINZIPIEN). Die Emanation der heiligen Monade geht auf ihrem Weg zur Idee des Himmlischen Menschen durch die Idee des Erzengel-Menschen hindurch, demzufolge sind die Erzengel die Geschwister der Menschen.<\/span><\/p>\n<p><span style=\"color: #000080;\">EWIGES JETZT, EWIGE GEGENWART<\/span><\/p>\n<p style=\"padding-left: 30px;\"><span style=\"color: #000080;\">Jenseits der Welten der Existenz ist das ewige Jetzt, der Zustand des ewig w\u00e4hrenden Lebens. Dort verschmelzen Vergangenheit, Gegenwart und Zukunft zu einer einzigen Gegenwart, ohne Zeit oder Raum.<\/span><\/p>\n<p><span style=\"color: #000080;\">EXOSOMATOSE<\/span><\/p>\n<p style=\"padding-left: 30px;\"><span style=\"color: #000080;\">Das w\u00f6rtliche griechische \u00c4quivalent des deutschen Begriffs \u201eausserk\u00f6rperliche Erfahrung\u201c. Jede Nacht verlassen wir alle im Schlaf unsere K\u00f6rper und begeben uns unterbewusst auf andere Ebenen. Ziel ist jedoch, bewusst ausserhalb unserer K\u00f6rper zu leben. Wir kennen eine erste, zweite und dritte Exosomatose.<\/span><\/p>\n<p><span style=\"color: #000080;\">GEIST (MIND)<\/span><\/p>\n<p style=\"text-align: left; padding-left: 30px;\"><span style=\"color: #000080;\">Die g\u00f6ttliche Emanation der Absoluten Seinsheit, der alle Existenzformen ihre Erschaffung verdanken. Geist (mind) ist keine unsterbliche Wesenheit, sondern ist erf\u00fcllt von g\u00f6ttlicher Weisheit, Liebe, Kraft und Reinheit des Sch\u00f6pfers und wird seit jeher und f\u00fcr alle Zeiten als Substanz aller Sch\u00f6pfung benutzt. Geist (mind) ist g\u00f6ttlich im Ursprung und heilig in seinem Ausdruck.<\/span><\/p>\n<p><span style=\"color: #000080;\"><strong>GEIST-EGO-SEIN<\/strong><\/span><\/p>\n<p><span style=\"color: #000080;\">Unser Selbst in seiner vollkommenen G\u00f6ttlichkeit, ewigw\u00e4hrend, unverg\u00e4nglich. Unser Geist-Ego-Sein ist das Selbst als heilige Monade; im vollkommenen Einssein mit der Selbstgen\u00fcgsamkeit und Vielfalt der Gottheit. Die Schaffensfreude der Absoluten Seinsheit, sich selbst in sich selbst auszudr\u00fccken, ist identisch mit dem Willen unseres Geist-Ego-Seins, sich selbst in seiner eigenen Selbstheit auszudr\u00fccken.<\/span><\/p>\n<p><span style=\"color: #000080;\"><strong>GESETZ VON URSACHE UND WIRKUNG<\/strong><\/span><\/p>\n<p><span style=\"color: #000080;\">Sowohl Wissenschaftler als auch Mystiker erkennen das Gesetz von Ursache und Wirkung an. Nach diesem g\u00f6ttlichen Gesetz folgt auf jede Aktion eine Reaktion. W\u00e4hrend \u00f6stliche Religionen oft eine deterministische Ansicht dieses Gesetzes lehren (Begriff des Karma), glauben wir, dass Schuld von anderen getragen werden oder durch Reue (siehe unten) und Wiedergutmachung transzendiert werden kann. Das Gesetz von Ursache und Wirkung kann sich \u00fcber mehrere Lebzeiten erstrecken oder in viel k\u00fcrzeren Zeitr\u00e4umen wirken.<\/span><\/p>\n<p><span style=\"color: #000080;\"><strong>GETRENNTHEIT, WELTEN DER GETRENNTHEIT<\/strong><\/span><\/p>\n<p><span style=\"color: #000080;\">Dieser Begriff bezieht sich auf die drei Welten der Existenz (die materielle, die psychische und die noetische), in denen unsere Pers\u00f6nlichkeit jene Zeitabschnitte verbringt, die von scheinbarer Getrenntheit von den Geisteswelten des Eins Seins und der Seinsheit gekennzeichnet sind.<\/span><\/p>\n<p><span style=\"color: #000080;\"><strong>GLAUBE<\/strong><\/span><\/p>\n<p><span style=\"color: #000080;\">Nicht nur individueller oder theoretischer Glaube an die dogmatischen Wahrheiten einer Religion, sondern allumfassende Verbindung, Erkennen der Absoluten Seinsheit und Liebe zu ihr. Dieser Glaube erfordert eine vollst\u00e4ndige Transformation der Pers\u00f6nlichkeit, wobei wir in die gesamte \u201e<em>theanthropische\u201c <\/em>(sowohl die g\u00f6ttliche als auch die menschlich-weltliche) Aktivit\u00e4t Gottes in Christus und des Menschen in Christus erhoben werden und dadurch die Theose erlangen k\u00f6nnen. Glaube ist vor allem eine aktive Tugend:\u201c&#8230; <em>so ist auch der Glaube ohne Werke tot&#8230;\u201c<\/em> (Jak 2, 26) Siehe nachstehend unter REUE.<\/span><\/p>\n<p><span style=\"color: #000080;\">bald, bald&#8230;.geht es weiter<br \/>\n<\/span><\/p>\n<p>&nbsp;<\/p>\n","protected":false},"excerpt":{"rendered":"<p>&nbsp; ABSOLUTE SEINSHEIT, UNENDLICHE SEINSHEIT, GOTT, DER VATER, DER HERR, DAS H\u00d6CHSTE Diese Begriffe werden abwechselnd verwendet. Obwohl maskuline und feminine Pronomen zu den oben genannten begriffen verwendet werden, sind Absolute Seinsheit und alle anderen oben angef\u00fchrten Begriffe, die f\u00fcr &hellip; <a href=\"https:\/\/www.anikodrozdy.ch\/index.php\/joshua\/glossar\/\">Weiterlesen <span class=\"meta-nav\">&rarr;<\/span><\/a><\/p>\n","protected":false},"author":1,"featured_media":0,"parent":8665,"menu_order":42,"comment_status":"closed","ping_status":"closed","template":"","meta":[],"_links":{"self":[{"href":"https:\/\/www.anikodrozdy.ch\/index.php\/wp-json\/wp\/v2\/pages\/9112"}],"collection":[{"href":"https:\/\/www.anikodrozdy.ch\/index.php\/wp-json\/wp\/v2\/pages"}],"about":[{"href":"https:\/\/www.anikodrozdy.ch\/index.php\/wp-json\/wp\/v2\/types\/page"}],"author":[{"embeddable":true,"href":"https:\/\/www.anikodrozdy.ch\/index.php\/wp-json\/wp\/v2\/users\/1"}],"replies":[{"embeddable":true,"href":"https:\/\/www.anikodrozdy.ch\/index.php\/wp-json\/wp\/v2\/comments?post=9112"}],"version-history":[{"count":8,"href":"https:\/\/www.anikodrozdy.ch\/index.php\/wp-json\/wp\/v2\/pages\/9112\/revisions"}],"predecessor-version":[{"id":9785,"href":"https:\/\/www.anikodrozdy.ch\/index.php\/wp-json\/wp\/v2\/pages\/9112\/revisions\/9785"}],"up":[{"embeddable":true,"href":"https:\/\/www.anikodrozdy.ch\/index.php\/wp-json\/wp\/v2\/pages\/8665"}],"wp:attachment":[{"href":"https:\/\/www.anikodrozdy.ch\/index.php\/wp-json\/wp\/v2\/media?parent=9112"}],"curies":[{"name":"wp","href":"https:\/\/api.w.org\/{rel}","templated":true}]}}