{"id":932,"date":"2015-12-12T20:08:25","date_gmt":"2015-12-12T19:08:25","guid":{"rendered":"https:\/\/tyvijiqi.cyon.site\/?page_id=932"},"modified":"2022-04-25T04:18:20","modified_gmt":"2022-04-25T02:18:20","slug":"daskalos","status":"publish","type":"page","link":"https:\/\/www.anikodrozdy.ch\/index.php\/joshua-kapitel\/daskalos\/","title":{"rendered":"Daskalos der Mystiker"},"content":{"rendered":"<p>&nbsp;<\/p>\n<p><a href=\"https:\/\/www.anikodrozdy.ch\/wp-content\/uploads\/2015\/11\/Daskalos-foto-002.jpg\"><img loading=\"lazy\" class=\" wp-image-119 alignleft\" src=\"https:\/\/www.anikodrozdy.ch\/wp-content\/uploads\/2015\/11\/Daskalos-foto-002-204x300.jpg\" alt=\"\" width=\"173\" height=\"255\" srcset=\"https:\/\/www.anikodrozdy.ch\/wp-content\/uploads\/2015\/11\/Daskalos-foto-002-204x300.jpg 204w, https:\/\/www.anikodrozdy.ch\/wp-content\/uploads\/2015\/11\/Daskalos-foto-002-696x1024.jpg 696w, https:\/\/www.anikodrozdy.ch\/wp-content\/uploads\/2015\/11\/Daskalos-foto-002.jpg 1043w\" sizes=\"(max-width: 173px) 100vw, 173px\" \/><\/a><\/p>\n<p><span style=\"color: #008000;\"><a style=\"color: #008000;\" href=\"https:\/\/www.anikodrozdy.ch\/\" target=\"_blank\" rel=\"noopener\">Weisheiten f\u00fcr jeden Tag<\/a><\/span><\/p>\n<p><span style=\"color: #000080;\"><strong><span style=\"color: #000080;\">Dr. Stylianos Atteshlis<\/span><\/strong> &#8211; 12.12.1912 &#8211; 26.8.1995\u00a0 \u00a0<\/span><\/p>\n<p><span style=\"color: #000080;\">&#8222;Daskalos war ein christlicher Mystiker und Heiler. Mehr als siebzig Jahre lang hat er gelehrt und versucht, die Menschen aus ihrem spirituellen D\u00e4mmerzustand aufzuwecken. Obwohl er stets bereit war, zu helfen und zu heilen, wo immer und wann immer Hilfe n\u00f6tig war, wollte er nie als Meister oder Guru betrachtet werden, sondern vielmehr als ein br\u00fcderlicher Lehrer und Freund. In den letzten Jahren seines Lebens kamen Wahrheitssucher aus allen Teilen der Welt in die Stoa nach Strovolos, um seine Vortr\u00e4ge zu h\u00f6ren und Heilung zu finden.&#8220; Aus: Worte der Wahrheit <span style=\"color: #008000;\"><strong>\u00a0<span style=\"color: #000080;\"><em><a style=\"color: #000080;\" href=\"https:\/\/edelverlag.de\/buecherbeschreibung.html\">Daskalos \u2013 B\u00fccher\u00a0<\/a><\/em><\/span><\/strong><\/span>\u00a0 &#8211;\u00a0 <\/span><span style=\"color: #000080;\">Bekannt wurde er 1988 durch das Buch von Kyriacos Markides: <a style=\"color: #000080;\" href=\"https:\/\/www.amazon.de\/Magus-von-Strovolos-faszinierende-spirituellen\/dp\/384344417X\/ref=sr_1_1?adgrpid=67347244795&amp;gclid=Cj0KCQiAoIPvBRDgARIsAHsCw09KIoyAdC5G4PmKlm78FGZaqCTCujYZvJmtmzl1EZ9X9yV89WgKXKsaArQ8EALw_wcB&amp;hvadid=332620856532&amp;hvdev=c&amp;hvlocphy=1003297&amp;hvnetw=g&amp;hvpos=1t1&amp;hvqmt=b&amp;hvrand=17800330024803723724&amp;hvtargid=kwd-299825633654&amp;hydadcr=19000_1786130&amp;keywords=magus+von+strovolos&amp;qid=1575055990&amp;sr=8-1\"><span style=\"color: #000080;\">Der Magus von S<\/span>trovolos<\/a><\/span><\/p>\n<p><span style=\"color: #000080;\">&#8222;Joshua Immanuel der Christus &#8211; Sein Leben auf Erden und seine Lehre.\u201c Dr. Stylianos Atteshlis hat das Manuskript zu diesem Buch in den letzten Jahren seines Lebens geschrieben. Er beschreibt, was sich vor zweitausend Jahren in Pal\u00e4stina zugetragen hat, aus seiner Sicht als christlicher Mystiker.<\/span><\/p>\n<p><span style=\"color: #000080;\"><a href=\"https:\/\/www.anikodrozdy.ch\/wp-content\/uploads\/2018\/09\/20150320_104439-576x10241-e1498544124245.jpg\"><img loading=\"lazy\" class=\"wp-image-19325 alignright\" src=\"https:\/\/www.anikodrozdy.ch\/wp-content\/uploads\/2018\/09\/20150320_104439-576x10241-e1498544124245-186x300.jpg\" alt=\"\" width=\"138\" height=\"223\" srcset=\"https:\/\/www.anikodrozdy.ch\/wp-content\/uploads\/2018\/09\/20150320_104439-576x10241-e1498544124245-186x300.jpg 186w, https:\/\/www.anikodrozdy.ch\/wp-content\/uploads\/2018\/09\/20150320_104439-576x10241-e1498544124245.jpg 575w\" sizes=\"(max-width: 138px) 100vw, 138px\" \/><\/a>Er sagte, dass es an der Zeit sei, den Menschen die Lehre Joshuas zug\u00e4nglich zu machen. &#8222;Christus ist nicht nur eine Person, Jesus oder Joshua, sondern ein Prinzip, das Prinzip des Lebens und des Selbstgewahrseins.&#8220; Vieles, das heute missverstanden wird, werde dann verst\u00e4ndlich.<br \/>\n<\/span><\/p>\n<p><span style=\"color: #000080;\">Meistens begann Daskalos seine Vortr\u00e4ge mit den Worten: <\/span><span style=\"color: #000080;\">Das, was immer ist, in Ewigkeit, ist die Absolute unendliche Seinsheit, ist Gott. Ein Charakteristikum von Gott ist die Selbsterf\u00fcllung und Autarkie; ein anderes Charakteristikum von Gott ist das ewige Leben; und noch ein anderes Charakteristikum dieser unendlichen Seinsheit ist die absolute unendliche Selbstheit, die Selbstbewusstheit \u2013 in einem absoluten Zustand, der f\u00fcr die menschliche Intelligenz nicht verstehbar ist. Aus Lektion 16.6.1992\u00a0 &#8211; \u00a0 <span style=\"color: #008000;\"><a style=\"color: #008000;\" href=\"https:\/\/www.anikodrozdy.ch\/index.php\/joshua\/vorwort-die-natur-der-wahrheit-2\/\">Die Natur der Wahrheit<\/a><\/span><br \/>\n<\/span><\/p>\n<p><a href=\"https:\/\/www.anikodrozdy.ch\/wp-content\/uploads\/2015\/12\/23_3-13-086-2.jpg\"><img loading=\"lazy\" class=\" wp-image-1169 alignright\" src=\"https:\/\/www.anikodrozdy.ch\/wp-content\/uploads\/2015\/12\/23_3-13-086-2-300x206.jpg\" alt=\"Daskalos, Hans Henzi, Stelios 1990\" width=\"254\" height=\"175\" srcset=\"https:\/\/www.anikodrozdy.ch\/wp-content\/uploads\/2015\/12\/23_3-13-086-2-300x206.jpg 300w, https:\/\/www.anikodrozdy.ch\/wp-content\/uploads\/2015\/12\/23_3-13-086-2-1024x704.jpg 1024w\" sizes=\"(max-width: 254px) 100vw, 254px\" \/><\/a><\/p>\n<p><span style=\"color: #000080;\"><span style=\"color: #000080;\">Foto: 1990 Daskalos besucht mit seinem Enkel meinen Pflegevater Hans Henzi in Bern\u00a0<\/span> <\/span><\/p>\n<p><span style=\"color: #008000;\"><a style=\"color: #008000;\" href=\"https:\/\/www.anikodrozdy.ch\/index.php\/joshua-kapitel\/daskalos\/einleitung-2\/\">Einleitung &#8211; Buch Joshua<\/a><\/span><span style=\"color: #008000;\">\u00a0 \u00a0 \u00a0 \u00a0 \u00a0 \u00a0 \u00a0 <\/span><span style=\"color: #008000;\"><a style=\"color: #008000;\" href=\"https:\/\/www.anikodrozdy.ch\/index.php\/joshua-kapitel\/daskalos\/einleitung-2\/\">Das Christentum<\/a>\u00a0 \u00a0 \u00a0 \u00a0 \u00a0 \u00a0 \u00a0 \u00a0 \u00a0 \u00a0 \u00a0 \u00a0 \u00a0 \u00a0 \u00a0 \u00a0 \u00a0 \u00a0 \u00a0 \u00a0 \u00a0 \u00a0 \u00a0 \u00a0 \u00a0 \u00a0 \u00a0 \u00a0 \u00a0 \u00a0 \u00a0 \u00a0 \u00a0 \u00a0 \u00a0 \u00a0 \u00a0 \u00a0 \u00a0 \u00a0 \u00a0 \u00a0 \u00a0 \u00a0<a style=\"color: #008000;\" href=\"https:\/\/www.anikodrozdy.ch\/index.php\/ueber-m\/erste-begegnung-mit-daskalos\/\">Meine Erste Begegnung mit Daskalos<\/a><\/span><\/p>\n","protected":false},"excerpt":{"rendered":"<p>&nbsp; Weisheiten f\u00fcr jeden Tag Dr. Stylianos Atteshlis &#8211; 12.12.1912 &#8211; 26.8.1995\u00a0 \u00a0 &#8222;Daskalos war ein christlicher Mystiker und Heiler. Mehr als siebzig Jahre lang hat er gelehrt und versucht, die Menschen aus ihrem spirituellen D\u00e4mmerzustand aufzuwecken. Obwohl er stets &hellip; <a href=\"https:\/\/www.anikodrozdy.ch\/index.php\/joshua-kapitel\/daskalos\/\">Weiterlesen <span class=\"meta-nav\">&rarr;<\/span><\/a><\/p>\n","protected":false},"author":1,"featured_media":0,"parent":6254,"menu_order":0,"comment_status":"closed","ping_status":"closed","template":"onecolumn-page.php","meta":[],"_links":{"self":[{"href":"https:\/\/www.anikodrozdy.ch\/index.php\/wp-json\/wp\/v2\/pages\/932"}],"collection":[{"href":"https:\/\/www.anikodrozdy.ch\/index.php\/wp-json\/wp\/v2\/pages"}],"about":[{"href":"https:\/\/www.anikodrozdy.ch\/index.php\/wp-json\/wp\/v2\/types\/page"}],"author":[{"embeddable":true,"href":"https:\/\/www.anikodrozdy.ch\/index.php\/wp-json\/wp\/v2\/users\/1"}],"replies":[{"embeddable":true,"href":"https:\/\/www.anikodrozdy.ch\/index.php\/wp-json\/wp\/v2\/comments?post=932"}],"version-history":[{"count":100,"href":"https:\/\/www.anikodrozdy.ch\/index.php\/wp-json\/wp\/v2\/pages\/932\/revisions"}],"predecessor-version":[{"id":28870,"href":"https:\/\/www.anikodrozdy.ch\/index.php\/wp-json\/wp\/v2\/pages\/932\/revisions\/28870"}],"up":[{"embeddable":true,"href":"https:\/\/www.anikodrozdy.ch\/index.php\/wp-json\/wp\/v2\/pages\/6254"}],"wp:attachment":[{"href":"https:\/\/www.anikodrozdy.ch\/index.php\/wp-json\/wp\/v2\/media?parent=932"}],"curies":[{"name":"wp","href":"https:\/\/api.w.org\/{rel}","templated":true}]}}